{"id":1537,"date":"2021-02-09T15:39:42","date_gmt":"2025-03-25T10:59:33","guid":{"rendered":"https:\/\/www.inchimica.net\/product\/foams\/"},"modified":"2025-03-25T10:59:33","modified_gmt":"2025-03-25T10:59:33","slug":"foams","status":"publish","type":"product","link":"https:\/\/www.inchimica.net\/tr\/urun\/foams\/","title":{"rendered":"Foams"},"content":{"rendered":"<p><strong>K\u00d6P\u00dcK \u00dcR\u00dcNLER<\/strong>\u00a0\u2013 \u0130ki bile\u015fenli poli\u00fcretan k\u00f6p\u00fckler, h\u0131zla k\u00fcrlenir (1 dakika) ve hacimlerinin dokuz kat\u0131na kadar genle\u015firken b\u00fcz\u00fclme yapmaz. Su ge\u00e7irmez ve ate\u015fe dayan\u0131kl\u0131d\u0131r. 2K Poli\u00fcretan k\u00f6p\u00fckler, \u00f6zellikle otomotiv uygulamalar\u0131nda yal\u0131t\u0131m ve ses s\u00f6n\u00fcmleme ama\u00e7l\u0131 kullan\u0131lmaktad\u0131r.<\/p>\n<p>K\u00f6p\u00fckler a\u015fa\u011f\u0131daki ambalaj boyutlar\u0131nda mevcuttur: \u00c7ift kartu\u015flu: 50 ml, 200 ml, 400 ml 600 ml kapasiteli.<\/p>\n<p><a href=\"https:\/\/www.inchimica.net\/wp-content\/uploads\/tabella-foam.gif\"><img fetchpriority=\"high\" decoding=\"async\" class=\"alignnone wp-image-1311 size-full\" src=\"https:\/\/www.inchimica.net\/wp-content\/uploads\/tabella-foam.gif\" alt=\"\" width=\"704\" height=\"195\" \/><\/a><\/p>\n<div class='w3eden'><!-- WPDM Link Template: Default Template -->\n\n<div class=\"link-template-default card mb-2\">\n    <div class=\"card-body\">\n        <div class=\"media\">\n            <div class=\"mr-3 img-48\"><img decoding=\"async\" class=\"wpdm_icon\" alt=\"Icon\"   src=\"http:\/\/www.inchimica.net\/wp-content\/plugins\/download-manager\/assets\/file-type-icons\/download_box.png\" \/><\/div>\n            <div class=\"media-body\">\n                <h3 class=\"package-title\"><a href='https:\/\/www.inchimica.net\/tr\/download\/schiume-tds-msds\/'>Schiume TDS & MSDS<\/a><\/h3>\n                <div class=\"text-muted text-small\"><i class=\"fas fa-copy\"><\/i> 44 file(s) <i class=\"fas fa-hdd ml-3\"><\/i> 0<\/div>\n            <\/div>\n            <div class=\"ml-3\">\n                <a class='wpdm-download-link download-on-click btn btn-success btn-sm'  rel='nofollow' href='#' data-downloadurl=\"https:\/\/www.inchimica.net\/tr\/download\/schiume-tds-msds\/?wpdmdl=1318&refresh=69f0ecc8f26781777396936\">Download<\/a>\n            <\/div>\n        <\/div>\n    <\/div>\n<\/div>\n\n<\/div>\n","protected":false},"excerpt":{"rendered":"<p>K\u00d6P\u00dcK \u00dcR\u00dcNLER &#8211; iki par\u00e7al\u0131 \u00fcretan k\u00f6p\u00fckler h\u0131zl\u0131 k\u00fcrlenir (1 dakika), b\u00fcz\u00fclme olmadan hacim olarak dokuz kat geni\u015fler. Su ge\u00e7irmez ve yang\u0131n geciktiricidirler. 2-K PU k\u00f6p\u00fckler esas olarak otomotiv uygulamalar\u0131nda yal\u0131t\u0131m ve ses yal\u0131t\u0131m par\u00e7alar\u0131 i\u00e7in kullan\u0131l\u0131r. K\u00f6p\u00fckler a\u015fa\u011f\u0131daki ambalaj boyutlar\u0131nda mevcuttur: \u0130kili kartu\u015flar: 50 ml, 200 ml, 400 ml, 600 ml kapasiteli.<\/p>\n","protected":false},"featured_media":1538,"template":"","meta":{"_acf_changed":false,"inline_featured_image":false},"pwb-brand":[],"product_brand":[],"product_cat":[92],"product_tag":[],"class_list":{"0":"post-1537","1":"product","2":"type-product","3":"status-publish","4":"has-post-thumbnail","6":"product_cat-endustri","8":"first","9":"instock","10":"shipping-taxable","11":"product-type-simple"},"acf":[],"yoast_head":"<!-- This site is optimized with the Yoast SEO plugin v27.4 - https:\/\/yoast.com\/product\/yoast-seo-wordpress\/ -->\n<title>Foams - INCHIMICA<\/title>\n<meta name=\"robots\" content=\"index, follow, max-snippet:-1, max-image-preview:large, max-video-preview:-1\" \/>\n<link rel=\"canonical\" href=\"https:\/\/www.inchimica.net\/tr\/urun\/foams\/\" \/>\n<meta property=\"og:locale\" content=\"tr_TR\" \/>\n<meta property=\"og:type\" content=\"article\" \/>\n<meta property=\"og:title\" content=\"Foams - INCHIMICA\" \/>\n<meta property=\"og:description\" content=\"K\u00d6P\u00dcK \u00dcR\u00dcNLER - iki par\u00e7al\u0131 \u00fcretan k\u00f6p\u00fckler h\u0131zl\u0131 k\u00fcrlenir (1 dakika), b\u00fcz\u00fclme olmadan hacim olarak dokuz kat geni\u015fler. Su ge\u00e7irmez ve yang\u0131n geciktiricidirler. 2-K PU k\u00f6p\u00fckler esas olarak otomotiv uygulamalar\u0131nda yal\u0131t\u0131m ve ses yal\u0131t\u0131m par\u00e7alar\u0131 i\u00e7in kullan\u0131l\u0131r. K\u00f6p\u00fckler a\u015fa\u011f\u0131daki ambalaj boyutlar\u0131nda mevcuttur: \u0130kili kartu\u015flar: 50 ml, 200 ml, 400 ml, 600 ml kapasiteli.\" \/>\n<meta property=\"og:url\" content=\"https:\/\/www.inchimica.net\/tr\/urun\/foams\/\" \/>\n<meta property=\"og:site_name\" content=\"INCHIMICA\" \/>\n<meta property=\"og:image\" content=\"https:\/\/www.inchimica.net\/wp-content\/uploads\/FOAM.png\" \/>\n\t<meta property=\"og:image:width\" content=\"790\" \/>\n\t<meta property=\"og:image:height\" content=\"790\" \/>\n\t<meta property=\"og:image:type\" content=\"image\/png\" \/>\n<meta name=\"twitter:card\" content=\"summary_large_image\" \/>\n<script type=\"application\/ld+json\" class=\"yoast-schema-graph\">{\"@context\":\"https:\\\/\\\/schema.org\",\"@graph\":[{\"@type\":\"WebPage\",\"@id\":\"https:\\\/\\\/www.inchimica.net\\\/tr\\\/urun\\\/foams\\\/\",\"url\":\"https:\\\/\\\/www.inchimica.net\\\/tr\\\/urun\\\/foams\\\/\",\"name\":\"Foams - INCHIMICA\",\"isPartOf\":{\"@id\":\"https:\\\/\\\/www.inchimica.net\\\/tr\\\/#website\"},\"primaryImageOfPage\":{\"@id\":\"https:\\\/\\\/www.inchimica.net\\\/tr\\\/urun\\\/foams\\\/#primaryimage\"},\"image\":{\"@id\":\"https:\\\/\\\/www.inchimica.net\\\/tr\\\/urun\\\/foams\\\/#primaryimage\"},\"thumbnailUrl\":\"https:\\\/\\\/www.inchimica.net\\\/wp-content\\\/uploads\\\/FOAM.png\",\"datePublished\":\"2025-03-25T10:59:33+00:00\",\"breadcrumb\":{\"@id\":\"https:\\\/\\\/www.inchimica.net\\\/tr\\\/urun\\\/foams\\\/#breadcrumb\"},\"inLanguage\":\"tr\",\"potentialAction\":[{\"@type\":\"ReadAction\",\"target\":[\"https:\\\/\\\/www.inchimica.net\\\/tr\\\/urun\\\/foams\\\/\"]}]},{\"@type\":\"ImageObject\",\"inLanguage\":\"tr\",\"@id\":\"https:\\\/\\\/www.inchimica.net\\\/tr\\\/urun\\\/foams\\\/#primaryimage\",\"url\":\"https:\\\/\\\/www.inchimica.net\\\/wp-content\\\/uploads\\\/FOAM.png\",\"contentUrl\":\"https:\\\/\\\/www.inchimica.net\\\/wp-content\\\/uploads\\\/FOAM.png\",\"width\":790,\"height\":790},{\"@type\":\"BreadcrumbList\",\"@id\":\"https:\\\/\\\/www.inchimica.net\\\/tr\\\/urun\\\/foams\\\/#breadcrumb\",\"itemListElement\":[{\"@type\":\"ListItem\",\"position\":1,\"name\":\"Home\",\"item\":\"https:\\\/\\\/www.inchimica.net\\\/tr\\\/home\\\/\"},{\"@type\":\"ListItem\",\"position\":2,\"name\":\"\u00dcr\u00fcnler\",\"item\":\"https:\\\/\\\/www.inchimica.net\\\/urunler\\\/\"},{\"@type\":\"ListItem\",\"position\":3,\"name\":\"Foams\"}]},{\"@type\":\"WebSite\",\"@id\":\"https:\\\/\\\/www.inchimica.net\\\/tr\\\/#website\",\"url\":\"https:\\\/\\\/www.inchimica.net\\\/tr\\\/\",\"name\":\"INCHIMICA\",\"description\":\"Bonding and veterinary solutions\",\"publisher\":{\"@id\":\"https:\\\/\\\/www.inchimica.net\\\/tr\\\/#organization\"},\"potentialAction\":[{\"@type\":\"SearchAction\",\"target\":{\"@type\":\"EntryPoint\",\"urlTemplate\":\"https:\\\/\\\/www.inchimica.net\\\/tr\\\/?s={search_term_string}\"},\"query-input\":{\"@type\":\"PropertyValueSpecification\",\"valueRequired\":true,\"valueName\":\"search_term_string\"}}],\"inLanguage\":\"tr\"},{\"@type\":\"Organization\",\"@id\":\"https:\\\/\\\/www.inchimica.net\\\/tr\\\/#organization\",\"name\":\"INCHIMICA\",\"url\":\"https:\\\/\\\/www.inchimica.net\\\/tr\\\/\",\"logo\":{\"@type\":\"ImageObject\",\"inLanguage\":\"tr\",\"@id\":\"https:\\\/\\\/www.inchimica.net\\\/tr\\\/#\\\/schema\\\/logo\\\/image\\\/\",\"url\":\"https:\\\/\\\/www.inchimica.net\\\/wp-content\\\/uploads\\\/Raggruppa-287.svg\",\"contentUrl\":\"https:\\\/\\\/www.inchimica.net\\\/wp-content\\\/uploads\\\/Raggruppa-287.svg\",\"width\":1017,\"height\":257,\"caption\":\"INCHIMICA\"},\"image\":{\"@id\":\"https:\\\/\\\/www.inchimica.net\\\/tr\\\/#\\\/schema\\\/logo\\\/image\\\/\"}}]}<\/script>\n<!-- \/ Yoast SEO plugin. -->","yoast_head_json":{"title":"Foams - INCHIMICA","robots":{"index":"index","follow":"follow","max-snippet":"max-snippet:-1","max-image-preview":"max-image-preview:large","max-video-preview":"max-video-preview:-1"},"canonical":"https:\/\/www.inchimica.net\/tr\/urun\/foams\/","og_locale":"tr_TR","og_type":"article","og_title":"Foams - INCHIMICA","og_description":"K\u00d6P\u00dcK \u00dcR\u00dcNLER - iki par\u00e7al\u0131 \u00fcretan k\u00f6p\u00fckler h\u0131zl\u0131 k\u00fcrlenir (1 dakika), b\u00fcz\u00fclme olmadan hacim olarak dokuz kat geni\u015fler. Su ge\u00e7irmez ve yang\u0131n geciktiricidirler. 2-K PU k\u00f6p\u00fckler esas olarak otomotiv uygulamalar\u0131nda yal\u0131t\u0131m ve ses yal\u0131t\u0131m par\u00e7alar\u0131 i\u00e7in kullan\u0131l\u0131r. K\u00f6p\u00fckler a\u015fa\u011f\u0131daki ambalaj boyutlar\u0131nda mevcuttur: \u0130kili kartu\u015flar: 50 ml, 200 ml, 400 ml, 600 ml kapasiteli.","og_url":"https:\/\/www.inchimica.net\/tr\/urun\/foams\/","og_site_name":"INCHIMICA","og_image":[{"width":790,"height":790,"url":"https:\/\/www.inchimica.net\/wp-content\/uploads\/FOAM.png","type":"image\/png"}],"twitter_card":"summary_large_image","schema":{"@context":"https:\/\/schema.org","@graph":[{"@type":"WebPage","@id":"https:\/\/www.inchimica.net\/tr\/urun\/foams\/","url":"https:\/\/www.inchimica.net\/tr\/urun\/foams\/","name":"Foams - INCHIMICA","isPartOf":{"@id":"https:\/\/www.inchimica.net\/tr\/#website"},"primaryImageOfPage":{"@id":"https:\/\/www.inchimica.net\/tr\/urun\/foams\/#primaryimage"},"image":{"@id":"https:\/\/www.inchimica.net\/tr\/urun\/foams\/#primaryimage"},"thumbnailUrl":"https:\/\/www.inchimica.net\/wp-content\/uploads\/FOAM.png","datePublished":"2025-03-25T10:59:33+00:00","breadcrumb":{"@id":"https:\/\/www.inchimica.net\/tr\/urun\/foams\/#breadcrumb"},"inLanguage":"tr","potentialAction":[{"@type":"ReadAction","target":["https:\/\/www.inchimica.net\/tr\/urun\/foams\/"]}]},{"@type":"ImageObject","inLanguage":"tr","@id":"https:\/\/www.inchimica.net\/tr\/urun\/foams\/#primaryimage","url":"https:\/\/www.inchimica.net\/wp-content\/uploads\/FOAM.png","contentUrl":"https:\/\/www.inchimica.net\/wp-content\/uploads\/FOAM.png","width":790,"height":790},{"@type":"BreadcrumbList","@id":"https:\/\/www.inchimica.net\/tr\/urun\/foams\/#breadcrumb","itemListElement":[{"@type":"ListItem","position":1,"name":"Home","item":"https:\/\/www.inchimica.net\/tr\/home\/"},{"@type":"ListItem","position":2,"name":"\u00dcr\u00fcnler","item":"https:\/\/www.inchimica.net\/urunler\/"},{"@type":"ListItem","position":3,"name":"Foams"}]},{"@type":"WebSite","@id":"https:\/\/www.inchimica.net\/tr\/#website","url":"https:\/\/www.inchimica.net\/tr\/","name":"INCHIMICA","description":"Bonding and veterinary solutions","publisher":{"@id":"https:\/\/www.inchimica.net\/tr\/#organization"},"potentialAction":[{"@type":"SearchAction","target":{"@type":"EntryPoint","urlTemplate":"https:\/\/www.inchimica.net\/tr\/?s={search_term_string}"},"query-input":{"@type":"PropertyValueSpecification","valueRequired":true,"valueName":"search_term_string"}}],"inLanguage":"tr"},{"@type":"Organization","@id":"https:\/\/www.inchimica.net\/tr\/#organization","name":"INCHIMICA","url":"https:\/\/www.inchimica.net\/tr\/","logo":{"@type":"ImageObject","inLanguage":"tr","@id":"https:\/\/www.inchimica.net\/tr\/#\/schema\/logo\/image\/","url":"https:\/\/www.inchimica.net\/wp-content\/uploads\/Raggruppa-287.svg","contentUrl":"https:\/\/www.inchimica.net\/wp-content\/uploads\/Raggruppa-287.svg","width":1017,"height":257,"caption":"INCHIMICA"},"image":{"@id":"https:\/\/www.inchimica.net\/tr\/#\/schema\/logo\/image\/"}}]}},"brands":[],"_links":{"self":[{"href":"https:\/\/www.inchimica.net\/tr\/wp-json\/wp\/v2\/product\/1537","targetHints":{"allow":["GET"]}}],"collection":[{"href":"https:\/\/www.inchimica.net\/tr\/wp-json\/wp\/v2\/product"}],"about":[{"href":"https:\/\/www.inchimica.net\/tr\/wp-json\/wp\/v2\/types\/product"}],"wp:featuredmedia":[{"embeddable":true,"href":"https:\/\/www.inchimica.net\/tr\/wp-json\/wp\/v2\/media\/1538"}],"wp:attachment":[{"href":"https:\/\/www.inchimica.net\/tr\/wp-json\/wp\/v2\/media?parent=1537"}],"wp:term":[{"taxonomy":"pwb-brand","embeddable":true,"href":"https:\/\/www.inchimica.net\/tr\/wp-json\/wp\/v2\/pwb-brand?post=1537"},{"taxonomy":"product_brand","embeddable":true,"href":"https:\/\/www.inchimica.net\/tr\/wp-json\/wp\/v2\/product_brand?post=1537"},{"taxonomy":"product_cat","embeddable":true,"href":"https:\/\/www.inchimica.net\/tr\/wp-json\/wp\/v2\/product_cat?post=1537"},{"taxonomy":"product_tag","embeddable":true,"href":"https:\/\/www.inchimica.net\/tr\/wp-json\/wp\/v2\/product_tag?post=1537"}],"curies":[{"name":"wp","href":"https:\/\/api.w.org\/{rel}","templated":true}]}}