{"id":1532,"date":"2021-02-09T15:35:16","date_gmt":"2025-03-25T10:59:24","guid":{"rendered":"https:\/\/www.inchimica.net\/product\/yapistiricilar-dolgu-macunlari\/"},"modified":"2025-03-25T10:59:24","modified_gmt":"2025-03-25T10:59:24","slug":"yapistiricilar-dolgu-macunlari","status":"publish","type":"product","link":"https:\/\/www.inchimica.net\/tr\/urun\/yapistiricilar-dolgu-macunlari\/","title":{"rendered":"Yap\u0131\u015ft\u0131r\u0131c\u0131lar &#038; Dolgu Macunlar\u0131"},"content":{"rendered":"<p><strong>YAPI\u015eTIRICILAR &amp; DOLGU MALZEMELER\u0130<\/strong>\u00a0\u2013iki bile\u015fenli poli\u00fcretan yap\u0131\u015ft\u0131r\u0131c\u0131lar ve dolgu malzemeleri, plastikler (PU, ABS, EPDM, GRP, karbon fiber ve di\u011ferleri) ile metaller, ah\u015fap, beton, do\u011fal ta\u015flar ve seramik gibi \u00e7e\u015fitli malzemelerin yap\u0131\u015ft\u0131r\u0131lmas\u0131 ve onar\u0131lmas\u0131 i\u00e7in kullan\u0131lmaktad\u0131r.<\/p>\n<p>Yap\u0131\u015ft\u0131r\u0131c\u0131lar ve dolgu macunlar\u0131 a\u015fa\u011f\u0131daki kategoriler alt\u0131nda grupland\u0131r\u0131labilir:<\/p>\n<ul>\n<li>SERT \u2013 70 D &#8211; 80 D aras\u0131nda de\u011fi\u015fen sertlik<\/li>\n<li> YARISERT \u2013 40 D &#8211; 60 D aras\u0131nda de\u011fi\u015fen sertlik<\/li>\n<li>ESNEK \u2013 40 A \u2013 85 A aras\u0131nda de\u011fi\u015fen sertlik<\/li>\n<\/ul>\n<p>Yap\u0131\u015ft\u0131r\u0131c\u0131lar ve dolgu macunlar\u0131 a\u015fa\u011f\u0131daki ambalaj boyutlar\u0131nda mevcuttur: 1kg., 5kg., 25 kg., 200 kg. kapasiteli variller ve 50 ml, 200 ml, 400 ml, 600 ml kapasiteli ikili kartu\u015flar. <\/p>\n<p><a href=\"https:\/\/www.inchimica.net\/wp-content\/uploads\/tabella-adhesives.gif\"><img fetchpriority=\"high\" decoding=\"async\" class=\"alignnone wp-image-1305 size-full\" src=\"https:\/\/www.inchimica.net\/wp-content\/uploads\/tabella-adhesives.gif\" alt=\"\" width=\"704\" height=\"687\" \/><\/a><\/p>\n<p><div class='w3eden'><!-- WPDM Link Template: Default Template -->\n\n<div class=\"link-template-default card mb-2\">\n    <div class=\"card-body\">\n        <div class=\"media\">\n            <div class=\"mr-3 img-48\"><img decoding=\"async\" class=\"wpdm_icon\" alt=\"Icon\" src=\"https:\/\/www.inchimica.net\/wp-content\/plugins\/download-manager\/assets\/file-type-icons\/pdf.svg\" \/><\/div>\n            <div class=\"media-body\">\n                <h3 class=\"package-title\"><a href='https:\/\/www.inchimica.net\/tr\/download\/concrete-and-manteining\/'>Concrete and manteining<\/a><\/h3>\n                <div class=\"text-muted text-small\"><i class=\"fas fa-copy\"><\/i> 1 file(s) <i class=\"fas fa-hdd ml-3\"><\/i> 3.42 MB<\/div>\n            <\/div>\n            <div class=\"ml-3\">\n                <a class='wpdm-download-link download-on-click btn btn-success btn-sm'  rel='nofollow' href='#' data-downloadurl=\"https:\/\/www.inchimica.net\/tr\/download\/concrete-and-manteining\/?wpdmdl=1330&refresh=69f1017a987651777402234\">Download<\/a>\n            <\/div>\n        <\/div>\n    <\/div>\n<\/div>\n\n<\/div><div class='w3eden'><!-- WPDM Link Template: Default Template -->\n\n<div class=\"link-template-default card mb-2\">\n    <div class=\"card-body\">\n        <div class=\"media\">\n            <div class=\"mr-3 img-48\"><img decoding=\"async\" class=\"wpdm_icon\" alt=\"Icon\"   src=\"http:\/\/www.inchimica.net\/wp-content\/plugins\/download-manager\/assets\/file-type-icons\/download_box.png\" \/><\/div>\n            <div class=\"media-body\">\n                <h3 class=\"package-title\"><a href='https:\/\/www.inchimica.net\/tr\/download\/flexible-tds-msds-2\/'>Flexible TDS & MSDS<\/a><\/h3>\n                <div class=\"text-muted text-small\"><i class=\"fas fa-copy\"><\/i> 200 file(s) <i class=\"fas fa-hdd ml-3\"><\/i> 0<\/div>\n            <\/div>\n            <div class=\"ml-3\">\n                <a class='wpdm-download-link download-on-click btn btn-success btn-sm'  rel='nofollow' href='#' data-downloadurl=\"https:\/\/www.inchimica.net\/tr\/download\/flexible-tds-msds-2\/?wpdmdl=1320&refresh=69f1017ab4d9d1777402234\">Download<\/a>\n            <\/div>\n        <\/div>\n    <\/div>\n<\/div>\n\n<\/div><div class='w3eden'><!-- WPDM Link Template: Default Template -->\n\n<div class=\"link-template-default card mb-2\">\n    <div class=\"card-body\">\n        <div class=\"media\">\n            <div class=\"mr-3 img-48\"><img decoding=\"async\" class=\"wpdm_icon\" alt=\"Icon\"   src=\"http:\/\/www.inchimica.net\/wp-content\/plugins\/download-manager\/assets\/file-type-icons\/download_box.png\" \/><\/div>\n            <div class=\"media-body\">\n                <h3 class=\"package-title\"><a href='https:\/\/www.inchimica.net\/tr\/download\/semi-rigid-tds-msds\/'>Semi Rigid TDS & MSDS<\/a><\/h3>\n                <div class=\"text-muted text-small\"><i class=\"fas fa-copy\"><\/i> 38 file(s) <i class=\"fas fa-hdd ml-3\"><\/i> 0<\/div>\n            <\/div>\n            <div class=\"ml-3\">\n                <a class='wpdm-download-link download-on-click btn btn-success btn-sm'  rel='nofollow' href='#' data-downloadurl=\"https:\/\/www.inchimica.net\/tr\/download\/semi-rigid-tds-msds\/?wpdmdl=1321&refresh=69f1017ac4a031777402234\">Download<\/a>\n            <\/div>\n        <\/div>\n    <\/div>\n<\/div>\n\n<\/div><div class='w3eden'><!-- WPDM Link Template: Default Template -->\n\n<div class=\"link-template-default card mb-2\">\n    <div class=\"card-body\">\n        <div class=\"media\">\n            <div class=\"mr-3 img-48\"><img decoding=\"async\" class=\"wpdm_icon\" alt=\"Icon\"   src=\"http:\/\/www.inchimica.net\/wp-content\/plugins\/download-manager\/assets\/file-type-icons\/download_box.png\" \/><\/div>\n            <div class=\"media-body\">\n                <h3 class=\"package-title\"><a href='https:\/\/www.inchimica.net\/tr\/download\/rigid-tds-msds\/'>Rigid TDS & MSDS<\/a><\/h3>\n                <div class=\"text-muted text-small\"><i class=\"fas fa-copy\"><\/i> 453 file(s) <i class=\"fas fa-hdd ml-3\"><\/i> 0<\/div>\n            <\/div>\n            <div class=\"ml-3\">\n                <a class='wpdm-download-link download-on-click btn btn-success btn-sm'  rel='nofollow' href='#' data-downloadurl=\"https:\/\/www.inchimica.net\/tr\/download\/rigid-tds-msds\/?wpdmdl=1322&refresh=69f1017b1d45a1777402235\">Download<\/a>\n            <\/div>\n        <\/div>\n    <\/div>\n<\/div>\n\n<\/div><\/p>\n","protected":false},"excerpt":{"rendered":"<p>YAPI\u015eTIRICILAR &#038; DOLGU MALZEMELER\u0130\u2013iki bile\u015fenli poli\u00fcretan yap\u0131\u015ft\u0131r\u0131c\u0131lar ve dolgu malzemeleri, plastikler (PU, ABS, EPDM, GRP, karbon fiber ve di\u011ferleri) ile metaller, ah\u015fap, beton, do\u011fal ta\u015flar ve seramik gibi \u00e7e\u015fitli malzemelerin yap\u0131\u015ft\u0131r\u0131lmas\u0131 ve onar\u0131lmas\u0131 i\u00e7in kullan\u0131lmaktad\u0131r.<\/p>\n","protected":false},"featured_media":1533,"template":"","meta":{"_acf_changed":false,"inline_featured_image":false},"pwb-brand":[],"product_brand":[],"product_cat":[92],"product_tag":[],"class_list":{"0":"post-1532","1":"product","2":"type-product","3":"status-publish","4":"has-post-thumbnail","6":"product_cat-endustri","8":"first","9":"instock","10":"shipping-taxable","11":"product-type-simple"},"acf":[],"yoast_head":"<!-- This site is optimized with the Yoast SEO plugin v27.4 - https:\/\/yoast.com\/product\/yoast-seo-wordpress\/ -->\n<title>Yap\u0131\u015ft\u0131r\u0131c\u0131lar &amp; Dolgu Macunlar\u0131 - INCHIMICA<\/title>\n<meta name=\"robots\" content=\"index, follow, max-snippet:-1, max-image-preview:large, max-video-preview:-1\" \/>\n<link rel=\"canonical\" href=\"https:\/\/www.inchimica.net\/tr\/urun\/yapistiricilar-dolgu-macunlari\/\" \/>\n<meta property=\"og:locale\" content=\"tr_TR\" \/>\n<meta property=\"og:type\" content=\"article\" \/>\n<meta property=\"og:title\" content=\"Yap\u0131\u015ft\u0131r\u0131c\u0131lar &amp; Dolgu Macunlar\u0131 - INCHIMICA\" \/>\n<meta property=\"og:description\" content=\"YAPI\u015eTIRICILAR &amp; DOLGU MALZEMELER\u0130\u2013iki bile\u015fenli poli\u00fcretan yap\u0131\u015ft\u0131r\u0131c\u0131lar ve dolgu malzemeleri, plastikler (PU, ABS, EPDM, GRP, karbon fiber ve di\u011ferleri) ile metaller, ah\u015fap, beton, do\u011fal ta\u015flar ve seramik gibi \u00e7e\u015fitli malzemelerin yap\u0131\u015ft\u0131r\u0131lmas\u0131 ve onar\u0131lmas\u0131 i\u00e7in kullan\u0131lmaktad\u0131r.\" \/>\n<meta property=\"og:url\" content=\"https:\/\/www.inchimica.net\/tr\/urun\/yapistiricilar-dolgu-macunlari\/\" \/>\n<meta property=\"og:site_name\" content=\"INCHIMICA\" \/>\n<meta property=\"og:image\" content=\"https:\/\/www.inchimica.net\/wp-content\/uploads\/bonding.jpg\" \/>\n\t<meta property=\"og:image:width\" content=\"788\" \/>\n\t<meta property=\"og:image:height\" content=\"789\" \/>\n\t<meta property=\"og:image:type\" content=\"image\/jpeg\" \/>\n<meta name=\"twitter:card\" content=\"summary_large_image\" \/>\n<meta name=\"twitter:label1\" content=\"Tahmini okuma s\u00fcresi\" \/>\n\t<meta name=\"twitter:data1\" content=\"1 dakika\" \/>\n<script type=\"application\/ld+json\" class=\"yoast-schema-graph\">{\"@context\":\"https:\\\/\\\/schema.org\",\"@graph\":[{\"@type\":\"WebPage\",\"@id\":\"https:\\\/\\\/www.inchimica.net\\\/tr\\\/urun\\\/yapistiricilar-dolgu-macunlari\\\/\",\"url\":\"https:\\\/\\\/www.inchimica.net\\\/tr\\\/urun\\\/yapistiricilar-dolgu-macunlari\\\/\",\"name\":\"Yap\u0131\u015ft\u0131r\u0131c\u0131lar & Dolgu Macunlar\u0131 - INCHIMICA\",\"isPartOf\":{\"@id\":\"https:\\\/\\\/www.inchimica.net\\\/tr\\\/#website\"},\"primaryImageOfPage\":{\"@id\":\"https:\\\/\\\/www.inchimica.net\\\/tr\\\/urun\\\/yapistiricilar-dolgu-macunlari\\\/#primaryimage\"},\"image\":{\"@id\":\"https:\\\/\\\/www.inchimica.net\\\/tr\\\/urun\\\/yapistiricilar-dolgu-macunlari\\\/#primaryimage\"},\"thumbnailUrl\":\"https:\\\/\\\/www.inchimica.net\\\/wp-content\\\/uploads\\\/bonding.jpg\",\"datePublished\":\"2025-03-25T10:59:24+00:00\",\"breadcrumb\":{\"@id\":\"https:\\\/\\\/www.inchimica.net\\\/tr\\\/urun\\\/yapistiricilar-dolgu-macunlari\\\/#breadcrumb\"},\"inLanguage\":\"tr\",\"potentialAction\":[{\"@type\":\"ReadAction\",\"target\":[\"https:\\\/\\\/www.inchimica.net\\\/tr\\\/urun\\\/yapistiricilar-dolgu-macunlari\\\/\"]}]},{\"@type\":\"ImageObject\",\"inLanguage\":\"tr\",\"@id\":\"https:\\\/\\\/www.inchimica.net\\\/tr\\\/urun\\\/yapistiricilar-dolgu-macunlari\\\/#primaryimage\",\"url\":\"https:\\\/\\\/www.inchimica.net\\\/wp-content\\\/uploads\\\/bonding.jpg\",\"contentUrl\":\"https:\\\/\\\/www.inchimica.net\\\/wp-content\\\/uploads\\\/bonding.jpg\",\"width\":788,\"height\":789},{\"@type\":\"BreadcrumbList\",\"@id\":\"https:\\\/\\\/www.inchimica.net\\\/tr\\\/urun\\\/yapistiricilar-dolgu-macunlari\\\/#breadcrumb\",\"itemListElement\":[{\"@type\":\"ListItem\",\"position\":1,\"name\":\"Home\",\"item\":\"https:\\\/\\\/www.inchimica.net\\\/tr\\\/home\\\/\"},{\"@type\":\"ListItem\",\"position\":2,\"name\":\"\u00dcr\u00fcnler\",\"item\":\"https:\\\/\\\/www.inchimica.net\\\/urunler\\\/\"},{\"@type\":\"ListItem\",\"position\":3,\"name\":\"Yap\u0131\u015ft\u0131r\u0131c\u0131lar &#038; Dolgu Macunlar\u0131\"}]},{\"@type\":\"WebSite\",\"@id\":\"https:\\\/\\\/www.inchimica.net\\\/tr\\\/#website\",\"url\":\"https:\\\/\\\/www.inchimica.net\\\/tr\\\/\",\"name\":\"INCHIMICA\",\"description\":\"Bonding and veterinary solutions\",\"publisher\":{\"@id\":\"https:\\\/\\\/www.inchimica.net\\\/tr\\\/#organization\"},\"potentialAction\":[{\"@type\":\"SearchAction\",\"target\":{\"@type\":\"EntryPoint\",\"urlTemplate\":\"https:\\\/\\\/www.inchimica.net\\\/tr\\\/?s={search_term_string}\"},\"query-input\":{\"@type\":\"PropertyValueSpecification\",\"valueRequired\":true,\"valueName\":\"search_term_string\"}}],\"inLanguage\":\"tr\"},{\"@type\":\"Organization\",\"@id\":\"https:\\\/\\\/www.inchimica.net\\\/tr\\\/#organization\",\"name\":\"INCHIMICA\",\"url\":\"https:\\\/\\\/www.inchimica.net\\\/tr\\\/\",\"logo\":{\"@type\":\"ImageObject\",\"inLanguage\":\"tr\",\"@id\":\"https:\\\/\\\/www.inchimica.net\\\/tr\\\/#\\\/schema\\\/logo\\\/image\\\/\",\"url\":\"https:\\\/\\\/www.inchimica.net\\\/wp-content\\\/uploads\\\/Raggruppa-287.svg\",\"contentUrl\":\"https:\\\/\\\/www.inchimica.net\\\/wp-content\\\/uploads\\\/Raggruppa-287.svg\",\"width\":1017,\"height\":257,\"caption\":\"INCHIMICA\"},\"image\":{\"@id\":\"https:\\\/\\\/www.inchimica.net\\\/tr\\\/#\\\/schema\\\/logo\\\/image\\\/\"}}]}<\/script>\n<!-- \/ Yoast SEO plugin. -->","yoast_head_json":{"title":"Yap\u0131\u015ft\u0131r\u0131c\u0131lar & Dolgu Macunlar\u0131 - INCHIMICA","robots":{"index":"index","follow":"follow","max-snippet":"max-snippet:-1","max-image-preview":"max-image-preview:large","max-video-preview":"max-video-preview:-1"},"canonical":"https:\/\/www.inchimica.net\/tr\/urun\/yapistiricilar-dolgu-macunlari\/","og_locale":"tr_TR","og_type":"article","og_title":"Yap\u0131\u015ft\u0131r\u0131c\u0131lar & Dolgu Macunlar\u0131 - INCHIMICA","og_description":"YAPI\u015eTIRICILAR & DOLGU MALZEMELER\u0130\u2013iki bile\u015fenli poli\u00fcretan yap\u0131\u015ft\u0131r\u0131c\u0131lar ve dolgu malzemeleri, plastikler (PU, ABS, EPDM, GRP, karbon fiber ve di\u011ferleri) ile metaller, ah\u015fap, beton, do\u011fal ta\u015flar ve seramik gibi \u00e7e\u015fitli malzemelerin yap\u0131\u015ft\u0131r\u0131lmas\u0131 ve onar\u0131lmas\u0131 i\u00e7in kullan\u0131lmaktad\u0131r.","og_url":"https:\/\/www.inchimica.net\/tr\/urun\/yapistiricilar-dolgu-macunlari\/","og_site_name":"INCHIMICA","og_image":[{"width":788,"height":789,"url":"https:\/\/www.inchimica.net\/wp-content\/uploads\/bonding.jpg","type":"image\/jpeg"}],"twitter_card":"summary_large_image","twitter_misc":{"Tahmini okuma s\u00fcresi":"1 dakika"},"schema":{"@context":"https:\/\/schema.org","@graph":[{"@type":"WebPage","@id":"https:\/\/www.inchimica.net\/tr\/urun\/yapistiricilar-dolgu-macunlari\/","url":"https:\/\/www.inchimica.net\/tr\/urun\/yapistiricilar-dolgu-macunlari\/","name":"Yap\u0131\u015ft\u0131r\u0131c\u0131lar & Dolgu Macunlar\u0131 - INCHIMICA","isPartOf":{"@id":"https:\/\/www.inchimica.net\/tr\/#website"},"primaryImageOfPage":{"@id":"https:\/\/www.inchimica.net\/tr\/urun\/yapistiricilar-dolgu-macunlari\/#primaryimage"},"image":{"@id":"https:\/\/www.inchimica.net\/tr\/urun\/yapistiricilar-dolgu-macunlari\/#primaryimage"},"thumbnailUrl":"https:\/\/www.inchimica.net\/wp-content\/uploads\/bonding.jpg","datePublished":"2025-03-25T10:59:24+00:00","breadcrumb":{"@id":"https:\/\/www.inchimica.net\/tr\/urun\/yapistiricilar-dolgu-macunlari\/#breadcrumb"},"inLanguage":"tr","potentialAction":[{"@type":"ReadAction","target":["https:\/\/www.inchimica.net\/tr\/urun\/yapistiricilar-dolgu-macunlari\/"]}]},{"@type":"ImageObject","inLanguage":"tr","@id":"https:\/\/www.inchimica.net\/tr\/urun\/yapistiricilar-dolgu-macunlari\/#primaryimage","url":"https:\/\/www.inchimica.net\/wp-content\/uploads\/bonding.jpg","contentUrl":"https:\/\/www.inchimica.net\/wp-content\/uploads\/bonding.jpg","width":788,"height":789},{"@type":"BreadcrumbList","@id":"https:\/\/www.inchimica.net\/tr\/urun\/yapistiricilar-dolgu-macunlari\/#breadcrumb","itemListElement":[{"@type":"ListItem","position":1,"name":"Home","item":"https:\/\/www.inchimica.net\/tr\/home\/"},{"@type":"ListItem","position":2,"name":"\u00dcr\u00fcnler","item":"https:\/\/www.inchimica.net\/urunler\/"},{"@type":"ListItem","position":3,"name":"Yap\u0131\u015ft\u0131r\u0131c\u0131lar &#038; Dolgu Macunlar\u0131"}]},{"@type":"WebSite","@id":"https:\/\/www.inchimica.net\/tr\/#website","url":"https:\/\/www.inchimica.net\/tr\/","name":"INCHIMICA","description":"Bonding and veterinary solutions","publisher":{"@id":"https:\/\/www.inchimica.net\/tr\/#organization"},"potentialAction":[{"@type":"SearchAction","target":{"@type":"EntryPoint","urlTemplate":"https:\/\/www.inchimica.net\/tr\/?s={search_term_string}"},"query-input":{"@type":"PropertyValueSpecification","valueRequired":true,"valueName":"search_term_string"}}],"inLanguage":"tr"},{"@type":"Organization","@id":"https:\/\/www.inchimica.net\/tr\/#organization","name":"INCHIMICA","url":"https:\/\/www.inchimica.net\/tr\/","logo":{"@type":"ImageObject","inLanguage":"tr","@id":"https:\/\/www.inchimica.net\/tr\/#\/schema\/logo\/image\/","url":"https:\/\/www.inchimica.net\/wp-content\/uploads\/Raggruppa-287.svg","contentUrl":"https:\/\/www.inchimica.net\/wp-content\/uploads\/Raggruppa-287.svg","width":1017,"height":257,"caption":"INCHIMICA"},"image":{"@id":"https:\/\/www.inchimica.net\/tr\/#\/schema\/logo\/image\/"}}]}},"brands":[],"_links":{"self":[{"href":"https:\/\/www.inchimica.net\/tr\/wp-json\/wp\/v2\/product\/1532","targetHints":{"allow":["GET"]}}],"collection":[{"href":"https:\/\/www.inchimica.net\/tr\/wp-json\/wp\/v2\/product"}],"about":[{"href":"https:\/\/www.inchimica.net\/tr\/wp-json\/wp\/v2\/types\/product"}],"wp:featuredmedia":[{"embeddable":true,"href":"https:\/\/www.inchimica.net\/tr\/wp-json\/wp\/v2\/media\/1533"}],"wp:attachment":[{"href":"https:\/\/www.inchimica.net\/tr\/wp-json\/wp\/v2\/media?parent=1532"}],"wp:term":[{"taxonomy":"pwb-brand","embeddable":true,"href":"https:\/\/www.inchimica.net\/tr\/wp-json\/wp\/v2\/pwb-brand?post=1532"},{"taxonomy":"product_brand","embeddable":true,"href":"https:\/\/www.inchimica.net\/tr\/wp-json\/wp\/v2\/product_brand?post=1532"},{"taxonomy":"product_cat","embeddable":true,"href":"https:\/\/www.inchimica.net\/tr\/wp-json\/wp\/v2\/product_cat?post=1532"},{"taxonomy":"product_tag","embeddable":true,"href":"https:\/\/www.inchimica.net\/tr\/wp-json\/wp\/v2\/product_tag?post=1532"}],"curies":[{"name":"wp","href":"https:\/\/api.w.org\/{rel}","templated":true}]}}