{"id":1529,"date":"2021-01-22T08:29:44","date_gmt":"2025-03-25T10:59:02","guid":{"rendered":"https:\/\/www.inchimica.net\/product\/50-ml-kartuslar-icin-kare-karistiricilar\/"},"modified":"2025-03-25T10:59:02","modified_gmt":"2025-03-25T10:59:02","slug":"50-ml-kartuslar-icin-kare-karistiricilar","status":"publish","type":"product","link":"https:\/\/www.inchimica.net\/tr\/urun\/50-ml-kartuslar-icin-kare-karistiricilar\/","title":{"rendered":"50 ml kartu\u015flar i\u00e7in kare kar\u0131\u015ft\u0131r\u0131c\u0131lar"},"content":{"rendered":"","protected":false},"excerpt":{"rendered":"","protected":false},"featured_media":1530,"template":"","meta":{"_acf_changed":false,"inline_featured_image":false},"pwb-brand":[],"product_brand":[],"product_cat":[91],"product_tag":[],"class_list":{"0":"post-1529","1":"product","2":"type-product","3":"status-publish","4":"has-post-thumbnail","6":"product_cat-yardimci-ekipmanlar","8":"first","9":"instock","10":"shipping-taxable","11":"product-type-simple"},"acf":[],"yoast_head":"<!-- This site is optimized with the Yoast SEO plugin v24.7 - https:\/\/yoast.com\/wordpress\/plugins\/seo\/ -->\n<title>50 ml kartu\u015flar i\u00e7in kare kar\u0131\u015ft\u0131r\u0131c\u0131lar - INCHIMICA<\/title>\n<meta name=\"robots\" content=\"index, follow, max-snippet:-1, max-image-preview:large, max-video-preview:-1\" \/>\n<link rel=\"canonical\" href=\"https:\/\/www.inchimica.net\/tr\/urun\/50-ml-kartuslar-icin-kare-karistiricilar\/\" \/>\n<meta property=\"og:locale\" content=\"tr_TR\" \/>\n<meta property=\"og:type\" content=\"article\" \/>\n<meta property=\"og:title\" content=\"50 ml kartu\u015flar i\u00e7in kare kar\u0131\u015ft\u0131r\u0131c\u0131lar - INCHIMICA\" \/>\n<meta property=\"og:url\" content=\"https:\/\/www.inchimica.net\/tr\/urun\/50-ml-kartuslar-icin-kare-karistiricilar\/\" \/>\n<meta property=\"og:site_name\" content=\"INCHIMICA\" \/>\n<meta property=\"og:image\" content=\"https:\/\/www.inchimica.net\/wp-content\/uploads\/08.jpg\" \/>\n\t<meta property=\"og:image:width\" content=\"1600\" \/>\n\t<meta property=\"og:image:height\" content=\"1600\" \/>\n\t<meta property=\"og:image:type\" content=\"image\/jpeg\" \/>\n<meta name=\"twitter:card\" content=\"summary_large_image\" \/>\n<script type=\"application\/ld+json\" class=\"yoast-schema-graph\">{\"@context\":\"https:\/\/schema.org\",\"@graph\":[{\"@type\":\"WebPage\",\"@id\":\"https:\/\/www.inchimica.net\/tr\/urun\/50-ml-kartuslar-icin-kare-karistiricilar\/\",\"url\":\"https:\/\/www.inchimica.net\/tr\/urun\/50-ml-kartuslar-icin-kare-karistiricilar\/\",\"name\":\"50 ml kartu\u015flar i\u00e7in kare kar\u0131\u015ft\u0131r\u0131c\u0131lar - INCHIMICA\",\"isPartOf\":{\"@id\":\"https:\/\/www.inchimica.net\/tr\/#website\"},\"primaryImageOfPage\":{\"@id\":\"https:\/\/www.inchimica.net\/tr\/urun\/50-ml-kartuslar-icin-kare-karistiricilar\/#primaryimage\"},\"image\":{\"@id\":\"https:\/\/www.inchimica.net\/tr\/urun\/50-ml-kartuslar-icin-kare-karistiricilar\/#primaryimage\"},\"thumbnailUrl\":\"https:\/\/www.inchimica.net\/wp-content\/uploads\/08.jpg\",\"datePublished\":\"2025-03-25T10:59:02+00:00\",\"breadcrumb\":{\"@id\":\"https:\/\/www.inchimica.net\/tr\/urun\/50-ml-kartuslar-icin-kare-karistiricilar\/#breadcrumb\"},\"inLanguage\":\"tr\",\"potentialAction\":[{\"@type\":\"ReadAction\",\"target\":[\"https:\/\/www.inchimica.net\/tr\/urun\/50-ml-kartuslar-icin-kare-karistiricilar\/\"]}]},{\"@type\":\"ImageObject\",\"inLanguage\":\"tr\",\"@id\":\"https:\/\/www.inchimica.net\/tr\/urun\/50-ml-kartuslar-icin-kare-karistiricilar\/#primaryimage\",\"url\":\"https:\/\/www.inchimica.net\/wp-content\/uploads\/08.jpg\",\"contentUrl\":\"https:\/\/www.inchimica.net\/wp-content\/uploads\/08.jpg\",\"width\":1600,\"height\":1600},{\"@type\":\"BreadcrumbList\",\"@id\":\"https:\/\/www.inchimica.net\/tr\/urun\/50-ml-kartuslar-icin-kare-karistiricilar\/#breadcrumb\",\"itemListElement\":[{\"@type\":\"ListItem\",\"position\":1,\"name\":\"Home\",\"item\":\"https:\/\/www.inchimica.net\/tr\/home\/\"},{\"@type\":\"ListItem\",\"position\":2,\"name\":\"\u00dcr\u00fcnler\",\"item\":\"https:\/\/www.inchimica.net\/urunler\/\"},{\"@type\":\"ListItem\",\"position\":3,\"name\":\"50 ml kartu\u015flar i\u00e7in kare kar\u0131\u015ft\u0131r\u0131c\u0131lar\"}]},{\"@type\":\"WebSite\",\"@id\":\"https:\/\/www.inchimica.net\/tr\/#website\",\"url\":\"https:\/\/www.inchimica.net\/tr\/\",\"name\":\"INCHIMICA\",\"description\":\"Bonding and veterinary solutions\",\"publisher\":{\"@id\":\"https:\/\/www.inchimica.net\/tr\/#organization\"},\"potentialAction\":[{\"@type\":\"SearchAction\",\"target\":{\"@type\":\"EntryPoint\",\"urlTemplate\":\"https:\/\/www.inchimica.net\/tr\/?s={search_term_string}\"},\"query-input\":{\"@type\":\"PropertyValueSpecification\",\"valueRequired\":true,\"valueName\":\"search_term_string\"}}],\"inLanguage\":\"tr\"},{\"@type\":\"Organization\",\"@id\":\"https:\/\/www.inchimica.net\/tr\/#organization\",\"name\":\"INCHIMICA\",\"url\":\"https:\/\/www.inchimica.net\/tr\/\",\"logo\":{\"@type\":\"ImageObject\",\"inLanguage\":\"tr\",\"@id\":\"https:\/\/www.inchimica.net\/tr\/#\/schema\/logo\/image\/\",\"url\":\"https:\/\/www.inchimica.net\/wp-content\/uploads\/Raggruppa-287.svg\",\"contentUrl\":\"https:\/\/www.inchimica.net\/wp-content\/uploads\/Raggruppa-287.svg\",\"width\":1017,\"height\":257,\"caption\":\"INCHIMICA\"},\"image\":{\"@id\":\"https:\/\/www.inchimica.net\/tr\/#\/schema\/logo\/image\/\"}}]}<\/script>\n<!-- \/ Yoast SEO plugin. -->","yoast_head_json":{"title":"50 ml kartu\u015flar i\u00e7in kare kar\u0131\u015ft\u0131r\u0131c\u0131lar - INCHIMICA","robots":{"index":"index","follow":"follow","max-snippet":"max-snippet:-1","max-image-preview":"max-image-preview:large","max-video-preview":"max-video-preview:-1"},"canonical":"https:\/\/www.inchimica.net\/tr\/urun\/50-ml-kartuslar-icin-kare-karistiricilar\/","og_locale":"tr_TR","og_type":"article","og_title":"50 ml kartu\u015flar i\u00e7in kare kar\u0131\u015ft\u0131r\u0131c\u0131lar - INCHIMICA","og_url":"https:\/\/www.inchimica.net\/tr\/urun\/50-ml-kartuslar-icin-kare-karistiricilar\/","og_site_name":"INCHIMICA","og_image":[{"width":1600,"height":1600,"url":"https:\/\/www.inchimica.net\/wp-content\/uploads\/08.jpg","type":"image\/jpeg"}],"twitter_card":"summary_large_image","schema":{"@context":"https:\/\/schema.org","@graph":[{"@type":"WebPage","@id":"https:\/\/www.inchimica.net\/tr\/urun\/50-ml-kartuslar-icin-kare-karistiricilar\/","url":"https:\/\/www.inchimica.net\/tr\/urun\/50-ml-kartuslar-icin-kare-karistiricilar\/","name":"50 ml kartu\u015flar i\u00e7in kare kar\u0131\u015ft\u0131r\u0131c\u0131lar - INCHIMICA","isPartOf":{"@id":"https:\/\/www.inchimica.net\/tr\/#website"},"primaryImageOfPage":{"@id":"https:\/\/www.inchimica.net\/tr\/urun\/50-ml-kartuslar-icin-kare-karistiricilar\/#primaryimage"},"image":{"@id":"https:\/\/www.inchimica.net\/tr\/urun\/50-ml-kartuslar-icin-kare-karistiricilar\/#primaryimage"},"thumbnailUrl":"https:\/\/www.inchimica.net\/wp-content\/uploads\/08.jpg","datePublished":"2025-03-25T10:59:02+00:00","breadcrumb":{"@id":"https:\/\/www.inchimica.net\/tr\/urun\/50-ml-kartuslar-icin-kare-karistiricilar\/#breadcrumb"},"inLanguage":"tr","potentialAction":[{"@type":"ReadAction","target":["https:\/\/www.inchimica.net\/tr\/urun\/50-ml-kartuslar-icin-kare-karistiricilar\/"]}]},{"@type":"ImageObject","inLanguage":"tr","@id":"https:\/\/www.inchimica.net\/tr\/urun\/50-ml-kartuslar-icin-kare-karistiricilar\/#primaryimage","url":"https:\/\/www.inchimica.net\/wp-content\/uploads\/08.jpg","contentUrl":"https:\/\/www.inchimica.net\/wp-content\/uploads\/08.jpg","width":1600,"height":1600},{"@type":"BreadcrumbList","@id":"https:\/\/www.inchimica.net\/tr\/urun\/50-ml-kartuslar-icin-kare-karistiricilar\/#breadcrumb","itemListElement":[{"@type":"ListItem","position":1,"name":"Home","item":"https:\/\/www.inchimica.net\/tr\/home\/"},{"@type":"ListItem","position":2,"name":"\u00dcr\u00fcnler","item":"https:\/\/www.inchimica.net\/urunler\/"},{"@type":"ListItem","position":3,"name":"50 ml kartu\u015flar i\u00e7in kare kar\u0131\u015ft\u0131r\u0131c\u0131lar"}]},{"@type":"WebSite","@id":"https:\/\/www.inchimica.net\/tr\/#website","url":"https:\/\/www.inchimica.net\/tr\/","name":"INCHIMICA","description":"Bonding and veterinary solutions","publisher":{"@id":"https:\/\/www.inchimica.net\/tr\/#organization"},"potentialAction":[{"@type":"SearchAction","target":{"@type":"EntryPoint","urlTemplate":"https:\/\/www.inchimica.net\/tr\/?s={search_term_string}"},"query-input":{"@type":"PropertyValueSpecification","valueRequired":true,"valueName":"search_term_string"}}],"inLanguage":"tr"},{"@type":"Organization","@id":"https:\/\/www.inchimica.net\/tr\/#organization","name":"INCHIMICA","url":"https:\/\/www.inchimica.net\/tr\/","logo":{"@type":"ImageObject","inLanguage":"tr","@id":"https:\/\/www.inchimica.net\/tr\/#\/schema\/logo\/image\/","url":"https:\/\/www.inchimica.net\/wp-content\/uploads\/Raggruppa-287.svg","contentUrl":"https:\/\/www.inchimica.net\/wp-content\/uploads\/Raggruppa-287.svg","width":1017,"height":257,"caption":"INCHIMICA"},"image":{"@id":"https:\/\/www.inchimica.net\/tr\/#\/schema\/logo\/image\/"}}]}},"brands":[],"_links":{"self":[{"href":"https:\/\/www.inchimica.net\/tr\/wp-json\/wp\/v2\/product\/1529","targetHints":{"allow":["GET"]}}],"collection":[{"href":"https:\/\/www.inchimica.net\/tr\/wp-json\/wp\/v2\/product"}],"about":[{"href":"https:\/\/www.inchimica.net\/tr\/wp-json\/wp\/v2\/types\/product"}],"wp:featuredmedia":[{"embeddable":true,"href":"https:\/\/www.inchimica.net\/tr\/wp-json\/wp\/v2\/media\/1530"}],"wp:attachment":[{"href":"https:\/\/www.inchimica.net\/tr\/wp-json\/wp\/v2\/media?parent=1529"}],"wp:term":[{"taxonomy":"pwb-brand","embeddable":true,"href":"https:\/\/www.inchimica.net\/tr\/wp-json\/wp\/v2\/pwb-brand?post=1529"},{"taxonomy":"product_brand","embeddable":true,"href":"https:\/\/www.inchimica.net\/tr\/wp-json\/wp\/v2\/product_brand?post=1529"},{"taxonomy":"product_cat","embeddable":true,"href":"https:\/\/www.inchimica.net\/tr\/wp-json\/wp\/v2\/product_cat?post=1529"},{"taxonomy":"product_tag","embeddable":true,"href":"https:\/\/www.inchimica.net\/tr\/wp-json\/wp\/v2\/product_tag?post=1529"}],"curies":[{"name":"wp","href":"https:\/\/api.w.org\/{rel}","templated":true}]}}