{"id":1522,"date":"2021-01-22T08:26:01","date_gmt":"2025-03-25T10:57:44","guid":{"rendered":"https:\/\/www.inchimica.net\/product\/178-ve-20-ml-kartuslar-icin-metal-uygulayici\/"},"modified":"2025-03-25T10:57:44","modified_gmt":"2025-03-25T10:57:44","slug":"178-ve-20-ml-kartuslar-icin-metal-uygulayici","status":"publish","type":"product","link":"https:\/\/www.inchimica.net\/tr\/urun\/178-ve-20-ml-kartuslar-icin-metal-uygulayici\/","title":{"rendered":"178 ve 20 ml kartu\u015flar i\u00e7in metal uygulay\u0131c\u0131"},"content":{"rendered":"<p>200 ml ve 178 ml kartu\u015flar i\u00e7in uygulama tabancas\u0131 (l\u00fctfen 200 ml ve 178 ml kartu\u015flar i\u00e7in uygulama tabancalar\u0131n\u0131n farkl\u0131 oldu\u011funu, birinin di\u011ferine uymad\u0131\u011f\u0131n\u0131 unutmay\u0131n)<\/p>\n","protected":false},"excerpt":{"rendered":"<p>200 ml ve 178 ml kartu\u015flar i\u00e7in uygulama tabancas\u0131 (l\u00fctfen 200 ml ve 178 ml kartu\u015flar i\u00e7in uygulama tabancalar\u0131n\u0131n farkl\u0131 oldu\u011funu, birinin di\u011ferine uymad\u0131\u011f\u0131n\u0131 unutmay\u0131n)<\/p>\n","protected":false},"featured_media":881,"template":"","meta":{"_acf_changed":false,"inline_featured_image":false},"pwb-brand":[31,32,30],"product_brand":[],"product_cat":[88,89,90,91],"product_tag":[],"class_list":{"0":"post-1522","1":"product","2":"type-product","3":"status-publish","4":"has-post-thumbnail","6":"pwb-brand-bovimix","7":"pwb-brand-equimix","8":"pwb-brand-polymix","9":"product_cat-atlar","10":"product_cat-hayvan-bakim","11":"product_cat-inekler","12":"product_cat-yardimci-ekipmanlar","14":"first","15":"instock","16":"shipping-taxable","17":"product-type-simple"},"acf":[],"yoast_head":"<!-- This site is optimized with the Yoast SEO plugin v24.7 - https:\/\/yoast.com\/wordpress\/plugins\/seo\/ -->\n<title>178 ve 20 ml kartu\u015flar i\u00e7in metal uygulay\u0131c\u0131 - INCHIMICA<\/title>\n<meta name=\"robots\" content=\"index, follow, max-snippet:-1, max-image-preview:large, max-video-preview:-1\" \/>\n<link rel=\"canonical\" href=\"https:\/\/www.inchimica.net\/tr\/urun\/178-ve-20-ml-kartuslar-icin-metal-uygulayici\/\" \/>\n<meta property=\"og:locale\" content=\"tr_TR\" \/>\n<meta property=\"og:type\" content=\"article\" \/>\n<meta property=\"og:title\" content=\"178 ve 20 ml kartu\u015flar i\u00e7in metal uygulay\u0131c\u0131 - INCHIMICA\" \/>\n<meta property=\"og:description\" content=\"200 ml ve 178 ml kartu\u015flar i\u00e7in uygulama tabancas\u0131 (l\u00fctfen 200 ml ve 178 ml kartu\u015flar i\u00e7in uygulama tabancalar\u0131n\u0131n farkl\u0131 oldu\u011funu, birinin di\u011ferine uymad\u0131\u011f\u0131n\u0131 unutmay\u0131n)\" \/>\n<meta property=\"og:url\" content=\"https:\/\/www.inchimica.net\/tr\/urun\/178-ve-20-ml-kartuslar-icin-metal-uygulayici\/\" \/>\n<meta property=\"og:site_name\" content=\"INCHIMICA\" \/>\n<meta property=\"og:image\" content=\"https:\/\/www.inchimica.net\/wp-content\/uploads\/PPL-inchimica.jpg\" \/>\n\t<meta property=\"og:image:width\" content=\"1200\" \/>\n\t<meta property=\"og:image:height\" content=\"628\" \/>\n\t<meta property=\"og:image:type\" content=\"image\/jpeg\" \/>\n<meta name=\"twitter:card\" content=\"summary_large_image\" \/>\n<script type=\"application\/ld+json\" class=\"yoast-schema-graph\">{\"@context\":\"https:\/\/schema.org\",\"@graph\":[{\"@type\":\"WebPage\",\"@id\":\"https:\/\/www.inchimica.net\/tr\/urun\/178-ve-20-ml-kartuslar-icin-metal-uygulayici\/\",\"url\":\"https:\/\/www.inchimica.net\/tr\/urun\/178-ve-20-ml-kartuslar-icin-metal-uygulayici\/\",\"name\":\"178 ve 20 ml kartu\u015flar i\u00e7in metal uygulay\u0131c\u0131 - INCHIMICA\",\"isPartOf\":{\"@id\":\"https:\/\/www.inchimica.net\/tr\/#website\"},\"primaryImageOfPage\":{\"@id\":\"https:\/\/www.inchimica.net\/tr\/urun\/178-ve-20-ml-kartuslar-icin-metal-uygulayici\/#primaryimage\"},\"image\":{\"@id\":\"https:\/\/www.inchimica.net\/tr\/urun\/178-ve-20-ml-kartuslar-icin-metal-uygulayici\/#primaryimage\"},\"thumbnailUrl\":\"https:\/\/www.inchimica.net\/wp-content\/uploads\/DSC05586.jpg\",\"datePublished\":\"2025-03-25T10:57:44+00:00\",\"breadcrumb\":{\"@id\":\"https:\/\/www.inchimica.net\/tr\/urun\/178-ve-20-ml-kartuslar-icin-metal-uygulayici\/#breadcrumb\"},\"inLanguage\":\"tr\",\"potentialAction\":[{\"@type\":\"ReadAction\",\"target\":[\"https:\/\/www.inchimica.net\/tr\/urun\/178-ve-20-ml-kartuslar-icin-metal-uygulayici\/\"]}]},{\"@type\":\"ImageObject\",\"inLanguage\":\"tr\",\"@id\":\"https:\/\/www.inchimica.net\/tr\/urun\/178-ve-20-ml-kartuslar-icin-metal-uygulayici\/#primaryimage\",\"url\":\"https:\/\/www.inchimica.net\/wp-content\/uploads\/DSC05586.jpg\",\"contentUrl\":\"https:\/\/www.inchimica.net\/wp-content\/uploads\/DSC05586.jpg\",\"width\":1600,\"height\":1067},{\"@type\":\"BreadcrumbList\",\"@id\":\"https:\/\/www.inchimica.net\/tr\/urun\/178-ve-20-ml-kartuslar-icin-metal-uygulayici\/#breadcrumb\",\"itemListElement\":[{\"@type\":\"ListItem\",\"position\":1,\"name\":\"Home\",\"item\":\"https:\/\/www.inchimica.net\/tr\/home\/\"},{\"@type\":\"ListItem\",\"position\":2,\"name\":\"\u00dcr\u00fcnler\",\"item\":\"https:\/\/www.inchimica.net\/urunler\/\"},{\"@type\":\"ListItem\",\"position\":3,\"name\":\"178 ve 20 ml kartu\u015flar i\u00e7in metal uygulay\u0131c\u0131\"}]},{\"@type\":\"WebSite\",\"@id\":\"https:\/\/www.inchimica.net\/tr\/#website\",\"url\":\"https:\/\/www.inchimica.net\/tr\/\",\"name\":\"INCHIMICA\",\"description\":\"Bonding and veterinary solutions\",\"publisher\":{\"@id\":\"https:\/\/www.inchimica.net\/tr\/#organization\"},\"potentialAction\":[{\"@type\":\"SearchAction\",\"target\":{\"@type\":\"EntryPoint\",\"urlTemplate\":\"https:\/\/www.inchimica.net\/tr\/?s={search_term_string}\"},\"query-input\":{\"@type\":\"PropertyValueSpecification\",\"valueRequired\":true,\"valueName\":\"search_term_string\"}}],\"inLanguage\":\"tr\"},{\"@type\":\"Organization\",\"@id\":\"https:\/\/www.inchimica.net\/tr\/#organization\",\"name\":\"INCHIMICA\",\"url\":\"https:\/\/www.inchimica.net\/tr\/\",\"logo\":{\"@type\":\"ImageObject\",\"inLanguage\":\"tr\",\"@id\":\"https:\/\/www.inchimica.net\/tr\/#\/schema\/logo\/image\/\",\"url\":\"https:\/\/www.inchimica.net\/wp-content\/uploads\/Raggruppa-287.svg\",\"contentUrl\":\"https:\/\/www.inchimica.net\/wp-content\/uploads\/Raggruppa-287.svg\",\"width\":1017,\"height\":257,\"caption\":\"INCHIMICA\"},\"image\":{\"@id\":\"https:\/\/www.inchimica.net\/tr\/#\/schema\/logo\/image\/\"}}]}<\/script>\n<!-- \/ Yoast SEO plugin. -->","yoast_head_json":{"title":"178 ve 20 ml kartu\u015flar i\u00e7in metal uygulay\u0131c\u0131 - INCHIMICA","robots":{"index":"index","follow":"follow","max-snippet":"max-snippet:-1","max-image-preview":"max-image-preview:large","max-video-preview":"max-video-preview:-1"},"canonical":"https:\/\/www.inchimica.net\/tr\/urun\/178-ve-20-ml-kartuslar-icin-metal-uygulayici\/","og_locale":"tr_TR","og_type":"article","og_title":"178 ve 20 ml kartu\u015flar i\u00e7in metal uygulay\u0131c\u0131 - INCHIMICA","og_description":"200 ml ve 178 ml kartu\u015flar i\u00e7in uygulama tabancas\u0131 (l\u00fctfen 200 ml ve 178 ml kartu\u015flar i\u00e7in uygulama tabancalar\u0131n\u0131n farkl\u0131 oldu\u011funu, birinin di\u011ferine uymad\u0131\u011f\u0131n\u0131 unutmay\u0131n)","og_url":"https:\/\/www.inchimica.net\/tr\/urun\/178-ve-20-ml-kartuslar-icin-metal-uygulayici\/","og_site_name":"INCHIMICA","og_image":[{"width":1200,"height":628,"url":"https:\/\/www.inchimica.net\/wp-content\/uploads\/PPL-inchimica.jpg","type":"image\/jpeg"}],"twitter_card":"summary_large_image","schema":{"@context":"https:\/\/schema.org","@graph":[{"@type":"WebPage","@id":"https:\/\/www.inchimica.net\/tr\/urun\/178-ve-20-ml-kartuslar-icin-metal-uygulayici\/","url":"https:\/\/www.inchimica.net\/tr\/urun\/178-ve-20-ml-kartuslar-icin-metal-uygulayici\/","name":"178 ve 20 ml kartu\u015flar i\u00e7in metal uygulay\u0131c\u0131 - INCHIMICA","isPartOf":{"@id":"https:\/\/www.inchimica.net\/tr\/#website"},"primaryImageOfPage":{"@id":"https:\/\/www.inchimica.net\/tr\/urun\/178-ve-20-ml-kartuslar-icin-metal-uygulayici\/#primaryimage"},"image":{"@id":"https:\/\/www.inchimica.net\/tr\/urun\/178-ve-20-ml-kartuslar-icin-metal-uygulayici\/#primaryimage"},"thumbnailUrl":"https:\/\/www.inchimica.net\/wp-content\/uploads\/DSC05586.jpg","datePublished":"2025-03-25T10:57:44+00:00","breadcrumb":{"@id":"https:\/\/www.inchimica.net\/tr\/urun\/178-ve-20-ml-kartuslar-icin-metal-uygulayici\/#breadcrumb"},"inLanguage":"tr","potentialAction":[{"@type":"ReadAction","target":["https:\/\/www.inchimica.net\/tr\/urun\/178-ve-20-ml-kartuslar-icin-metal-uygulayici\/"]}]},{"@type":"ImageObject","inLanguage":"tr","@id":"https:\/\/www.inchimica.net\/tr\/urun\/178-ve-20-ml-kartuslar-icin-metal-uygulayici\/#primaryimage","url":"https:\/\/www.inchimica.net\/wp-content\/uploads\/DSC05586.jpg","contentUrl":"https:\/\/www.inchimica.net\/wp-content\/uploads\/DSC05586.jpg","width":1600,"height":1067},{"@type":"BreadcrumbList","@id":"https:\/\/www.inchimica.net\/tr\/urun\/178-ve-20-ml-kartuslar-icin-metal-uygulayici\/#breadcrumb","itemListElement":[{"@type":"ListItem","position":1,"name":"Home","item":"https:\/\/www.inchimica.net\/tr\/home\/"},{"@type":"ListItem","position":2,"name":"\u00dcr\u00fcnler","item":"https:\/\/www.inchimica.net\/urunler\/"},{"@type":"ListItem","position":3,"name":"178 ve 20 ml kartu\u015flar i\u00e7in metal uygulay\u0131c\u0131"}]},{"@type":"WebSite","@id":"https:\/\/www.inchimica.net\/tr\/#website","url":"https:\/\/www.inchimica.net\/tr\/","name":"INCHIMICA","description":"Bonding and veterinary solutions","publisher":{"@id":"https:\/\/www.inchimica.net\/tr\/#organization"},"potentialAction":[{"@type":"SearchAction","target":{"@type":"EntryPoint","urlTemplate":"https:\/\/www.inchimica.net\/tr\/?s={search_term_string}"},"query-input":{"@type":"PropertyValueSpecification","valueRequired":true,"valueName":"search_term_string"}}],"inLanguage":"tr"},{"@type":"Organization","@id":"https:\/\/www.inchimica.net\/tr\/#organization","name":"INCHIMICA","url":"https:\/\/www.inchimica.net\/tr\/","logo":{"@type":"ImageObject","inLanguage":"tr","@id":"https:\/\/www.inchimica.net\/tr\/#\/schema\/logo\/image\/","url":"https:\/\/www.inchimica.net\/wp-content\/uploads\/Raggruppa-287.svg","contentUrl":"https:\/\/www.inchimica.net\/wp-content\/uploads\/Raggruppa-287.svg","width":1017,"height":257,"caption":"INCHIMICA"},"image":{"@id":"https:\/\/www.inchimica.net\/tr\/#\/schema\/logo\/image\/"}}]}},"brands":[{"id":31,"name":"Bovimix","slug":"bovimix"},{"id":32,"name":"Equimix","slug":"equimix"},{"id":30,"name":"Polymix","slug":"polymix"}],"_links":{"self":[{"href":"https:\/\/www.inchimica.net\/tr\/wp-json\/wp\/v2\/product\/1522","targetHints":{"allow":["GET"]}}],"collection":[{"href":"https:\/\/www.inchimica.net\/tr\/wp-json\/wp\/v2\/product"}],"about":[{"href":"https:\/\/www.inchimica.net\/tr\/wp-json\/wp\/v2\/types\/product"}],"wp:featuredmedia":[{"embeddable":true,"href":"https:\/\/www.inchimica.net\/tr\/wp-json\/wp\/v2\/media\/881"}],"wp:attachment":[{"href":"https:\/\/www.inchimica.net\/tr\/wp-json\/wp\/v2\/media?parent=1522"}],"wp:term":[{"taxonomy":"pwb-brand","embeddable":true,"href":"https:\/\/www.inchimica.net\/tr\/wp-json\/wp\/v2\/pwb-brand?post=1522"},{"taxonomy":"product_brand","embeddable":true,"href":"https:\/\/www.inchimica.net\/tr\/wp-json\/wp\/v2\/product_brand?post=1522"},{"taxonomy":"product_cat","embeddable":true,"href":"https:\/\/www.inchimica.net\/tr\/wp-json\/wp\/v2\/product_cat?post=1522"},{"taxonomy":"product_tag","embeddable":true,"href":"https:\/\/www.inchimica.net\/tr\/wp-json\/wp\/v2\/product_tag?post=1522"}],"curies":[{"name":"wp","href":"https:\/\/api.w.org\/{rel}","templated":true}]}}