{"id":1519,"date":"2021-01-22T08:21:22","date_gmt":"2025-03-25T10:57:13","guid":{"rendered":"https:\/\/www.inchimica.net\/product\/sargi-ortusu\/"},"modified":"2025-03-25T10:57:13","modified_gmt":"2025-03-25T10:57:13","slug":"sargi-ortusu","status":"publish","type":"product","link":"https:\/\/www.inchimica.net\/tr\/urun\/sargi-ortusu\/","title":{"rendered":"Sarg\u0131 \u00d6rt\u00fcs\u00fc"},"content":{"rendered":"<p>Sarg\u0131 \u00f6rt\u00fcs\u00fc :  125 mm geni\u015flik<\/p>\n","protected":false},"excerpt":{"rendered":"<p>Sarg\u0131 \u00f6rt\u00fcs\u00fc :  125 mm geni\u015flik<\/p>\n","protected":false},"featured_media":875,"template":"","meta":{"_acf_changed":false,"inline_featured_image":false},"pwb-brand":[32],"product_brand":[],"product_cat":[88,89,91],"product_tag":[],"class_list":{"0":"post-1519","1":"product","2":"type-product","3":"status-publish","4":"has-post-thumbnail","6":"pwb-brand-equimix","7":"product_cat-atlar","8":"product_cat-hayvan-bakim","9":"product_cat-yardimci-ekipmanlar","11":"first","12":"instock","13":"shipping-taxable","14":"product-type-simple"},"acf":[],"yoast_head":"<!-- This site is optimized with the Yoast SEO plugin v27.4 - https:\/\/yoast.com\/product\/yoast-seo-wordpress\/ -->\n<title>Sarg\u0131 \u00d6rt\u00fcs\u00fc - INCHIMICA<\/title>\n<meta name=\"robots\" content=\"index, follow, max-snippet:-1, max-image-preview:large, max-video-preview:-1\" \/>\n<link rel=\"canonical\" href=\"https:\/\/www.inchimica.net\/tr\/urun\/sargi-ortusu\/\" \/>\n<meta property=\"og:locale\" content=\"tr_TR\" \/>\n<meta property=\"og:type\" content=\"article\" \/>\n<meta property=\"og:title\" content=\"Sarg\u0131 \u00d6rt\u00fcs\u00fc - INCHIMICA\" \/>\n<meta property=\"og:description\" content=\"Sarg\u0131 \u00f6rt\u00fcs\u00fc : 125 mm geni\u015flik\" \/>\n<meta property=\"og:url\" content=\"https:\/\/www.inchimica.net\/tr\/urun\/sargi-ortusu\/\" \/>\n<meta property=\"og:site_name\" content=\"INCHIMICA\" \/>\n<meta property=\"og:image\" content=\"https:\/\/www.inchimica.net\/wp-content\/uploads\/PPL-inchimica.jpg\" \/>\n\t<meta property=\"og:image:width\" content=\"1200\" \/>\n\t<meta property=\"og:image:height\" content=\"628\" \/>\n\t<meta property=\"og:image:type\" content=\"image\/jpeg\" \/>\n<meta name=\"twitter:card\" content=\"summary_large_image\" \/>\n<script type=\"application\/ld+json\" class=\"yoast-schema-graph\">{\"@context\":\"https:\\\/\\\/schema.org\",\"@graph\":[{\"@type\":\"WebPage\",\"@id\":\"https:\\\/\\\/www.inchimica.net\\\/tr\\\/urun\\\/sargi-ortusu\\\/\",\"url\":\"https:\\\/\\\/www.inchimica.net\\\/tr\\\/urun\\\/sargi-ortusu\\\/\",\"name\":\"Sarg\u0131 \u00d6rt\u00fcs\u00fc - INCHIMICA\",\"isPartOf\":{\"@id\":\"https:\\\/\\\/www.inchimica.net\\\/tr\\\/#website\"},\"primaryImageOfPage\":{\"@id\":\"https:\\\/\\\/www.inchimica.net\\\/tr\\\/urun\\\/sargi-ortusu\\\/#primaryimage\"},\"image\":{\"@id\":\"https:\\\/\\\/www.inchimica.net\\\/tr\\\/urun\\\/sargi-ortusu\\\/#primaryimage\"},\"thumbnailUrl\":\"https:\\\/\\\/www.inchimica.net\\\/wp-content\\\/uploads\\\/Foto-wrapping-film-copia.jpg\",\"datePublished\":\"2025-03-25T10:57:13+00:00\",\"breadcrumb\":{\"@id\":\"https:\\\/\\\/www.inchimica.net\\\/tr\\\/urun\\\/sargi-ortusu\\\/#breadcrumb\"},\"inLanguage\":\"tr\",\"potentialAction\":[{\"@type\":\"ReadAction\",\"target\":[\"https:\\\/\\\/www.inchimica.net\\\/tr\\\/urun\\\/sargi-ortusu\\\/\"]}]},{\"@type\":\"ImageObject\",\"inLanguage\":\"tr\",\"@id\":\"https:\\\/\\\/www.inchimica.net\\\/tr\\\/urun\\\/sargi-ortusu\\\/#primaryimage\",\"url\":\"https:\\\/\\\/www.inchimica.net\\\/wp-content\\\/uploads\\\/Foto-wrapping-film-copia.jpg\",\"contentUrl\":\"https:\\\/\\\/www.inchimica.net\\\/wp-content\\\/uploads\\\/Foto-wrapping-film-copia.jpg\",\"width\":1600,\"height\":1600},{\"@type\":\"BreadcrumbList\",\"@id\":\"https:\\\/\\\/www.inchimica.net\\\/tr\\\/urun\\\/sargi-ortusu\\\/#breadcrumb\",\"itemListElement\":[{\"@type\":\"ListItem\",\"position\":1,\"name\":\"Home\",\"item\":\"https:\\\/\\\/www.inchimica.net\\\/tr\\\/home\\\/\"},{\"@type\":\"ListItem\",\"position\":2,\"name\":\"\u00dcr\u00fcnler\",\"item\":\"https:\\\/\\\/www.inchimica.net\\\/urunler\\\/\"},{\"@type\":\"ListItem\",\"position\":3,\"name\":\"Sarg\u0131 \u00d6rt\u00fcs\u00fc\"}]},{\"@type\":\"WebSite\",\"@id\":\"https:\\\/\\\/www.inchimica.net\\\/tr\\\/#website\",\"url\":\"https:\\\/\\\/www.inchimica.net\\\/tr\\\/\",\"name\":\"INCHIMICA\",\"description\":\"Bonding and veterinary solutions\",\"publisher\":{\"@id\":\"https:\\\/\\\/www.inchimica.net\\\/tr\\\/#organization\"},\"potentialAction\":[{\"@type\":\"SearchAction\",\"target\":{\"@type\":\"EntryPoint\",\"urlTemplate\":\"https:\\\/\\\/www.inchimica.net\\\/tr\\\/?s={search_term_string}\"},\"query-input\":{\"@type\":\"PropertyValueSpecification\",\"valueRequired\":true,\"valueName\":\"search_term_string\"}}],\"inLanguage\":\"tr\"},{\"@type\":\"Organization\",\"@id\":\"https:\\\/\\\/www.inchimica.net\\\/tr\\\/#organization\",\"name\":\"INCHIMICA\",\"url\":\"https:\\\/\\\/www.inchimica.net\\\/tr\\\/\",\"logo\":{\"@type\":\"ImageObject\",\"inLanguage\":\"tr\",\"@id\":\"https:\\\/\\\/www.inchimica.net\\\/tr\\\/#\\\/schema\\\/logo\\\/image\\\/\",\"url\":\"https:\\\/\\\/www.inchimica.net\\\/wp-content\\\/uploads\\\/Raggruppa-287.svg\",\"contentUrl\":\"https:\\\/\\\/www.inchimica.net\\\/wp-content\\\/uploads\\\/Raggruppa-287.svg\",\"width\":1017,\"height\":257,\"caption\":\"INCHIMICA\"},\"image\":{\"@id\":\"https:\\\/\\\/www.inchimica.net\\\/tr\\\/#\\\/schema\\\/logo\\\/image\\\/\"}}]}<\/script>\n<!-- \/ Yoast SEO plugin. -->","yoast_head_json":{"title":"Sarg\u0131 \u00d6rt\u00fcs\u00fc - INCHIMICA","robots":{"index":"index","follow":"follow","max-snippet":"max-snippet:-1","max-image-preview":"max-image-preview:large","max-video-preview":"max-video-preview:-1"},"canonical":"https:\/\/www.inchimica.net\/tr\/urun\/sargi-ortusu\/","og_locale":"tr_TR","og_type":"article","og_title":"Sarg\u0131 \u00d6rt\u00fcs\u00fc - INCHIMICA","og_description":"Sarg\u0131 \u00f6rt\u00fcs\u00fc : 125 mm geni\u015flik","og_url":"https:\/\/www.inchimica.net\/tr\/urun\/sargi-ortusu\/","og_site_name":"INCHIMICA","og_image":[{"width":1200,"height":628,"url":"https:\/\/www.inchimica.net\/wp-content\/uploads\/PPL-inchimica.jpg","type":"image\/jpeg"}],"twitter_card":"summary_large_image","schema":{"@context":"https:\/\/schema.org","@graph":[{"@type":"WebPage","@id":"https:\/\/www.inchimica.net\/tr\/urun\/sargi-ortusu\/","url":"https:\/\/www.inchimica.net\/tr\/urun\/sargi-ortusu\/","name":"Sarg\u0131 \u00d6rt\u00fcs\u00fc - INCHIMICA","isPartOf":{"@id":"https:\/\/www.inchimica.net\/tr\/#website"},"primaryImageOfPage":{"@id":"https:\/\/www.inchimica.net\/tr\/urun\/sargi-ortusu\/#primaryimage"},"image":{"@id":"https:\/\/www.inchimica.net\/tr\/urun\/sargi-ortusu\/#primaryimage"},"thumbnailUrl":"https:\/\/www.inchimica.net\/wp-content\/uploads\/Foto-wrapping-film-copia.jpg","datePublished":"2025-03-25T10:57:13+00:00","breadcrumb":{"@id":"https:\/\/www.inchimica.net\/tr\/urun\/sargi-ortusu\/#breadcrumb"},"inLanguage":"tr","potentialAction":[{"@type":"ReadAction","target":["https:\/\/www.inchimica.net\/tr\/urun\/sargi-ortusu\/"]}]},{"@type":"ImageObject","inLanguage":"tr","@id":"https:\/\/www.inchimica.net\/tr\/urun\/sargi-ortusu\/#primaryimage","url":"https:\/\/www.inchimica.net\/wp-content\/uploads\/Foto-wrapping-film-copia.jpg","contentUrl":"https:\/\/www.inchimica.net\/wp-content\/uploads\/Foto-wrapping-film-copia.jpg","width":1600,"height":1600},{"@type":"BreadcrumbList","@id":"https:\/\/www.inchimica.net\/tr\/urun\/sargi-ortusu\/#breadcrumb","itemListElement":[{"@type":"ListItem","position":1,"name":"Home","item":"https:\/\/www.inchimica.net\/tr\/home\/"},{"@type":"ListItem","position":2,"name":"\u00dcr\u00fcnler","item":"https:\/\/www.inchimica.net\/urunler\/"},{"@type":"ListItem","position":3,"name":"Sarg\u0131 \u00d6rt\u00fcs\u00fc"}]},{"@type":"WebSite","@id":"https:\/\/www.inchimica.net\/tr\/#website","url":"https:\/\/www.inchimica.net\/tr\/","name":"INCHIMICA","description":"Bonding and veterinary solutions","publisher":{"@id":"https:\/\/www.inchimica.net\/tr\/#organization"},"potentialAction":[{"@type":"SearchAction","target":{"@type":"EntryPoint","urlTemplate":"https:\/\/www.inchimica.net\/tr\/?s={search_term_string}"},"query-input":{"@type":"PropertyValueSpecification","valueRequired":true,"valueName":"search_term_string"}}],"inLanguage":"tr"},{"@type":"Organization","@id":"https:\/\/www.inchimica.net\/tr\/#organization","name":"INCHIMICA","url":"https:\/\/www.inchimica.net\/tr\/","logo":{"@type":"ImageObject","inLanguage":"tr","@id":"https:\/\/www.inchimica.net\/tr\/#\/schema\/logo\/image\/","url":"https:\/\/www.inchimica.net\/wp-content\/uploads\/Raggruppa-287.svg","contentUrl":"https:\/\/www.inchimica.net\/wp-content\/uploads\/Raggruppa-287.svg","width":1017,"height":257,"caption":"INCHIMICA"},"image":{"@id":"https:\/\/www.inchimica.net\/tr\/#\/schema\/logo\/image\/"}}]}},"brands":[{"id":32,"name":"Equimix","slug":"equimix"}],"_links":{"self":[{"href":"https:\/\/www.inchimica.net\/tr\/wp-json\/wp\/v2\/product\/1519","targetHints":{"allow":["GET"]}}],"collection":[{"href":"https:\/\/www.inchimica.net\/tr\/wp-json\/wp\/v2\/product"}],"about":[{"href":"https:\/\/www.inchimica.net\/tr\/wp-json\/wp\/v2\/types\/product"}],"wp:featuredmedia":[{"embeddable":true,"href":"https:\/\/www.inchimica.net\/tr\/wp-json\/wp\/v2\/media\/875"}],"wp:attachment":[{"href":"https:\/\/www.inchimica.net\/tr\/wp-json\/wp\/v2\/media?parent=1519"}],"wp:term":[{"taxonomy":"pwb-brand","embeddable":true,"href":"https:\/\/www.inchimica.net\/tr\/wp-json\/wp\/v2\/pwb-brand?post=1519"},{"taxonomy":"product_brand","embeddable":true,"href":"https:\/\/www.inchimica.net\/tr\/wp-json\/wp\/v2\/product_brand?post=1519"},{"taxonomy":"product_cat","embeddable":true,"href":"https:\/\/www.inchimica.net\/tr\/wp-json\/wp\/v2\/product_cat?post=1519"},{"taxonomy":"product_tag","embeddable":true,"href":"https:\/\/www.inchimica.net\/tr\/wp-json\/wp\/v2\/product_tag?post=1519"}],"curies":[{"name":"wp","href":"https:\/\/api.w.org\/{rel}","templated":true}]}}