{"id":1515,"date":"2021-01-19T13:18:34","date_gmt":"2025-03-25T10:56:51","guid":{"rendered":"https:\/\/www.inchimica.net\/product\/soletta\/"},"modified":"2025-03-25T10:56:51","modified_gmt":"2025-03-25T10:56:51","slug":"soletta","status":"publish","type":"product","link":"https:\/\/www.inchimica.net\/tr\/urun\/soletta\/","title":{"rendered":"Soletta"},"content":{"rendered":"<p><strong>SOLETTA <\/strong>hayvanlar i\u00e7in profesyonel ayak bak\u0131m\u0131 ger\u00e7ekle\u015ftirenler i\u00e7in yeni nesil \u00fcrethane bloklard\u0131r ve siyah, tamamen geri d\u00f6n\u00fc\u015ft\u00fcr\u00fclebilir \u00fcrethane bazl\u0131 plastik malzemeden \u00fcretilmektedir. Bloklar\u0131n sert yap\u0131s\u0131 ine\u011fe en y\u00fcksek konforu sa\u011flarken, kaygan y\u00fczeylerde en iyi tutu\u015fu sunar.<\/p>\n<p><strong>SOLETTA&#8217;n\u0131n <\/strong>simetrik tasar\u0131m\u0131, hayvanlar i\u00e7in profestyonel t\u0131rnak bak\u0131m\u0131 ger\u00e7ekle\u015ftiren ki\u015filerin \u00fcr\u00fcn\u00fc sa\u011f ve sol t\u0131rna\u011fa uygulamalar\u0131na olanak tan\u0131r. Profesyonel t\u0131rnak bak\u0131m\u0131 ger\u00e7ekle\u015ftiren ki\u015finin i\u015fini kolayla\u015ft\u0131rmak amac\u0131yla, blok \u00fczerinde &#8220;yap\u0131\u015ft\u0131r\u0131c\u0131 taraf\u0131&#8221; taraf\u0131m\u0131zdan i\u015faretlendi. Yivler, yap\u0131\u015ft\u0131r\u0131c\u0131n\u0131n y\u00fczeyde m\u00fckemmel bir \u015fekilde da\u011f\u0131lmas\u0131n\u0131 sa\u011flar ve minimum yap\u0131\u015ft\u0131r\u0131c\u0131 miktar\u0131 kullanarak, en iyi yap\u0131\u015fmay\u0131 garantiler.<\/p>\n<p><strong>MEVCUT B\u00dcY\u00dcKL\u00dcKLER <\/strong><\/p>\n<p><strong>SOLETTA <\/strong>iki simetrik b\u00fcy\u00fckl\u00fckte mevcuttur<\/p>\n<ul>\n<li>U120 x G55 x D17 mm<\/li>\n<li>U120 x F55 x D12 mm<\/li>\n<\/ul>\n","protected":false},"excerpt":{"rendered":"<p>SOLETTA, hayvanlar i\u00e7in profesyonel ayak bak\u0131m\u0131 ger\u00e7ekle\u015ftirenler i\u00e7in yeni nesil \u00fcrethane bloklard\u0131r ve siyah, tamamen geri d\u00f6n\u00fc\u015ft\u00fcr\u00fclebilir \u00fcrethane bazl\u0131 plastik malzemeden \u00fcretilmektedir. Bloklar\u0131n sert yap\u0131s\u0131 ine\u011fe en y\u00fcksek konforu sa\u011flarken, kaygan y\u00fczeylerde en iyi tutu\u015fu sunar.<\/p>\n","protected":false},"featured_media":1516,"template":"","meta":{"_acf_changed":false,"inline_featured_image":false},"pwb-brand":[31],"product_brand":[],"product_cat":[89,90],"product_tag":[],"class_list":{"0":"post-1515","1":"product","2":"type-product","3":"status-publish","4":"has-post-thumbnail","6":"pwb-brand-bovimix","7":"product_cat-hayvan-bakim","8":"product_cat-inekler","10":"first","11":"instock","12":"shipping-taxable","13":"product-type-simple"},"acf":[],"yoast_head":"<!-- This site is optimized with the Yoast SEO plugin v27.4 - https:\/\/yoast.com\/product\/yoast-seo-wordpress\/ -->\n<title>Soletta - INCHIMICA<\/title>\n<meta name=\"robots\" content=\"index, follow, max-snippet:-1, max-image-preview:large, max-video-preview:-1\" \/>\n<link rel=\"canonical\" href=\"https:\/\/www.inchimica.net\/tr\/urun\/soletta\/\" \/>\n<meta property=\"og:locale\" content=\"tr_TR\" \/>\n<meta property=\"og:type\" content=\"article\" \/>\n<meta property=\"og:title\" content=\"Soletta - INCHIMICA\" \/>\n<meta property=\"og:description\" content=\"SOLETTA, hayvanlar i\u00e7in profesyonel ayak bak\u0131m\u0131 ger\u00e7ekle\u015ftirenler i\u00e7in yeni nesil \u00fcrethane bloklard\u0131r ve siyah, tamamen geri d\u00f6n\u00fc\u015ft\u00fcr\u00fclebilir \u00fcrethane bazl\u0131 plastik malzemeden \u00fcretilmektedir. Bloklar\u0131n sert yap\u0131s\u0131 ine\u011fe en y\u00fcksek konforu sa\u011flarken, kaygan y\u00fczeylerde en iyi tutu\u015fu sunar.\" \/>\n<meta property=\"og:url\" content=\"https:\/\/www.inchimica.net\/tr\/urun\/soletta\/\" \/>\n<meta property=\"og:site_name\" content=\"INCHIMICA\" \/>\n<meta property=\"og:image\" content=\"https:\/\/www.inchimica.net\/wp-content\/uploads\/soletta.jpg\" \/>\n\t<meta property=\"og:image:width\" content=\"1600\" \/>\n\t<meta property=\"og:image:height\" content=\"1067\" \/>\n\t<meta property=\"og:image:type\" content=\"image\/jpeg\" \/>\n<meta name=\"twitter:card\" content=\"summary_large_image\" \/>\n<meta name=\"twitter:label1\" content=\"Tahmini okuma s\u00fcresi\" \/>\n\t<meta name=\"twitter:data1\" content=\"1 dakika\" \/>\n<script type=\"application\/ld+json\" class=\"yoast-schema-graph\">{\"@context\":\"https:\\\/\\\/schema.org\",\"@graph\":[{\"@type\":\"WebPage\",\"@id\":\"https:\\\/\\\/www.inchimica.net\\\/tr\\\/urun\\\/soletta\\\/\",\"url\":\"https:\\\/\\\/www.inchimica.net\\\/tr\\\/urun\\\/soletta\\\/\",\"name\":\"Soletta - INCHIMICA\",\"isPartOf\":{\"@id\":\"https:\\\/\\\/www.inchimica.net\\\/tr\\\/#website\"},\"primaryImageOfPage\":{\"@id\":\"https:\\\/\\\/www.inchimica.net\\\/tr\\\/urun\\\/soletta\\\/#primaryimage\"},\"image\":{\"@id\":\"https:\\\/\\\/www.inchimica.net\\\/tr\\\/urun\\\/soletta\\\/#primaryimage\"},\"thumbnailUrl\":\"https:\\\/\\\/www.inchimica.net\\\/wp-content\\\/uploads\\\/soletta.jpg\",\"datePublished\":\"2025-03-25T10:56:51+00:00\",\"breadcrumb\":{\"@id\":\"https:\\\/\\\/www.inchimica.net\\\/tr\\\/urun\\\/soletta\\\/#breadcrumb\"},\"inLanguage\":\"tr\",\"potentialAction\":[{\"@type\":\"ReadAction\",\"target\":[\"https:\\\/\\\/www.inchimica.net\\\/tr\\\/urun\\\/soletta\\\/\"]}]},{\"@type\":\"ImageObject\",\"inLanguage\":\"tr\",\"@id\":\"https:\\\/\\\/www.inchimica.net\\\/tr\\\/urun\\\/soletta\\\/#primaryimage\",\"url\":\"https:\\\/\\\/www.inchimica.net\\\/wp-content\\\/uploads\\\/soletta.jpg\",\"contentUrl\":\"https:\\\/\\\/www.inchimica.net\\\/wp-content\\\/uploads\\\/soletta.jpg\",\"width\":1600,\"height\":1067},{\"@type\":\"BreadcrumbList\",\"@id\":\"https:\\\/\\\/www.inchimica.net\\\/tr\\\/urun\\\/soletta\\\/#breadcrumb\",\"itemListElement\":[{\"@type\":\"ListItem\",\"position\":1,\"name\":\"Home\",\"item\":\"https:\\\/\\\/www.inchimica.net\\\/tr\\\/home\\\/\"},{\"@type\":\"ListItem\",\"position\":2,\"name\":\"\u00dcr\u00fcnler\",\"item\":\"https:\\\/\\\/www.inchimica.net\\\/urunler\\\/\"},{\"@type\":\"ListItem\",\"position\":3,\"name\":\"Soletta\"}]},{\"@type\":\"WebSite\",\"@id\":\"https:\\\/\\\/www.inchimica.net\\\/tr\\\/#website\",\"url\":\"https:\\\/\\\/www.inchimica.net\\\/tr\\\/\",\"name\":\"INCHIMICA\",\"description\":\"Bonding and veterinary solutions\",\"publisher\":{\"@id\":\"https:\\\/\\\/www.inchimica.net\\\/tr\\\/#organization\"},\"potentialAction\":[{\"@type\":\"SearchAction\",\"target\":{\"@type\":\"EntryPoint\",\"urlTemplate\":\"https:\\\/\\\/www.inchimica.net\\\/tr\\\/?s={search_term_string}\"},\"query-input\":{\"@type\":\"PropertyValueSpecification\",\"valueRequired\":true,\"valueName\":\"search_term_string\"}}],\"inLanguage\":\"tr\"},{\"@type\":\"Organization\",\"@id\":\"https:\\\/\\\/www.inchimica.net\\\/tr\\\/#organization\",\"name\":\"INCHIMICA\",\"url\":\"https:\\\/\\\/www.inchimica.net\\\/tr\\\/\",\"logo\":{\"@type\":\"ImageObject\",\"inLanguage\":\"tr\",\"@id\":\"https:\\\/\\\/www.inchimica.net\\\/tr\\\/#\\\/schema\\\/logo\\\/image\\\/\",\"url\":\"https:\\\/\\\/www.inchimica.net\\\/wp-content\\\/uploads\\\/Raggruppa-287.svg\",\"contentUrl\":\"https:\\\/\\\/www.inchimica.net\\\/wp-content\\\/uploads\\\/Raggruppa-287.svg\",\"width\":1017,\"height\":257,\"caption\":\"INCHIMICA\"},\"image\":{\"@id\":\"https:\\\/\\\/www.inchimica.net\\\/tr\\\/#\\\/schema\\\/logo\\\/image\\\/\"}}]}<\/script>\n<!-- \/ Yoast SEO plugin. -->","yoast_head_json":{"title":"Soletta - INCHIMICA","robots":{"index":"index","follow":"follow","max-snippet":"max-snippet:-1","max-image-preview":"max-image-preview:large","max-video-preview":"max-video-preview:-1"},"canonical":"https:\/\/www.inchimica.net\/tr\/urun\/soletta\/","og_locale":"tr_TR","og_type":"article","og_title":"Soletta - INCHIMICA","og_description":"SOLETTA, hayvanlar i\u00e7in profesyonel ayak bak\u0131m\u0131 ger\u00e7ekle\u015ftirenler i\u00e7in yeni nesil \u00fcrethane bloklard\u0131r ve siyah, tamamen geri d\u00f6n\u00fc\u015ft\u00fcr\u00fclebilir \u00fcrethane bazl\u0131 plastik malzemeden \u00fcretilmektedir. Bloklar\u0131n sert yap\u0131s\u0131 ine\u011fe en y\u00fcksek konforu sa\u011flarken, kaygan y\u00fczeylerde en iyi tutu\u015fu sunar.","og_url":"https:\/\/www.inchimica.net\/tr\/urun\/soletta\/","og_site_name":"INCHIMICA","og_image":[{"width":1600,"height":1067,"url":"https:\/\/www.inchimica.net\/wp-content\/uploads\/soletta.jpg","type":"image\/jpeg"}],"twitter_card":"summary_large_image","twitter_misc":{"Tahmini okuma s\u00fcresi":"1 dakika"},"schema":{"@context":"https:\/\/schema.org","@graph":[{"@type":"WebPage","@id":"https:\/\/www.inchimica.net\/tr\/urun\/soletta\/","url":"https:\/\/www.inchimica.net\/tr\/urun\/soletta\/","name":"Soletta - INCHIMICA","isPartOf":{"@id":"https:\/\/www.inchimica.net\/tr\/#website"},"primaryImageOfPage":{"@id":"https:\/\/www.inchimica.net\/tr\/urun\/soletta\/#primaryimage"},"image":{"@id":"https:\/\/www.inchimica.net\/tr\/urun\/soletta\/#primaryimage"},"thumbnailUrl":"https:\/\/www.inchimica.net\/wp-content\/uploads\/soletta.jpg","datePublished":"2025-03-25T10:56:51+00:00","breadcrumb":{"@id":"https:\/\/www.inchimica.net\/tr\/urun\/soletta\/#breadcrumb"},"inLanguage":"tr","potentialAction":[{"@type":"ReadAction","target":["https:\/\/www.inchimica.net\/tr\/urun\/soletta\/"]}]},{"@type":"ImageObject","inLanguage":"tr","@id":"https:\/\/www.inchimica.net\/tr\/urun\/soletta\/#primaryimage","url":"https:\/\/www.inchimica.net\/wp-content\/uploads\/soletta.jpg","contentUrl":"https:\/\/www.inchimica.net\/wp-content\/uploads\/soletta.jpg","width":1600,"height":1067},{"@type":"BreadcrumbList","@id":"https:\/\/www.inchimica.net\/tr\/urun\/soletta\/#breadcrumb","itemListElement":[{"@type":"ListItem","position":1,"name":"Home","item":"https:\/\/www.inchimica.net\/tr\/home\/"},{"@type":"ListItem","position":2,"name":"\u00dcr\u00fcnler","item":"https:\/\/www.inchimica.net\/urunler\/"},{"@type":"ListItem","position":3,"name":"Soletta"}]},{"@type":"WebSite","@id":"https:\/\/www.inchimica.net\/tr\/#website","url":"https:\/\/www.inchimica.net\/tr\/","name":"INCHIMICA","description":"Bonding and veterinary solutions","publisher":{"@id":"https:\/\/www.inchimica.net\/tr\/#organization"},"potentialAction":[{"@type":"SearchAction","target":{"@type":"EntryPoint","urlTemplate":"https:\/\/www.inchimica.net\/tr\/?s={search_term_string}"},"query-input":{"@type":"PropertyValueSpecification","valueRequired":true,"valueName":"search_term_string"}}],"inLanguage":"tr"},{"@type":"Organization","@id":"https:\/\/www.inchimica.net\/tr\/#organization","name":"INCHIMICA","url":"https:\/\/www.inchimica.net\/tr\/","logo":{"@type":"ImageObject","inLanguage":"tr","@id":"https:\/\/www.inchimica.net\/tr\/#\/schema\/logo\/image\/","url":"https:\/\/www.inchimica.net\/wp-content\/uploads\/Raggruppa-287.svg","contentUrl":"https:\/\/www.inchimica.net\/wp-content\/uploads\/Raggruppa-287.svg","width":1017,"height":257,"caption":"INCHIMICA"},"image":{"@id":"https:\/\/www.inchimica.net\/tr\/#\/schema\/logo\/image\/"}}]}},"brands":[{"id":31,"name":"Bovimix","slug":"bovimix"}],"_links":{"self":[{"href":"https:\/\/www.inchimica.net\/tr\/wp-json\/wp\/v2\/product\/1515","targetHints":{"allow":["GET"]}}],"collection":[{"href":"https:\/\/www.inchimica.net\/tr\/wp-json\/wp\/v2\/product"}],"about":[{"href":"https:\/\/www.inchimica.net\/tr\/wp-json\/wp\/v2\/types\/product"}],"wp:featuredmedia":[{"embeddable":true,"href":"https:\/\/www.inchimica.net\/tr\/wp-json\/wp\/v2\/media\/1516"}],"wp:attachment":[{"href":"https:\/\/www.inchimica.net\/tr\/wp-json\/wp\/v2\/media?parent=1515"}],"wp:term":[{"taxonomy":"pwb-brand","embeddable":true,"href":"https:\/\/www.inchimica.net\/tr\/wp-json\/wp\/v2\/pwb-brand?post=1515"},{"taxonomy":"product_brand","embeddable":true,"href":"https:\/\/www.inchimica.net\/tr\/wp-json\/wp\/v2\/product_brand?post=1515"},{"taxonomy":"product_cat","embeddable":true,"href":"https:\/\/www.inchimica.net\/tr\/wp-json\/wp\/v2\/product_cat?post=1515"},{"taxonomy":"product_tag","embeddable":true,"href":"https:\/\/www.inchimica.net\/tr\/wp-json\/wp\/v2\/product_tag?post=1515"}],"curies":[{"name":"wp","href":"https:\/\/api.w.org\/{rel}","templated":true}]}}