{"id":1511,"date":"2021-01-19T13:17:27","date_gmt":"2025-03-25T10:56:41","guid":{"rendered":"https:\/\/www.inchimica.net\/product\/cow-block-adhesive-wf-kis-formulu\/"},"modified":"2025-03-25T10:56:41","modified_gmt":"2025-03-25T10:56:41","slug":"cow-block-adhesive-wf-kis-formulu","status":"publish","type":"product","link":"https:\/\/www.inchimica.net\/tr\/urun\/cow-block-adhesive-wf-kis-formulu\/","title":{"rendered":"Cow Block Adhesive WF (K\u0131\u015f Form\u00fcl\u00fc)"},"content":{"rendered":"<div>\n<p><b> \u00c7al\u0131\u015fma s\u00fcresi: <\/b>22 saniye (at 20\u00b0 C)<br \/>\n<b>Yap\u0131\u015fma s\u00fcresi: <\/b>2 dakika<br \/>\n<b> Kapasite: <\/b>178-200ml (kartu\u015f tipine g\u00f6re de\u011fi\u015fir)<br \/>\n<b>Raf \u00f6mr\u00fc: <\/b>\u00dcretim tarihinden itibaren 12 ay (do\u011fru saklama ko\u015fullar\u0131nda)<b> Saklama s\u0131cakl\u0131\u011f\u0131: <\/b>20-30\u00b0 C<br \/>\n<b>Uygulama s\u0131cakl\u0131\u011f\u0131: <\/b>18-30\u00b0 C<\/p>\n<\/div>\n<div>\n<p>K\u0131\u015f form\u00fcl\u00fc (WF) ortalama s\u0131cakl\u0131\u011f\u013118\u00b0 C&#8217;nin alt\u0131na d\u00fc\u015ft\u00fc\u011f\u00fcnde m\u00fckemmel performans ve ayn\u0131 k\u00fcrlenme s\u00fcresini korumay\u0131 sa\u011flar. Kullanmadan \u00f6nce kartu\u015fu her zaman 20\u00b0 C civar\u0131nda tutman\u0131z \u00f6nerilir.<\/p>\n<p><iframe title=\"BOVIMIX COW BLOCK ADHESIVE WF\" width=\"1200\" height=\"675\" src=\"https:\/\/www.youtube.com\/embed\/v5kPLxBsiyE?feature=oembed\" frameborder=\"0\" allow=\"accelerometer; autoplay; clipboard-write; encrypted-media; gyroscope; picture-in-picture; web-share\" referrerpolicy=\"strict-origin-when-cross-origin\" allowfullscreen><\/iframe><\/p>\n<\/div>\n","protected":false},"excerpt":{"rendered":"<p>\u00c7al\u0131\u015fma s\u00fcresi: 22 saniye (20\u00b0 C&#8217;de)<br \/>\nYap\u0131\u015ft\u0131rma s\u00fcresi: 2 dakika<br \/>\nKapasite: 178-200ml (kartu\u015f tipine g\u00f6re de\u011fi\u015fir)<br \/>\nRaf \u00f6mr\u00fc: \u00dcretim tarihinden itibaren 12 ay (do\u011fru saklama ko\u015fullar\u0131nda)<br \/>\nSaklama s\u0131cakl\u0131\u011f\u0131: 20-30\u00b0 C<br \/>\nUygulama S\u0131cakl\u0131\u011f\u0131 : 18-30\u00b0 C<br \/>\nK\u0131\u015f form\u00fcl\u00fc (WF) ortalama s\u0131cakl\u0131\u011f\u013118\u00b0 C&#8217;nin alt\u0131na d\u00fc\u015ft\u00fc\u011f\u00fcnde m\u00fckemmel performans ve ayn\u0131 k\u00fcrlenme s\u00fcresini korumay\u0131 sa\u011flar. Kullanmadan \u00f6nce kartu\u015fu her zaman 20\u00b0 C civar\u0131nda tutman\u0131z \u00f6nerilir.<\/p>\n","protected":false},"featured_media":1512,"template":"","meta":{"_acf_changed":false,"inline_featured_image":false},"pwb-brand":[31],"product_brand":[],"product_cat":[90],"product_tag":[],"class_list":{"0":"post-1511","1":"product","2":"type-product","3":"status-publish","4":"has-post-thumbnail","6":"pwb-brand-bovimix","7":"product_cat-inekler","9":"first","10":"instock","11":"shipping-taxable","12":"product-type-simple"},"acf":[],"yoast_head":"<!-- This site is optimized with the Yoast SEO plugin v24.7 - https:\/\/yoast.com\/wordpress\/plugins\/seo\/ -->\n<title>Cow Block Adhesive WF (K\u0131\u015f Form\u00fcl\u00fc) - INCHIMICA<\/title>\n<meta name=\"robots\" content=\"index, follow, max-snippet:-1, max-image-preview:large, max-video-preview:-1\" \/>\n<link rel=\"canonical\" href=\"https:\/\/www.inchimica.net\/tr\/urun\/cow-block-adhesive-wf-kis-formulu\/\" \/>\n<meta property=\"og:locale\" content=\"tr_TR\" \/>\n<meta property=\"og:type\" content=\"article\" \/>\n<meta property=\"og:title\" content=\"Cow Block Adhesive WF (K\u0131\u015f Form\u00fcl\u00fc) - INCHIMICA\" \/>\n<meta property=\"og:description\" content=\"\u00c7al\u0131\u015fma s\u00fcresi: 22 saniye (20\u00b0 C&#039;de) Yap\u0131\u015ft\u0131rma s\u00fcresi: 2 dakika Kapasite: 178-200ml (kartu\u015f tipine g\u00f6re de\u011fi\u015fir) Raf \u00f6mr\u00fc: \u00dcretim tarihinden itibaren 12 ay (do\u011fru saklama ko\u015fullar\u0131nda) Saklama s\u0131cakl\u0131\u011f\u0131: 20-30\u00b0 C Uygulama S\u0131cakl\u0131\u011f\u0131 : 18-30\u00b0 C K\u0131\u015f form\u00fcl\u00fc (WF) ortalama s\u0131cakl\u0131\u011f\u013118\u00b0 C&#039;nin alt\u0131na d\u00fc\u015ft\u00fc\u011f\u00fcnde m\u00fckemmel performans ve ayn\u0131 k\u00fcrlenme s\u00fcresini korumay\u0131 sa\u011flar. Kullanmadan \u00f6nce kartu\u015fu her zaman 20\u00b0 C civar\u0131nda tutman\u0131z \u00f6nerilir.\" \/>\n<meta property=\"og:url\" content=\"https:\/\/www.inchimica.net\/tr\/urun\/cow-block-adhesive-wf-kis-formulu\/\" \/>\n<meta property=\"og:site_name\" content=\"INCHIMICA\" \/>\n<meta property=\"og:image\" content=\"https:\/\/www.inchimica.net\/wp-content\/uploads\/DSC05592-1.jpg\" \/>\n\t<meta property=\"og:image:width\" content=\"1067\" \/>\n\t<meta property=\"og:image:height\" content=\"1600\" \/>\n\t<meta property=\"og:image:type\" content=\"image\/jpeg\" \/>\n<meta name=\"twitter:card\" content=\"summary_large_image\" \/>\n<script type=\"application\/ld+json\" class=\"yoast-schema-graph\">{\"@context\":\"https:\/\/schema.org\",\"@graph\":[{\"@type\":\"WebPage\",\"@id\":\"https:\/\/www.inchimica.net\/tr\/urun\/cow-block-adhesive-wf-kis-formulu\/\",\"url\":\"https:\/\/www.inchimica.net\/tr\/urun\/cow-block-adhesive-wf-kis-formulu\/\",\"name\":\"Cow Block Adhesive WF (K\u0131\u015f Form\u00fcl\u00fc) - INCHIMICA\",\"isPartOf\":{\"@id\":\"https:\/\/www.inchimica.net\/tr\/#website\"},\"primaryImageOfPage\":{\"@id\":\"https:\/\/www.inchimica.net\/tr\/urun\/cow-block-adhesive-wf-kis-formulu\/#primaryimage\"},\"image\":{\"@id\":\"https:\/\/www.inchimica.net\/tr\/urun\/cow-block-adhesive-wf-kis-formulu\/#primaryimage\"},\"thumbnailUrl\":\"https:\/\/www.inchimica.net\/wp-content\/uploads\/DSC05592-1.jpg\",\"datePublished\":\"2025-03-25T10:56:41+00:00\",\"breadcrumb\":{\"@id\":\"https:\/\/www.inchimica.net\/tr\/urun\/cow-block-adhesive-wf-kis-formulu\/#breadcrumb\"},\"inLanguage\":\"tr\",\"potentialAction\":[{\"@type\":\"ReadAction\",\"target\":[\"https:\/\/www.inchimica.net\/tr\/urun\/cow-block-adhesive-wf-kis-formulu\/\"]}]},{\"@type\":\"ImageObject\",\"inLanguage\":\"tr\",\"@id\":\"https:\/\/www.inchimica.net\/tr\/urun\/cow-block-adhesive-wf-kis-formulu\/#primaryimage\",\"url\":\"https:\/\/www.inchimica.net\/wp-content\/uploads\/DSC05592-1.jpg\",\"contentUrl\":\"https:\/\/www.inchimica.net\/wp-content\/uploads\/DSC05592-1.jpg\",\"width\":1067,\"height\":1600},{\"@type\":\"BreadcrumbList\",\"@id\":\"https:\/\/www.inchimica.net\/tr\/urun\/cow-block-adhesive-wf-kis-formulu\/#breadcrumb\",\"itemListElement\":[{\"@type\":\"ListItem\",\"position\":1,\"name\":\"Home\",\"item\":\"https:\/\/www.inchimica.net\/tr\/home\/\"},{\"@type\":\"ListItem\",\"position\":2,\"name\":\"\u00dcr\u00fcnler\",\"item\":\"https:\/\/www.inchimica.net\/urunler\/\"},{\"@type\":\"ListItem\",\"position\":3,\"name\":\"Cow Block Adhesive WF (K\u0131\u015f Form\u00fcl\u00fc)\"}]},{\"@type\":\"WebSite\",\"@id\":\"https:\/\/www.inchimica.net\/tr\/#website\",\"url\":\"https:\/\/www.inchimica.net\/tr\/\",\"name\":\"INCHIMICA\",\"description\":\"Bonding and veterinary solutions\",\"publisher\":{\"@id\":\"https:\/\/www.inchimica.net\/tr\/#organization\"},\"potentialAction\":[{\"@type\":\"SearchAction\",\"target\":{\"@type\":\"EntryPoint\",\"urlTemplate\":\"https:\/\/www.inchimica.net\/tr\/?s={search_term_string}\"},\"query-input\":{\"@type\":\"PropertyValueSpecification\",\"valueRequired\":true,\"valueName\":\"search_term_string\"}}],\"inLanguage\":\"tr\"},{\"@type\":\"Organization\",\"@id\":\"https:\/\/www.inchimica.net\/tr\/#organization\",\"name\":\"INCHIMICA\",\"url\":\"https:\/\/www.inchimica.net\/tr\/\",\"logo\":{\"@type\":\"ImageObject\",\"inLanguage\":\"tr\",\"@id\":\"https:\/\/www.inchimica.net\/tr\/#\/schema\/logo\/image\/\",\"url\":\"https:\/\/www.inchimica.net\/wp-content\/uploads\/Raggruppa-287.svg\",\"contentUrl\":\"https:\/\/www.inchimica.net\/wp-content\/uploads\/Raggruppa-287.svg\",\"width\":1017,\"height\":257,\"caption\":\"INCHIMICA\"},\"image\":{\"@id\":\"https:\/\/www.inchimica.net\/tr\/#\/schema\/logo\/image\/\"}}]}<\/script>\n<!-- \/ Yoast SEO plugin. -->","yoast_head_json":{"title":"Cow Block Adhesive WF (K\u0131\u015f Form\u00fcl\u00fc) - INCHIMICA","robots":{"index":"index","follow":"follow","max-snippet":"max-snippet:-1","max-image-preview":"max-image-preview:large","max-video-preview":"max-video-preview:-1"},"canonical":"https:\/\/www.inchimica.net\/tr\/urun\/cow-block-adhesive-wf-kis-formulu\/","og_locale":"tr_TR","og_type":"article","og_title":"Cow Block Adhesive WF (K\u0131\u015f Form\u00fcl\u00fc) - INCHIMICA","og_description":"\u00c7al\u0131\u015fma s\u00fcresi: 22 saniye (20\u00b0 C'de) Yap\u0131\u015ft\u0131rma s\u00fcresi: 2 dakika Kapasite: 178-200ml (kartu\u015f tipine g\u00f6re de\u011fi\u015fir) Raf \u00f6mr\u00fc: \u00dcretim tarihinden itibaren 12 ay (do\u011fru saklama ko\u015fullar\u0131nda) Saklama s\u0131cakl\u0131\u011f\u0131: 20-30\u00b0 C Uygulama S\u0131cakl\u0131\u011f\u0131 : 18-30\u00b0 C K\u0131\u015f form\u00fcl\u00fc (WF) ortalama s\u0131cakl\u0131\u011f\u013118\u00b0 C'nin alt\u0131na d\u00fc\u015ft\u00fc\u011f\u00fcnde m\u00fckemmel performans ve ayn\u0131 k\u00fcrlenme s\u00fcresini korumay\u0131 sa\u011flar. Kullanmadan \u00f6nce kartu\u015fu her zaman 20\u00b0 C civar\u0131nda tutman\u0131z \u00f6nerilir.","og_url":"https:\/\/www.inchimica.net\/tr\/urun\/cow-block-adhesive-wf-kis-formulu\/","og_site_name":"INCHIMICA","og_image":[{"width":1067,"height":1600,"url":"https:\/\/www.inchimica.net\/wp-content\/uploads\/DSC05592-1.jpg","type":"image\/jpeg"}],"twitter_card":"summary_large_image","schema":{"@context":"https:\/\/schema.org","@graph":[{"@type":"WebPage","@id":"https:\/\/www.inchimica.net\/tr\/urun\/cow-block-adhesive-wf-kis-formulu\/","url":"https:\/\/www.inchimica.net\/tr\/urun\/cow-block-adhesive-wf-kis-formulu\/","name":"Cow Block Adhesive WF (K\u0131\u015f Form\u00fcl\u00fc) - INCHIMICA","isPartOf":{"@id":"https:\/\/www.inchimica.net\/tr\/#website"},"primaryImageOfPage":{"@id":"https:\/\/www.inchimica.net\/tr\/urun\/cow-block-adhesive-wf-kis-formulu\/#primaryimage"},"image":{"@id":"https:\/\/www.inchimica.net\/tr\/urun\/cow-block-adhesive-wf-kis-formulu\/#primaryimage"},"thumbnailUrl":"https:\/\/www.inchimica.net\/wp-content\/uploads\/DSC05592-1.jpg","datePublished":"2025-03-25T10:56:41+00:00","breadcrumb":{"@id":"https:\/\/www.inchimica.net\/tr\/urun\/cow-block-adhesive-wf-kis-formulu\/#breadcrumb"},"inLanguage":"tr","potentialAction":[{"@type":"ReadAction","target":["https:\/\/www.inchimica.net\/tr\/urun\/cow-block-adhesive-wf-kis-formulu\/"]}]},{"@type":"ImageObject","inLanguage":"tr","@id":"https:\/\/www.inchimica.net\/tr\/urun\/cow-block-adhesive-wf-kis-formulu\/#primaryimage","url":"https:\/\/www.inchimica.net\/wp-content\/uploads\/DSC05592-1.jpg","contentUrl":"https:\/\/www.inchimica.net\/wp-content\/uploads\/DSC05592-1.jpg","width":1067,"height":1600},{"@type":"BreadcrumbList","@id":"https:\/\/www.inchimica.net\/tr\/urun\/cow-block-adhesive-wf-kis-formulu\/#breadcrumb","itemListElement":[{"@type":"ListItem","position":1,"name":"Home","item":"https:\/\/www.inchimica.net\/tr\/home\/"},{"@type":"ListItem","position":2,"name":"\u00dcr\u00fcnler","item":"https:\/\/www.inchimica.net\/urunler\/"},{"@type":"ListItem","position":3,"name":"Cow Block Adhesive WF (K\u0131\u015f Form\u00fcl\u00fc)"}]},{"@type":"WebSite","@id":"https:\/\/www.inchimica.net\/tr\/#website","url":"https:\/\/www.inchimica.net\/tr\/","name":"INCHIMICA","description":"Bonding and veterinary solutions","publisher":{"@id":"https:\/\/www.inchimica.net\/tr\/#organization"},"potentialAction":[{"@type":"SearchAction","target":{"@type":"EntryPoint","urlTemplate":"https:\/\/www.inchimica.net\/tr\/?s={search_term_string}"},"query-input":{"@type":"PropertyValueSpecification","valueRequired":true,"valueName":"search_term_string"}}],"inLanguage":"tr"},{"@type":"Organization","@id":"https:\/\/www.inchimica.net\/tr\/#organization","name":"INCHIMICA","url":"https:\/\/www.inchimica.net\/tr\/","logo":{"@type":"ImageObject","inLanguage":"tr","@id":"https:\/\/www.inchimica.net\/tr\/#\/schema\/logo\/image\/","url":"https:\/\/www.inchimica.net\/wp-content\/uploads\/Raggruppa-287.svg","contentUrl":"https:\/\/www.inchimica.net\/wp-content\/uploads\/Raggruppa-287.svg","width":1017,"height":257,"caption":"INCHIMICA"},"image":{"@id":"https:\/\/www.inchimica.net\/tr\/#\/schema\/logo\/image\/"}}]}},"brands":[{"id":31,"name":"Bovimix","slug":"bovimix"}],"_links":{"self":[{"href":"https:\/\/www.inchimica.net\/tr\/wp-json\/wp\/v2\/product\/1511","targetHints":{"allow":["GET"]}}],"collection":[{"href":"https:\/\/www.inchimica.net\/tr\/wp-json\/wp\/v2\/product"}],"about":[{"href":"https:\/\/www.inchimica.net\/tr\/wp-json\/wp\/v2\/types\/product"}],"wp:featuredmedia":[{"embeddable":true,"href":"https:\/\/www.inchimica.net\/tr\/wp-json\/wp\/v2\/media\/1512"}],"wp:attachment":[{"href":"https:\/\/www.inchimica.net\/tr\/wp-json\/wp\/v2\/media?parent=1511"}],"wp:term":[{"taxonomy":"pwb-brand","embeddable":true,"href":"https:\/\/www.inchimica.net\/tr\/wp-json\/wp\/v2\/pwb-brand?post=1511"},{"taxonomy":"product_brand","embeddable":true,"href":"https:\/\/www.inchimica.net\/tr\/wp-json\/wp\/v2\/product_brand?post=1511"},{"taxonomy":"product_cat","embeddable":true,"href":"https:\/\/www.inchimica.net\/tr\/wp-json\/wp\/v2\/product_cat?post=1511"},{"taxonomy":"product_tag","embeddable":true,"href":"https:\/\/www.inchimica.net\/tr\/wp-json\/wp\/v2\/product_tag?post=1511"}],"curies":[{"name":"wp","href":"https:\/\/api.w.org\/{rel}","templated":true}]}}