{"id":1510,"date":"2021-01-19T13:16:47","date_gmt":"2025-03-25T10:56:30","guid":{"rendered":"https:\/\/www.inchimica.net\/product\/cow-block-yapistiricisi\/"},"modified":"2025-03-25T10:56:30","modified_gmt":"2025-03-25T10:56:30","slug":"cow-block-yapistiricisi","status":"publish","type":"product","link":"https:\/\/www.inchimica.net\/tr\/urun\/cow-block-yapistiricisi\/","title":{"rendered":"Cow Block Yap\u0131\u015ft\u0131r\u0131c\u0131s\u0131"},"content":{"rendered":"<p><b>\u00c7al\u0131\u015fma s\u00fcresi: <\/b>30 saniye (20\u00b0 C&#8217;de)<br \/>\n<b>Yap\u0131\u015ft\u0131rma s\u00fcresi: <\/b>3 dakika<br \/>\n<b>Kapsite: <\/b>178-200ml (kartu\u015f tipine g\u00f6re de\u011fi\u015fir)<br \/>\n<b>Raf \u00f6mr\u00fc: <\/b> \u00dcretim tarihinden itibaren 12 ay (do\u011fru saklama ko\u015fullar\u0131nda) <b>Saklama s\u0131cakl\u0131\u011f\u0131: <\/b>20-30\u00b0 C<br \/>\n<b>Uygulama s\u0131cakl\u0131\u011f\u0131 <\/b>18-30\u00b0 C<\/p>\n<p><div class='w3eden'><!-- WPDM Link Template: Default Template -->\n\n<div class=\"link-template-default card mb-2\">\n    <div class=\"card-body\">\n        <div class=\"media\">\n            <div class=\"mr-3 img-48\"><img decoding=\"async\" class=\"wpdm_icon\" alt=\"Icon\"   src=\"http:\/\/www.inchimica.net\/wp-content\/plugins\/download-manager\/assets\/file-type-icons\/download_box.png\" \/><\/div>\n            <div class=\"media-body\">\n                <h3 class=\"package-title\"><a href='https:\/\/www.inchimica.net\/tr\/download\/msds-cow-block-adhesive\/'>MSDS Cow Block Adhesive<\/a><\/h3>\n                <div class=\"text-muted text-small\"><i class=\"fas fa-copy\"><\/i> 16 file(s) <i class=\"fas fa-hdd ml-3\"><\/i> 0<\/div>\n            <\/div>\n            <div class=\"ml-3\">\n                <a class='wpdm-download-link download-on-click btn btn-success btn-sm'  rel='nofollow' href='#' data-downloadurl=\"https:\/\/www.inchimica.net\/tr\/download\/msds-cow-block-adhesive\/?wpdmdl=1243&refresh=69df3525757961776235813\">Download<\/a>\n            <\/div>\n        <\/div>\n    <\/div>\n<\/div>\n\n<\/div><div class='w3eden'><!-- WPDM Link Template: Default Template -->\n\n<div class=\"link-template-default card mb-2\">\n    <div class=\"card-body\">\n        <div class=\"media\">\n            <div class=\"mr-3 img-48\"><img decoding=\"async\" class=\"wpdm_icon\" alt=\"Icon\"   src=\"http:\/\/www.inchimica.net\/wp-content\/plugins\/download-manager\/assets\/file-type-icons\/download_box.png\" \/><\/div>\n            <div class=\"media-body\">\n                <h3 class=\"package-title\"><a href='https:\/\/www.inchimica.net\/tr\/download\/tds-cow-block-adhesive\/'>TDS Cow Block Adhesive<\/a><\/h3>\n                <div class=\"text-muted text-small\"><i class=\"fas fa-copy\"><\/i> 7 file(s) <i class=\"fas fa-hdd ml-3\"><\/i> 0<\/div>\n            <\/div>\n            <div class=\"ml-3\">\n                <a class='wpdm-download-link download-on-click btn btn-success btn-sm'  rel='nofollow' href='#' data-downloadurl=\"https:\/\/www.inchimica.net\/tr\/download\/tds-cow-block-adhesive\/?wpdmdl=1244&refresh=69df3525896ed1776235813\">Download<\/a>\n            <\/div>\n        <\/div>\n    <\/div>\n<\/div>\n\n<\/div><\/p>\n<p><iframe title=\"BOVIMIX COW BLOCK ADHESIVE\" width=\"1200\" height=\"675\" src=\"https:\/\/www.youtube.com\/embed\/wIa3EIa67BI?feature=oembed\" frameborder=\"0\" allow=\"accelerometer; autoplay; clipboard-write; encrypted-media; gyroscope; picture-in-picture; web-share\" referrerpolicy=\"strict-origin-when-cross-origin\" allowfullscreen><\/iframe><\/p>\n","protected":false},"excerpt":{"rendered":"<p>\u00c7al\u0131\u015fma s\u00fcresi: 30 saniye ( 20\u00b0 C&#8217;de)<br \/>\nYap\u0131\u015ft\u0131rma s\u00fcresi: 3 dakika<br \/>\nKapasite: 178-200ml (kartu\u015f tipine g\u00f6re de\u011fi\u015fir)<br \/>\nRaf \u00f6mr\u00fc: \u00dcretim tarihinden itibaren 12 ay (do\u011fru saklama ko\u015fullas\u0131nda) Saklama s\u0131cakl\u0131\u011f\u0131: 20-30\u00b0 C<br \/>\nUygulama S\u0131cakl\u0131\u011f\u0131: 18-30\u00b0 C<\/p>\n","protected":false},"featured_media":669,"template":"","meta":{"_acf_changed":false,"inline_featured_image":false},"pwb-brand":[31],"product_brand":[],"product_cat":[89,90],"product_tag":[],"class_list":{"0":"post-1510","1":"product","2":"type-product","3":"status-publish","4":"has-post-thumbnail","6":"pwb-brand-bovimix","7":"product_cat-hayvan-bakim","8":"product_cat-inekler","10":"first","11":"instock","12":"shipping-taxable","13":"product-type-simple"},"acf":[],"yoast_head":"<!-- This site is optimized with the Yoast SEO plugin v24.7 - https:\/\/yoast.com\/wordpress\/plugins\/seo\/ -->\n<title>Cow Block Yap\u0131\u015ft\u0131r\u0131c\u0131s\u0131 - INCHIMICA<\/title>\n<meta name=\"robots\" content=\"index, follow, max-snippet:-1, max-image-preview:large, max-video-preview:-1\" \/>\n<link rel=\"canonical\" href=\"https:\/\/www.inchimica.net\/tr\/urun\/cow-block-yapistiricisi\/\" \/>\n<meta property=\"og:locale\" content=\"tr_TR\" \/>\n<meta property=\"og:type\" content=\"article\" \/>\n<meta property=\"og:title\" content=\"Cow Block Yap\u0131\u015ft\u0131r\u0131c\u0131s\u0131 - INCHIMICA\" \/>\n<meta property=\"og:description\" content=\"\u00c7al\u0131\u015fma s\u00fcresi: 30 saniye ( 20\u00b0 C&#039;de) Yap\u0131\u015ft\u0131rma s\u00fcresi: 3 dakika Kapasite: 178-200ml (kartu\u015f tipine g\u00f6re de\u011fi\u015fir) Raf \u00f6mr\u00fc: \u00dcretim tarihinden itibaren 12 ay (do\u011fru saklama ko\u015fullas\u0131nda) Saklama s\u0131cakl\u0131\u011f\u0131: 20-30\u00b0 C Uygulama S\u0131cakl\u0131\u011f\u0131: 18-30\u00b0 C\" \/>\n<meta property=\"og:url\" content=\"https:\/\/www.inchimica.net\/tr\/urun\/cow-block-yapistiricisi\/\" \/>\n<meta property=\"og:site_name\" content=\"INCHIMICA\" \/>\n<meta property=\"og:image\" content=\"https:\/\/www.inchimica.net\/wp-content\/uploads\/PPL-inchimica.jpg\" \/>\n\t<meta property=\"og:image:width\" content=\"1200\" \/>\n\t<meta property=\"og:image:height\" content=\"628\" \/>\n\t<meta property=\"og:image:type\" content=\"image\/jpeg\" \/>\n<meta name=\"twitter:card\" content=\"summary_large_image\" \/>\n<script type=\"application\/ld+json\" class=\"yoast-schema-graph\">{\"@context\":\"https:\/\/schema.org\",\"@graph\":[{\"@type\":\"WebPage\",\"@id\":\"https:\/\/www.inchimica.net\/tr\/urun\/cow-block-yapistiricisi\/\",\"url\":\"https:\/\/www.inchimica.net\/tr\/urun\/cow-block-yapistiricisi\/\",\"name\":\"Cow Block Yap\u0131\u015ft\u0131r\u0131c\u0131s\u0131 - INCHIMICA\",\"isPartOf\":{\"@id\":\"https:\/\/www.inchimica.net\/tr\/#website\"},\"primaryImageOfPage\":{\"@id\":\"https:\/\/www.inchimica.net\/tr\/urun\/cow-block-yapistiricisi\/#primaryimage\"},\"image\":{\"@id\":\"https:\/\/www.inchimica.net\/tr\/urun\/cow-block-yapistiricisi\/#primaryimage\"},\"thumbnailUrl\":\"https:\/\/www.inchimica.net\/wp-content\/uploads\/DSC05592.jpg\",\"datePublished\":\"2025-03-25T10:56:30+00:00\",\"breadcrumb\":{\"@id\":\"https:\/\/www.inchimica.net\/tr\/urun\/cow-block-yapistiricisi\/#breadcrumb\"},\"inLanguage\":\"tr\",\"potentialAction\":[{\"@type\":\"ReadAction\",\"target\":[\"https:\/\/www.inchimica.net\/tr\/urun\/cow-block-yapistiricisi\/\"]}]},{\"@type\":\"ImageObject\",\"inLanguage\":\"tr\",\"@id\":\"https:\/\/www.inchimica.net\/tr\/urun\/cow-block-yapistiricisi\/#primaryimage\",\"url\":\"https:\/\/www.inchimica.net\/wp-content\/uploads\/DSC05592.jpg\",\"contentUrl\":\"https:\/\/www.inchimica.net\/wp-content\/uploads\/DSC05592.jpg\",\"width\":1067,\"height\":1600},{\"@type\":\"BreadcrumbList\",\"@id\":\"https:\/\/www.inchimica.net\/tr\/urun\/cow-block-yapistiricisi\/#breadcrumb\",\"itemListElement\":[{\"@type\":\"ListItem\",\"position\":1,\"name\":\"Home\",\"item\":\"https:\/\/www.inchimica.net\/tr\/home\/\"},{\"@type\":\"ListItem\",\"position\":2,\"name\":\"\u00dcr\u00fcnler\",\"item\":\"https:\/\/www.inchimica.net\/urunler\/\"},{\"@type\":\"ListItem\",\"position\":3,\"name\":\"Cow Block Yap\u0131\u015ft\u0131r\u0131c\u0131s\u0131\"}]},{\"@type\":\"WebSite\",\"@id\":\"https:\/\/www.inchimica.net\/tr\/#website\",\"url\":\"https:\/\/www.inchimica.net\/tr\/\",\"name\":\"INCHIMICA\",\"description\":\"Bonding and veterinary solutions\",\"publisher\":{\"@id\":\"https:\/\/www.inchimica.net\/tr\/#organization\"},\"potentialAction\":[{\"@type\":\"SearchAction\",\"target\":{\"@type\":\"EntryPoint\",\"urlTemplate\":\"https:\/\/www.inchimica.net\/tr\/?s={search_term_string}\"},\"query-input\":{\"@type\":\"PropertyValueSpecification\",\"valueRequired\":true,\"valueName\":\"search_term_string\"}}],\"inLanguage\":\"tr\"},{\"@type\":\"Organization\",\"@id\":\"https:\/\/www.inchimica.net\/tr\/#organization\",\"name\":\"INCHIMICA\",\"url\":\"https:\/\/www.inchimica.net\/tr\/\",\"logo\":{\"@type\":\"ImageObject\",\"inLanguage\":\"tr\",\"@id\":\"https:\/\/www.inchimica.net\/tr\/#\/schema\/logo\/image\/\",\"url\":\"https:\/\/www.inchimica.net\/wp-content\/uploads\/Raggruppa-287.svg\",\"contentUrl\":\"https:\/\/www.inchimica.net\/wp-content\/uploads\/Raggruppa-287.svg\",\"width\":1017,\"height\":257,\"caption\":\"INCHIMICA\"},\"image\":{\"@id\":\"https:\/\/www.inchimica.net\/tr\/#\/schema\/logo\/image\/\"}}]}<\/script>\n<!-- \/ Yoast SEO plugin. -->","yoast_head_json":{"title":"Cow Block Yap\u0131\u015ft\u0131r\u0131c\u0131s\u0131 - INCHIMICA","robots":{"index":"index","follow":"follow","max-snippet":"max-snippet:-1","max-image-preview":"max-image-preview:large","max-video-preview":"max-video-preview:-1"},"canonical":"https:\/\/www.inchimica.net\/tr\/urun\/cow-block-yapistiricisi\/","og_locale":"tr_TR","og_type":"article","og_title":"Cow Block Yap\u0131\u015ft\u0131r\u0131c\u0131s\u0131 - INCHIMICA","og_description":"\u00c7al\u0131\u015fma s\u00fcresi: 30 saniye ( 20\u00b0 C'de) Yap\u0131\u015ft\u0131rma s\u00fcresi: 3 dakika Kapasite: 178-200ml (kartu\u015f tipine g\u00f6re de\u011fi\u015fir) Raf \u00f6mr\u00fc: \u00dcretim tarihinden itibaren 12 ay (do\u011fru saklama ko\u015fullas\u0131nda) Saklama s\u0131cakl\u0131\u011f\u0131: 20-30\u00b0 C Uygulama S\u0131cakl\u0131\u011f\u0131: 18-30\u00b0 C","og_url":"https:\/\/www.inchimica.net\/tr\/urun\/cow-block-yapistiricisi\/","og_site_name":"INCHIMICA","og_image":[{"width":1200,"height":628,"url":"https:\/\/www.inchimica.net\/wp-content\/uploads\/PPL-inchimica.jpg","type":"image\/jpeg"}],"twitter_card":"summary_large_image","schema":{"@context":"https:\/\/schema.org","@graph":[{"@type":"WebPage","@id":"https:\/\/www.inchimica.net\/tr\/urun\/cow-block-yapistiricisi\/","url":"https:\/\/www.inchimica.net\/tr\/urun\/cow-block-yapistiricisi\/","name":"Cow Block Yap\u0131\u015ft\u0131r\u0131c\u0131s\u0131 - INCHIMICA","isPartOf":{"@id":"https:\/\/www.inchimica.net\/tr\/#website"},"primaryImageOfPage":{"@id":"https:\/\/www.inchimica.net\/tr\/urun\/cow-block-yapistiricisi\/#primaryimage"},"image":{"@id":"https:\/\/www.inchimica.net\/tr\/urun\/cow-block-yapistiricisi\/#primaryimage"},"thumbnailUrl":"https:\/\/www.inchimica.net\/wp-content\/uploads\/DSC05592.jpg","datePublished":"2025-03-25T10:56:30+00:00","breadcrumb":{"@id":"https:\/\/www.inchimica.net\/tr\/urun\/cow-block-yapistiricisi\/#breadcrumb"},"inLanguage":"tr","potentialAction":[{"@type":"ReadAction","target":["https:\/\/www.inchimica.net\/tr\/urun\/cow-block-yapistiricisi\/"]}]},{"@type":"ImageObject","inLanguage":"tr","@id":"https:\/\/www.inchimica.net\/tr\/urun\/cow-block-yapistiricisi\/#primaryimage","url":"https:\/\/www.inchimica.net\/wp-content\/uploads\/DSC05592.jpg","contentUrl":"https:\/\/www.inchimica.net\/wp-content\/uploads\/DSC05592.jpg","width":1067,"height":1600},{"@type":"BreadcrumbList","@id":"https:\/\/www.inchimica.net\/tr\/urun\/cow-block-yapistiricisi\/#breadcrumb","itemListElement":[{"@type":"ListItem","position":1,"name":"Home","item":"https:\/\/www.inchimica.net\/tr\/home\/"},{"@type":"ListItem","position":2,"name":"\u00dcr\u00fcnler","item":"https:\/\/www.inchimica.net\/urunler\/"},{"@type":"ListItem","position":3,"name":"Cow Block Yap\u0131\u015ft\u0131r\u0131c\u0131s\u0131"}]},{"@type":"WebSite","@id":"https:\/\/www.inchimica.net\/tr\/#website","url":"https:\/\/www.inchimica.net\/tr\/","name":"INCHIMICA","description":"Bonding and veterinary solutions","publisher":{"@id":"https:\/\/www.inchimica.net\/tr\/#organization"},"potentialAction":[{"@type":"SearchAction","target":{"@type":"EntryPoint","urlTemplate":"https:\/\/www.inchimica.net\/tr\/?s={search_term_string}"},"query-input":{"@type":"PropertyValueSpecification","valueRequired":true,"valueName":"search_term_string"}}],"inLanguage":"tr"},{"@type":"Organization","@id":"https:\/\/www.inchimica.net\/tr\/#organization","name":"INCHIMICA","url":"https:\/\/www.inchimica.net\/tr\/","logo":{"@type":"ImageObject","inLanguage":"tr","@id":"https:\/\/www.inchimica.net\/tr\/#\/schema\/logo\/image\/","url":"https:\/\/www.inchimica.net\/wp-content\/uploads\/Raggruppa-287.svg","contentUrl":"https:\/\/www.inchimica.net\/wp-content\/uploads\/Raggruppa-287.svg","width":1017,"height":257,"caption":"INCHIMICA"},"image":{"@id":"https:\/\/www.inchimica.net\/tr\/#\/schema\/logo\/image\/"}}]}},"brands":[{"id":31,"name":"Bovimix","slug":"bovimix"}],"_links":{"self":[{"href":"https:\/\/www.inchimica.net\/tr\/wp-json\/wp\/v2\/product\/1510","targetHints":{"allow":["GET"]}}],"collection":[{"href":"https:\/\/www.inchimica.net\/tr\/wp-json\/wp\/v2\/product"}],"about":[{"href":"https:\/\/www.inchimica.net\/tr\/wp-json\/wp\/v2\/types\/product"}],"wp:featuredmedia":[{"embeddable":true,"href":"https:\/\/www.inchimica.net\/tr\/wp-json\/wp\/v2\/media\/669"}],"wp:attachment":[{"href":"https:\/\/www.inchimica.net\/tr\/wp-json\/wp\/v2\/media?parent=1510"}],"wp:term":[{"taxonomy":"pwb-brand","embeddable":true,"href":"https:\/\/www.inchimica.net\/tr\/wp-json\/wp\/v2\/pwb-brand?post=1510"},{"taxonomy":"product_brand","embeddable":true,"href":"https:\/\/www.inchimica.net\/tr\/wp-json\/wp\/v2\/product_brand?post=1510"},{"taxonomy":"product_cat","embeddable":true,"href":"https:\/\/www.inchimica.net\/tr\/wp-json\/wp\/v2\/product_cat?post=1510"},{"taxonomy":"product_tag","embeddable":true,"href":"https:\/\/www.inchimica.net\/tr\/wp-json\/wp\/v2\/product_tag?post=1510"}],"curies":[{"name":"wp","href":"https:\/\/api.w.org\/{rel}","templated":true}]}}