{"id":1502,"date":"2021-01-19T10:26:59","date_gmt":"2025-03-25T10:54:58","guid":{"rendered":"https:\/\/www.inchimica.net\/product\/polymix-yuksek-yapili-dikis-dolgu\/"},"modified":"2025-03-25T10:54:58","modified_gmt":"2025-03-25T10:54:58","slug":"polymix-yuksek-yapili-dikis-dolgu","status":"publish","type":"product","link":"https:\/\/www.inchimica.net\/tr\/urun\/polymix-yuksek-yapili-dikis-dolgu\/","title":{"rendered":"POLYMIX Y\u00fcksek Yap\u0131l\u0131 Diki\u015f Dolgu"},"content":{"rendered":"<p>PL. 5005.050<br \/>\nPL. 5005.200<br \/>\n1,7 fl oz \u2013 50ml<br \/>\n6,76 fl oz &#8211; 200ml<br \/>\nGri \/ Hardal Sar\u0131s\u0131<br \/>\n\u00c7al\u0131\u015fma s\u00fcresi: 15 dakika<br \/>\nZ\u0131mparalama s\u00fcresi: 30 dakika<br \/>\nDikey veya yatay diki\u015flerde kullan\u0131lmak \u00fczere tasarlanm\u0131\u015f iki bile\u015fenli poli\u00fcretan dolgu, OEM (Orijinal Ekipman \u00dcretisicisi) dolgular\u0131na uygun olarak dikd\u00f6rtgen \u015fekilli bir boncuk formunda uygulan\u0131r. Sarkma, akma yapmaz. P\u00fcsk\u00fcrtme ve f\u0131r\u00e7alanma efektlerini yeniden olu\u015fturmak i\u00e7in kullan\u0131labilir..<\/p>\n<p><div class='w3eden'><!-- WPDM Link Template: Default Template -->\n\n<div class=\"link-template-default card mb-2\">\n    <div class=\"card-body\">\n        <div class=\"media\">\n            <div class=\"mr-3 img-48\"><img decoding=\"async\" class=\"wpdm_icon\" alt=\"Icon\"   src=\"http:\/\/www.inchimica.net\/wp-content\/plugins\/download-manager\/assets\/file-type-icons\/download_box.png\" \/><\/div>\n            <div class=\"media-body\">\n                <h3 class=\"package-title\"><a href='https:\/\/www.inchimica.net\/tr\/download\/msds-high-build-seam-sealer\/'>MSDS High Build Seam Sealer<\/a><\/h3>\n                <div class=\"text-muted text-small\"><i class=\"fas fa-copy\"><\/i> 24 file(s) <i class=\"fas fa-hdd ml-3\"><\/i> 0<\/div>\n            <\/div>\n            <div class=\"ml-3\">\n                <a class='wpdm-download-link download-on-click btn btn-success btn-sm'  rel='nofollow' href='#' data-downloadurl=\"https:\/\/www.inchimica.net\/tr\/download\/msds-high-build-seam-sealer\/?wpdmdl=1285&refresh=69f457b475b091777620916\">Download<\/a>\n            <\/div>\n        <\/div>\n    <\/div>\n<\/div>\n\n<\/div><div class='w3eden'><!-- WPDM Link Template: Default Template -->\n\n<div class=\"link-template-default card mb-2\">\n    <div class=\"card-body\">\n        <div class=\"media\">\n            <div class=\"mr-3 img-48\"><img decoding=\"async\" class=\"wpdm_icon\" alt=\"Icon\"   src=\"http:\/\/www.inchimica.net\/wp-content\/plugins\/download-manager\/assets\/file-type-icons\/download_box.png\" \/><\/div>\n            <div class=\"media-body\">\n                <h3 class=\"package-title\"><a href='https:\/\/www.inchimica.net\/tr\/download\/tds-high-build-seam-sealer\/'>TDS High Build Seam Sealer<\/a><\/h3>\n                <div class=\"text-muted text-small\"><i class=\"fas fa-copy\"><\/i> 14 file(s) <i class=\"fas fa-hdd ml-3\"><\/i> 0<\/div>\n            <\/div>\n            <div class=\"ml-3\">\n                <a class='wpdm-download-link download-on-click btn btn-success btn-sm'  rel='nofollow' href='#' data-downloadurl=\"https:\/\/www.inchimica.net\/tr\/download\/tds-high-build-seam-sealer\/?wpdmdl=1286&refresh=69f457b4886031777620916\">Download<\/a>\n            <\/div>\n        <\/div>\n    <\/div>\n<\/div>\n\n<\/div><\/p>\n","protected":false},"excerpt":{"rendered":"<p>PL. 5005.050<br \/>\nPL. 5005.200<br \/>\n1,7 fl oz \u2013 50ml<br \/>\n6,76 fl oz &#8211; 200ml<br \/>\nGri \/ Hardal Sar\u0131s\u0131<br \/>\n\u00c7al\u0131\u015fma s\u00fcresi: 15 dakika<br \/>\nZ\u0131mparalama s\u00fcresi: 30 dakika<br \/>\nDikey veya yatay diki\u015flerde kullan\u0131lmak \u00fczere tasarlanm\u0131\u015f iki bile\u015fenli poli\u00fcretan dolgu, OEM (Orijinal Ekipman \u00dcretisicisi) dolgular\u0131na uygun olarak dikd\u00f6rtgen \u015fekilli bir boncuk formunda uygulan\u0131r. Sarkma, akma yapmaz. P\u00fcsk\u00fcrtme ve f\u0131r\u00e7alanma efektlerini yeniden olu\u015fturmak i\u00e7in kullan\u0131labilir.<\/p>\n","protected":false},"featured_media":826,"template":"","meta":{"_acf_changed":false,"inline_featured_image":false},"pwb-brand":[30],"product_brand":[],"product_cat":[82,87],"product_tag":[],"class_list":{"0":"post-1502","1":"product","2":"type-product","3":"status-publish","4":"has-post-thumbnail","6":"pwb-brand-polymix","7":"product_cat-otomotiv","8":"product_cat-seam-sealers-tr","10":"first","11":"instock","12":"shipping-taxable","13":"product-type-simple"},"acf":[],"yoast_head":"<!-- This site is optimized with the Yoast SEO plugin v27.4 - https:\/\/yoast.com\/product\/yoast-seo-wordpress\/ -->\n<title>POLYMIX Y\u00fcksek Yap\u0131l\u0131 Diki\u015f Dolgu - INCHIMICA<\/title>\n<meta name=\"robots\" content=\"index, follow, max-snippet:-1, max-image-preview:large, max-video-preview:-1\" \/>\n<link rel=\"canonical\" href=\"https:\/\/www.inchimica.net\/tr\/urun\/polymix-yuksek-yapili-dikis-dolgu\/\" \/>\n<meta property=\"og:locale\" content=\"tr_TR\" \/>\n<meta property=\"og:type\" content=\"article\" \/>\n<meta property=\"og:title\" content=\"POLYMIX Y\u00fcksek Yap\u0131l\u0131 Diki\u015f Dolgu - INCHIMICA\" \/>\n<meta property=\"og:description\" content=\"PL. 5005.050 PL. 5005.200 1,7 fl oz \u2013 50ml 6,76 fl oz - 200ml Gri \/ Hardal Sar\u0131s\u0131 \u00c7al\u0131\u015fma s\u00fcresi: 15 dakika Z\u0131mparalama s\u00fcresi: 30 dakika Dikey veya yatay diki\u015flerde kullan\u0131lmak \u00fczere tasarlanm\u0131\u015f iki bile\u015fenli poli\u00fcretan dolgu, OEM (Orijinal Ekipman \u00dcretisicisi) dolgular\u0131na uygun olarak dikd\u00f6rtgen \u015fekilli bir boncuk formunda uygulan\u0131r. Sarkma, akma yapmaz. P\u00fcsk\u00fcrtme ve f\u0131r\u00e7alanma efektlerini yeniden olu\u015fturmak i\u00e7in kullan\u0131labilir.\" \/>\n<meta property=\"og:url\" content=\"https:\/\/www.inchimica.net\/tr\/urun\/polymix-yuksek-yapili-dikis-dolgu\/\" \/>\n<meta property=\"og:site_name\" content=\"INCHIMICA\" \/>\n<meta property=\"og:image\" content=\"https:\/\/www.inchimica.net\/wp-content\/uploads\/PPL-inchimica.jpg\" \/>\n\t<meta property=\"og:image:width\" content=\"1200\" \/>\n\t<meta property=\"og:image:height\" content=\"628\" \/>\n\t<meta property=\"og:image:type\" content=\"image\/jpeg\" \/>\n<meta name=\"twitter:card\" content=\"summary_large_image\" \/>\n<script type=\"application\/ld+json\" class=\"yoast-schema-graph\">{\"@context\":\"https:\\\/\\\/schema.org\",\"@graph\":[{\"@type\":\"WebPage\",\"@id\":\"https:\\\/\\\/www.inchimica.net\\\/tr\\\/urun\\\/polymix-yuksek-yapili-dikis-dolgu\\\/\",\"url\":\"https:\\\/\\\/www.inchimica.net\\\/tr\\\/urun\\\/polymix-yuksek-yapili-dikis-dolgu\\\/\",\"name\":\"POLYMIX Y\u00fcksek Yap\u0131l\u0131 Diki\u015f Dolgu - INCHIMICA\",\"isPartOf\":{\"@id\":\"https:\\\/\\\/www.inchimica.net\\\/tr\\\/#website\"},\"primaryImageOfPage\":{\"@id\":\"https:\\\/\\\/www.inchimica.net\\\/tr\\\/urun\\\/polymix-yuksek-yapili-dikis-dolgu\\\/#primaryimage\"},\"image\":{\"@id\":\"https:\\\/\\\/www.inchimica.net\\\/tr\\\/urun\\\/polymix-yuksek-yapili-dikis-dolgu\\\/#primaryimage\"},\"thumbnailUrl\":\"https:\\\/\\\/www.inchimica.net\\\/wp-content\\\/uploads\\\/Foto-cartuccia-High-Build-Seam-Sealer.jpg\",\"datePublished\":\"2025-03-25T10:54:58+00:00\",\"breadcrumb\":{\"@id\":\"https:\\\/\\\/www.inchimica.net\\\/tr\\\/urun\\\/polymix-yuksek-yapili-dikis-dolgu\\\/#breadcrumb\"},\"inLanguage\":\"tr\",\"potentialAction\":[{\"@type\":\"ReadAction\",\"target\":[\"https:\\\/\\\/www.inchimica.net\\\/tr\\\/urun\\\/polymix-yuksek-yapili-dikis-dolgu\\\/\"]}]},{\"@type\":\"ImageObject\",\"inLanguage\":\"tr\",\"@id\":\"https:\\\/\\\/www.inchimica.net\\\/tr\\\/urun\\\/polymix-yuksek-yapili-dikis-dolgu\\\/#primaryimage\",\"url\":\"https:\\\/\\\/www.inchimica.net\\\/wp-content\\\/uploads\\\/Foto-cartuccia-High-Build-Seam-Sealer.jpg\",\"contentUrl\":\"https:\\\/\\\/www.inchimica.net\\\/wp-content\\\/uploads\\\/Foto-cartuccia-High-Build-Seam-Sealer.jpg\",\"width\":1600,\"height\":1600},{\"@type\":\"BreadcrumbList\",\"@id\":\"https:\\\/\\\/www.inchimica.net\\\/tr\\\/urun\\\/polymix-yuksek-yapili-dikis-dolgu\\\/#breadcrumb\",\"itemListElement\":[{\"@type\":\"ListItem\",\"position\":1,\"name\":\"Home\",\"item\":\"https:\\\/\\\/www.inchimica.net\\\/tr\\\/home\\\/\"},{\"@type\":\"ListItem\",\"position\":2,\"name\":\"\u00dcr\u00fcnler\",\"item\":\"https:\\\/\\\/www.inchimica.net\\\/urunler\\\/\"},{\"@type\":\"ListItem\",\"position\":3,\"name\":\"POLYMIX Y\u00fcksek Yap\u0131l\u0131 Diki\u015f Dolgu\"}]},{\"@type\":\"WebSite\",\"@id\":\"https:\\\/\\\/www.inchimica.net\\\/tr\\\/#website\",\"url\":\"https:\\\/\\\/www.inchimica.net\\\/tr\\\/\",\"name\":\"INCHIMICA\",\"description\":\"Bonding and veterinary solutions\",\"publisher\":{\"@id\":\"https:\\\/\\\/www.inchimica.net\\\/tr\\\/#organization\"},\"potentialAction\":[{\"@type\":\"SearchAction\",\"target\":{\"@type\":\"EntryPoint\",\"urlTemplate\":\"https:\\\/\\\/www.inchimica.net\\\/tr\\\/?s={search_term_string}\"},\"query-input\":{\"@type\":\"PropertyValueSpecification\",\"valueRequired\":true,\"valueName\":\"search_term_string\"}}],\"inLanguage\":\"tr\"},{\"@type\":\"Organization\",\"@id\":\"https:\\\/\\\/www.inchimica.net\\\/tr\\\/#organization\",\"name\":\"INCHIMICA\",\"url\":\"https:\\\/\\\/www.inchimica.net\\\/tr\\\/\",\"logo\":{\"@type\":\"ImageObject\",\"inLanguage\":\"tr\",\"@id\":\"https:\\\/\\\/www.inchimica.net\\\/tr\\\/#\\\/schema\\\/logo\\\/image\\\/\",\"url\":\"https:\\\/\\\/www.inchimica.net\\\/wp-content\\\/uploads\\\/Raggruppa-287.svg\",\"contentUrl\":\"https:\\\/\\\/www.inchimica.net\\\/wp-content\\\/uploads\\\/Raggruppa-287.svg\",\"width\":1017,\"height\":257,\"caption\":\"INCHIMICA\"},\"image\":{\"@id\":\"https:\\\/\\\/www.inchimica.net\\\/tr\\\/#\\\/schema\\\/logo\\\/image\\\/\"}}]}<\/script>\n<!-- \/ Yoast SEO plugin. -->","yoast_head_json":{"title":"POLYMIX Y\u00fcksek Yap\u0131l\u0131 Diki\u015f Dolgu - INCHIMICA","robots":{"index":"index","follow":"follow","max-snippet":"max-snippet:-1","max-image-preview":"max-image-preview:large","max-video-preview":"max-video-preview:-1"},"canonical":"https:\/\/www.inchimica.net\/tr\/urun\/polymix-yuksek-yapili-dikis-dolgu\/","og_locale":"tr_TR","og_type":"article","og_title":"POLYMIX Y\u00fcksek Yap\u0131l\u0131 Diki\u015f Dolgu - INCHIMICA","og_description":"PL. 5005.050 PL. 5005.200 1,7 fl oz \u2013 50ml 6,76 fl oz - 200ml Gri \/ Hardal Sar\u0131s\u0131 \u00c7al\u0131\u015fma s\u00fcresi: 15 dakika Z\u0131mparalama s\u00fcresi: 30 dakika Dikey veya yatay diki\u015flerde kullan\u0131lmak \u00fczere tasarlanm\u0131\u015f iki bile\u015fenli poli\u00fcretan dolgu, OEM (Orijinal Ekipman \u00dcretisicisi) dolgular\u0131na uygun olarak dikd\u00f6rtgen \u015fekilli bir boncuk formunda uygulan\u0131r. Sarkma, akma yapmaz. P\u00fcsk\u00fcrtme ve f\u0131r\u00e7alanma efektlerini yeniden olu\u015fturmak i\u00e7in kullan\u0131labilir.","og_url":"https:\/\/www.inchimica.net\/tr\/urun\/polymix-yuksek-yapili-dikis-dolgu\/","og_site_name":"INCHIMICA","og_image":[{"width":1200,"height":628,"url":"https:\/\/www.inchimica.net\/wp-content\/uploads\/PPL-inchimica.jpg","type":"image\/jpeg"}],"twitter_card":"summary_large_image","schema":{"@context":"https:\/\/schema.org","@graph":[{"@type":"WebPage","@id":"https:\/\/www.inchimica.net\/tr\/urun\/polymix-yuksek-yapili-dikis-dolgu\/","url":"https:\/\/www.inchimica.net\/tr\/urun\/polymix-yuksek-yapili-dikis-dolgu\/","name":"POLYMIX Y\u00fcksek Yap\u0131l\u0131 Diki\u015f Dolgu - INCHIMICA","isPartOf":{"@id":"https:\/\/www.inchimica.net\/tr\/#website"},"primaryImageOfPage":{"@id":"https:\/\/www.inchimica.net\/tr\/urun\/polymix-yuksek-yapili-dikis-dolgu\/#primaryimage"},"image":{"@id":"https:\/\/www.inchimica.net\/tr\/urun\/polymix-yuksek-yapili-dikis-dolgu\/#primaryimage"},"thumbnailUrl":"https:\/\/www.inchimica.net\/wp-content\/uploads\/Foto-cartuccia-High-Build-Seam-Sealer.jpg","datePublished":"2025-03-25T10:54:58+00:00","breadcrumb":{"@id":"https:\/\/www.inchimica.net\/tr\/urun\/polymix-yuksek-yapili-dikis-dolgu\/#breadcrumb"},"inLanguage":"tr","potentialAction":[{"@type":"ReadAction","target":["https:\/\/www.inchimica.net\/tr\/urun\/polymix-yuksek-yapili-dikis-dolgu\/"]}]},{"@type":"ImageObject","inLanguage":"tr","@id":"https:\/\/www.inchimica.net\/tr\/urun\/polymix-yuksek-yapili-dikis-dolgu\/#primaryimage","url":"https:\/\/www.inchimica.net\/wp-content\/uploads\/Foto-cartuccia-High-Build-Seam-Sealer.jpg","contentUrl":"https:\/\/www.inchimica.net\/wp-content\/uploads\/Foto-cartuccia-High-Build-Seam-Sealer.jpg","width":1600,"height":1600},{"@type":"BreadcrumbList","@id":"https:\/\/www.inchimica.net\/tr\/urun\/polymix-yuksek-yapili-dikis-dolgu\/#breadcrumb","itemListElement":[{"@type":"ListItem","position":1,"name":"Home","item":"https:\/\/www.inchimica.net\/tr\/home\/"},{"@type":"ListItem","position":2,"name":"\u00dcr\u00fcnler","item":"https:\/\/www.inchimica.net\/urunler\/"},{"@type":"ListItem","position":3,"name":"POLYMIX Y\u00fcksek Yap\u0131l\u0131 Diki\u015f Dolgu"}]},{"@type":"WebSite","@id":"https:\/\/www.inchimica.net\/tr\/#website","url":"https:\/\/www.inchimica.net\/tr\/","name":"INCHIMICA","description":"Bonding and veterinary solutions","publisher":{"@id":"https:\/\/www.inchimica.net\/tr\/#organization"},"potentialAction":[{"@type":"SearchAction","target":{"@type":"EntryPoint","urlTemplate":"https:\/\/www.inchimica.net\/tr\/?s={search_term_string}"},"query-input":{"@type":"PropertyValueSpecification","valueRequired":true,"valueName":"search_term_string"}}],"inLanguage":"tr"},{"@type":"Organization","@id":"https:\/\/www.inchimica.net\/tr\/#organization","name":"INCHIMICA","url":"https:\/\/www.inchimica.net\/tr\/","logo":{"@type":"ImageObject","inLanguage":"tr","@id":"https:\/\/www.inchimica.net\/tr\/#\/schema\/logo\/image\/","url":"https:\/\/www.inchimica.net\/wp-content\/uploads\/Raggruppa-287.svg","contentUrl":"https:\/\/www.inchimica.net\/wp-content\/uploads\/Raggruppa-287.svg","width":1017,"height":257,"caption":"INCHIMICA"},"image":{"@id":"https:\/\/www.inchimica.net\/tr\/#\/schema\/logo\/image\/"}}]}},"brands":[{"id":30,"name":"Polymix","slug":"polymix"}],"_links":{"self":[{"href":"https:\/\/www.inchimica.net\/tr\/wp-json\/wp\/v2\/product\/1502","targetHints":{"allow":["GET"]}}],"collection":[{"href":"https:\/\/www.inchimica.net\/tr\/wp-json\/wp\/v2\/product"}],"about":[{"href":"https:\/\/www.inchimica.net\/tr\/wp-json\/wp\/v2\/types\/product"}],"wp:featuredmedia":[{"embeddable":true,"href":"https:\/\/www.inchimica.net\/tr\/wp-json\/wp\/v2\/media\/826"}],"wp:attachment":[{"href":"https:\/\/www.inchimica.net\/tr\/wp-json\/wp\/v2\/media?parent=1502"}],"wp:term":[{"taxonomy":"pwb-brand","embeddable":true,"href":"https:\/\/www.inchimica.net\/tr\/wp-json\/wp\/v2\/pwb-brand?post=1502"},{"taxonomy":"product_brand","embeddable":true,"href":"https:\/\/www.inchimica.net\/tr\/wp-json\/wp\/v2\/product_brand?post=1502"},{"taxonomy":"product_cat","embeddable":true,"href":"https:\/\/www.inchimica.net\/tr\/wp-json\/wp\/v2\/product_cat?post=1502"},{"taxonomy":"product_tag","embeddable":true,"href":"https:\/\/www.inchimica.net\/tr\/wp-json\/wp\/v2\/product_tag?post=1502"}],"curies":[{"name":"wp","href":"https:\/\/api.w.org\/{rel}","templated":true}]}}