{"id":1499,"date":"2021-01-19T10:24:48","date_gmt":"2025-03-25T10:54:26","guid":{"rendered":"https:\/\/www.inchimica.net\/product\/polymix-universal-adhesive-flex-15\/"},"modified":"2025-03-25T10:54:26","modified_gmt":"2025-03-25T10:54:26","slug":"polymix-universal-adhesive-flex-15","status":"publish","type":"product","link":"https:\/\/www.inchimica.net\/tr\/urun\/polymix-universal-adhesive-flex-15\/","title":{"rendered":"POLYMIX Universal Adhesive Flex 15"},"content":{"rendered":"<p>PL. 3005.050<br \/>\nPL. 3005.200<br \/>\n1,7 fl oz \u2013 50ml<br \/>\n6,76 fl oz &#8211; 200ml<br \/>\nBlack<br \/>\n\u00c7al\u0131\u015fma s\u00fcresi: 15 dakika<br \/>\nZ\u0131mparalama s\u00fcresi: 2 saat<br \/>\n\u0130ki bile\u015fenli poli\u00fcretan yap\u0131\u015ft\u0131r\u0131c\u0131 y\u00fcksek dayan\u0131m gerektiren uygulamalar i\u00e7in par\u00e7alar\u0131 birle\u015ftirmede m\u00fckemmel esneklik sa\u011flar..<\/p>\n<p><div class='w3eden'><!-- WPDM Link Template: Default Template -->\n\n<div class=\"link-template-default card mb-2\">\n    <div class=\"card-body\">\n        <div class=\"media\">\n            <div class=\"mr-3 img-48\"><img decoding=\"async\" class=\"wpdm_icon\" alt=\"Icon\"   src=\"http:\/\/www.inchimica.net\/wp-content\/plugins\/download-manager\/assets\/file-type-icons\/download_box.png\" \/><\/div>\n            <div class=\"media-body\">\n                <h3 class=\"package-title\"><a href='https:\/\/www.inchimica.net\/tr\/download\/msds-universal-adhesive-flex-15\/'>MSDS Universal Adhesive Flex 15<\/a><\/h3>\n                <div class=\"text-muted text-small\"><i class=\"fas fa-copy\"><\/i> 24 file(s) <i class=\"fas fa-hdd ml-3\"><\/i> 0<\/div>\n            <\/div>\n            <div class=\"ml-3\">\n                <a class='wpdm-download-link download-on-click btn btn-success btn-sm'  rel='nofollow' href='#' data-downloadurl=\"https:\/\/www.inchimica.net\/tr\/download\/msds-universal-adhesive-flex-15\/?wpdmdl=1278&refresh=69df3598776941776235928\">Download<\/a>\n            <\/div>\n        <\/div>\n    <\/div>\n<\/div>\n\n<\/div><div class='w3eden'><!-- WPDM Link Template: Default Template -->\n\n<div class=\"link-template-default card mb-2\">\n    <div class=\"card-body\">\n        <div class=\"media\">\n            <div class=\"mr-3 img-48\"><img decoding=\"async\" class=\"wpdm_icon\" alt=\"Icon\"   src=\"http:\/\/www.inchimica.net\/wp-content\/plugins\/download-manager\/assets\/file-type-icons\/download_box.png\" \/><\/div>\n            <div class=\"media-body\">\n                <h3 class=\"package-title\"><a href='https:\/\/www.inchimica.net\/tr\/download\/tds-universal-adhesive-flex-15\/'>TDS Universal Adhesive Flex 15<\/a><\/h3>\n                <div class=\"text-muted text-small\"><i class=\"fas fa-copy\"><\/i> 7 file(s) <i class=\"fas fa-hdd ml-3\"><\/i> 0<\/div>\n            <\/div>\n            <div class=\"ml-3\">\n                <a class='wpdm-download-link download-on-click btn btn-success btn-sm'  rel='nofollow' href='#' data-downloadurl=\"https:\/\/www.inchimica.net\/tr\/download\/tds-universal-adhesive-flex-15\/?wpdmdl=1279&refresh=69df35988a8fa1776235928\">Download<\/a>\n            <\/div>\n        <\/div>\n    <\/div>\n<\/div>\n\n<\/div><\/p>\n","protected":false},"excerpt":{"rendered":"<p>PL. 3005.050<br \/>\nPL. 3005.200<br \/>\n1,7 fl oz \u2013 50ml<br \/>\n6,76 fl oz &#8211; 200ml<br \/>\nBlack<br \/>\n\u00c7al\u0131\u015fma s\u00fcresi: 15 dakika<br \/>\nZ\u0131mparalama s\u00fcresi: 2 saat<br \/>\n\u0130ki bile\u015fenli poli\u00fcretan yap\u0131\u015ft\u0131r\u0131c\u0131 y\u00fcksek dayan\u0131m gerektiren uygulamalar i\u00e7in par\u00e7alar\u0131 birle\u015ftirmede m\u00fckemmel esneklik sa\u011flar..<\/p>\n","protected":false},"featured_media":819,"template":"","meta":{"_acf_changed":false,"inline_featured_image":false},"pwb-brand":[30],"product_brand":[],"product_cat":[86,82,83],"product_tag":[],"class_list":{"0":"post-1499","1":"product","2":"type-product","3":"status-publish","4":"has-post-thumbnail","6":"pwb-brand-polymix","7":"product_cat-plastik-onarim","8":"product_cat-otomotiv","9":"product_cat-marin","11":"first","12":"instock","13":"shipping-taxable","14":"product-type-simple"},"acf":[],"yoast_head":"<!-- This site is optimized with the Yoast SEO plugin v24.7 - https:\/\/yoast.com\/wordpress\/plugins\/seo\/ -->\n<title>POLYMIX Universal Adhesive Flex 15 - INCHIMICA<\/title>\n<meta name=\"robots\" content=\"index, follow, max-snippet:-1, max-image-preview:large, max-video-preview:-1\" \/>\n<link rel=\"canonical\" href=\"https:\/\/www.inchimica.net\/tr\/urun\/polymix-universal-adhesive-flex-15\/\" \/>\n<meta property=\"og:locale\" content=\"tr_TR\" \/>\n<meta property=\"og:type\" content=\"article\" \/>\n<meta property=\"og:title\" content=\"POLYMIX Universal Adhesive Flex 15 - INCHIMICA\" \/>\n<meta property=\"og:description\" content=\"PL. 3005.050 PL. 3005.200 1,7 fl oz \u2013 50ml 6,76 fl oz - 200ml Black \u00c7al\u0131\u015fma s\u00fcresi: 15 dakika Z\u0131mparalama s\u00fcresi: 2 saat \u0130ki bile\u015fenli poli\u00fcretan yap\u0131\u015ft\u0131r\u0131c\u0131 y\u00fcksek dayan\u0131m gerektiren uygulamalar i\u00e7in par\u00e7alar\u0131 birle\u015ftirmede m\u00fckemmel esneklik sa\u011flar..\" \/>\n<meta property=\"og:url\" content=\"https:\/\/www.inchimica.net\/tr\/urun\/polymix-universal-adhesive-flex-15\/\" \/>\n<meta property=\"og:site_name\" content=\"INCHIMICA\" \/>\n<meta property=\"og:image\" content=\"https:\/\/www.inchimica.net\/wp-content\/uploads\/PPL-inchimica.jpg\" \/>\n\t<meta property=\"og:image:width\" content=\"1200\" \/>\n\t<meta property=\"og:image:height\" content=\"628\" \/>\n\t<meta property=\"og:image:type\" content=\"image\/jpeg\" \/>\n<meta name=\"twitter:card\" content=\"summary_large_image\" \/>\n<script type=\"application\/ld+json\" class=\"yoast-schema-graph\">{\"@context\":\"https:\/\/schema.org\",\"@graph\":[{\"@type\":\"WebPage\",\"@id\":\"https:\/\/www.inchimica.net\/tr\/urun\/polymix-universal-adhesive-flex-15\/\",\"url\":\"https:\/\/www.inchimica.net\/tr\/urun\/polymix-universal-adhesive-flex-15\/\",\"name\":\"POLYMIX Universal Adhesive Flex 15 - INCHIMICA\",\"isPartOf\":{\"@id\":\"https:\/\/www.inchimica.net\/tr\/#website\"},\"primaryImageOfPage\":{\"@id\":\"https:\/\/www.inchimica.net\/tr\/urun\/polymix-universal-adhesive-flex-15\/#primaryimage\"},\"image\":{\"@id\":\"https:\/\/www.inchimica.net\/tr\/urun\/polymix-universal-adhesive-flex-15\/#primaryimage\"},\"thumbnailUrl\":\"https:\/\/www.inchimica.net\/wp-content\/uploads\/Foto-cartuccia-Adhesive-Flex-15.jpg\",\"datePublished\":\"2025-03-25T10:54:26+00:00\",\"breadcrumb\":{\"@id\":\"https:\/\/www.inchimica.net\/tr\/urun\/polymix-universal-adhesive-flex-15\/#breadcrumb\"},\"inLanguage\":\"tr\",\"potentialAction\":[{\"@type\":\"ReadAction\",\"target\":[\"https:\/\/www.inchimica.net\/tr\/urun\/polymix-universal-adhesive-flex-15\/\"]}]},{\"@type\":\"ImageObject\",\"inLanguage\":\"tr\",\"@id\":\"https:\/\/www.inchimica.net\/tr\/urun\/polymix-universal-adhesive-flex-15\/#primaryimage\",\"url\":\"https:\/\/www.inchimica.net\/wp-content\/uploads\/Foto-cartuccia-Adhesive-Flex-15.jpg\",\"contentUrl\":\"https:\/\/www.inchimica.net\/wp-content\/uploads\/Foto-cartuccia-Adhesive-Flex-15.jpg\",\"width\":1600,\"height\":1600},{\"@type\":\"BreadcrumbList\",\"@id\":\"https:\/\/www.inchimica.net\/tr\/urun\/polymix-universal-adhesive-flex-15\/#breadcrumb\",\"itemListElement\":[{\"@type\":\"ListItem\",\"position\":1,\"name\":\"Home\",\"item\":\"https:\/\/www.inchimica.net\/tr\/home\/\"},{\"@type\":\"ListItem\",\"position\":2,\"name\":\"\u00dcr\u00fcnler\",\"item\":\"https:\/\/www.inchimica.net\/urunler\/\"},{\"@type\":\"ListItem\",\"position\":3,\"name\":\"POLYMIX Universal Adhesive Flex 15\"}]},{\"@type\":\"WebSite\",\"@id\":\"https:\/\/www.inchimica.net\/tr\/#website\",\"url\":\"https:\/\/www.inchimica.net\/tr\/\",\"name\":\"INCHIMICA\",\"description\":\"Bonding and veterinary solutions\",\"publisher\":{\"@id\":\"https:\/\/www.inchimica.net\/tr\/#organization\"},\"potentialAction\":[{\"@type\":\"SearchAction\",\"target\":{\"@type\":\"EntryPoint\",\"urlTemplate\":\"https:\/\/www.inchimica.net\/tr\/?s={search_term_string}\"},\"query-input\":{\"@type\":\"PropertyValueSpecification\",\"valueRequired\":true,\"valueName\":\"search_term_string\"}}],\"inLanguage\":\"tr\"},{\"@type\":\"Organization\",\"@id\":\"https:\/\/www.inchimica.net\/tr\/#organization\",\"name\":\"INCHIMICA\",\"url\":\"https:\/\/www.inchimica.net\/tr\/\",\"logo\":{\"@type\":\"ImageObject\",\"inLanguage\":\"tr\",\"@id\":\"https:\/\/www.inchimica.net\/tr\/#\/schema\/logo\/image\/\",\"url\":\"https:\/\/www.inchimica.net\/wp-content\/uploads\/Raggruppa-287.svg\",\"contentUrl\":\"https:\/\/www.inchimica.net\/wp-content\/uploads\/Raggruppa-287.svg\",\"width\":1017,\"height\":257,\"caption\":\"INCHIMICA\"},\"image\":{\"@id\":\"https:\/\/www.inchimica.net\/tr\/#\/schema\/logo\/image\/\"}}]}<\/script>\n<!-- \/ Yoast SEO plugin. -->","yoast_head_json":{"title":"POLYMIX Universal Adhesive Flex 15 - INCHIMICA","robots":{"index":"index","follow":"follow","max-snippet":"max-snippet:-1","max-image-preview":"max-image-preview:large","max-video-preview":"max-video-preview:-1"},"canonical":"https:\/\/www.inchimica.net\/tr\/urun\/polymix-universal-adhesive-flex-15\/","og_locale":"tr_TR","og_type":"article","og_title":"POLYMIX Universal Adhesive Flex 15 - INCHIMICA","og_description":"PL. 3005.050 PL. 3005.200 1,7 fl oz \u2013 50ml 6,76 fl oz - 200ml Black \u00c7al\u0131\u015fma s\u00fcresi: 15 dakika Z\u0131mparalama s\u00fcresi: 2 saat \u0130ki bile\u015fenli poli\u00fcretan yap\u0131\u015ft\u0131r\u0131c\u0131 y\u00fcksek dayan\u0131m gerektiren uygulamalar i\u00e7in par\u00e7alar\u0131 birle\u015ftirmede m\u00fckemmel esneklik sa\u011flar..","og_url":"https:\/\/www.inchimica.net\/tr\/urun\/polymix-universal-adhesive-flex-15\/","og_site_name":"INCHIMICA","og_image":[{"width":1200,"height":628,"url":"https:\/\/www.inchimica.net\/wp-content\/uploads\/PPL-inchimica.jpg","type":"image\/jpeg"}],"twitter_card":"summary_large_image","schema":{"@context":"https:\/\/schema.org","@graph":[{"@type":"WebPage","@id":"https:\/\/www.inchimica.net\/tr\/urun\/polymix-universal-adhesive-flex-15\/","url":"https:\/\/www.inchimica.net\/tr\/urun\/polymix-universal-adhesive-flex-15\/","name":"POLYMIX Universal Adhesive Flex 15 - INCHIMICA","isPartOf":{"@id":"https:\/\/www.inchimica.net\/tr\/#website"},"primaryImageOfPage":{"@id":"https:\/\/www.inchimica.net\/tr\/urun\/polymix-universal-adhesive-flex-15\/#primaryimage"},"image":{"@id":"https:\/\/www.inchimica.net\/tr\/urun\/polymix-universal-adhesive-flex-15\/#primaryimage"},"thumbnailUrl":"https:\/\/www.inchimica.net\/wp-content\/uploads\/Foto-cartuccia-Adhesive-Flex-15.jpg","datePublished":"2025-03-25T10:54:26+00:00","breadcrumb":{"@id":"https:\/\/www.inchimica.net\/tr\/urun\/polymix-universal-adhesive-flex-15\/#breadcrumb"},"inLanguage":"tr","potentialAction":[{"@type":"ReadAction","target":["https:\/\/www.inchimica.net\/tr\/urun\/polymix-universal-adhesive-flex-15\/"]}]},{"@type":"ImageObject","inLanguage":"tr","@id":"https:\/\/www.inchimica.net\/tr\/urun\/polymix-universal-adhesive-flex-15\/#primaryimage","url":"https:\/\/www.inchimica.net\/wp-content\/uploads\/Foto-cartuccia-Adhesive-Flex-15.jpg","contentUrl":"https:\/\/www.inchimica.net\/wp-content\/uploads\/Foto-cartuccia-Adhesive-Flex-15.jpg","width":1600,"height":1600},{"@type":"BreadcrumbList","@id":"https:\/\/www.inchimica.net\/tr\/urun\/polymix-universal-adhesive-flex-15\/#breadcrumb","itemListElement":[{"@type":"ListItem","position":1,"name":"Home","item":"https:\/\/www.inchimica.net\/tr\/home\/"},{"@type":"ListItem","position":2,"name":"\u00dcr\u00fcnler","item":"https:\/\/www.inchimica.net\/urunler\/"},{"@type":"ListItem","position":3,"name":"POLYMIX Universal Adhesive Flex 15"}]},{"@type":"WebSite","@id":"https:\/\/www.inchimica.net\/tr\/#website","url":"https:\/\/www.inchimica.net\/tr\/","name":"INCHIMICA","description":"Bonding and veterinary solutions","publisher":{"@id":"https:\/\/www.inchimica.net\/tr\/#organization"},"potentialAction":[{"@type":"SearchAction","target":{"@type":"EntryPoint","urlTemplate":"https:\/\/www.inchimica.net\/tr\/?s={search_term_string}"},"query-input":{"@type":"PropertyValueSpecification","valueRequired":true,"valueName":"search_term_string"}}],"inLanguage":"tr"},{"@type":"Organization","@id":"https:\/\/www.inchimica.net\/tr\/#organization","name":"INCHIMICA","url":"https:\/\/www.inchimica.net\/tr\/","logo":{"@type":"ImageObject","inLanguage":"tr","@id":"https:\/\/www.inchimica.net\/tr\/#\/schema\/logo\/image\/","url":"https:\/\/www.inchimica.net\/wp-content\/uploads\/Raggruppa-287.svg","contentUrl":"https:\/\/www.inchimica.net\/wp-content\/uploads\/Raggruppa-287.svg","width":1017,"height":257,"caption":"INCHIMICA"},"image":{"@id":"https:\/\/www.inchimica.net\/tr\/#\/schema\/logo\/image\/"}}]}},"brands":[{"id":30,"name":"Polymix","slug":"polymix"}],"_links":{"self":[{"href":"https:\/\/www.inchimica.net\/tr\/wp-json\/wp\/v2\/product\/1499","targetHints":{"allow":["GET"]}}],"collection":[{"href":"https:\/\/www.inchimica.net\/tr\/wp-json\/wp\/v2\/product"}],"about":[{"href":"https:\/\/www.inchimica.net\/tr\/wp-json\/wp\/v2\/types\/product"}],"wp:featuredmedia":[{"embeddable":true,"href":"https:\/\/www.inchimica.net\/tr\/wp-json\/wp\/v2\/media\/819"}],"wp:attachment":[{"href":"https:\/\/www.inchimica.net\/tr\/wp-json\/wp\/v2\/media?parent=1499"}],"wp:term":[{"taxonomy":"pwb-brand","embeddable":true,"href":"https:\/\/www.inchimica.net\/tr\/wp-json\/wp\/v2\/pwb-brand?post=1499"},{"taxonomy":"product_brand","embeddable":true,"href":"https:\/\/www.inchimica.net\/tr\/wp-json\/wp\/v2\/product_brand?post=1499"},{"taxonomy":"product_cat","embeddable":true,"href":"https:\/\/www.inchimica.net\/tr\/wp-json\/wp\/v2\/product_cat?post=1499"},{"taxonomy":"product_tag","embeddable":true,"href":"https:\/\/www.inchimica.net\/tr\/wp-json\/wp\/v2\/product_tag?post=1499"}],"curies":[{"name":"wp","href":"https:\/\/api.w.org\/{rel}","templated":true}]}}