{"id":1494,"date":"2021-01-19T10:21:45","date_gmt":"2025-03-25T10:53:37","guid":{"rendered":"https:\/\/www.inchimica.net\/product\/polymix-metal-panel-yapistirici-20\/"},"modified":"2025-03-25T10:53:37","modified_gmt":"2025-03-25T10:53:37","slug":"polymix-metal-panel-yapistirici-20","status":"publish","type":"product","link":"https:\/\/www.inchimica.net\/tr\/urun\/polymix-metal-panel-yapistirici-20\/","title":{"rendered":"POLYMIX Metal Panel Yap\u0131\u015ft\u0131r\u0131c\u0131 20"},"content":{"rendered":"<p>PL. 6002.050<br \/>\nPL. 6002.200<br \/>\n6,76 fl oz 200ml<br \/>\nSiyah<br \/>\n\u00c7al\u0131\u015fma S\u00fcresi: 20 dakika<br \/>\nZ\u0131mparalama S\u00fcresi: 5 saat<br \/>\nUygulama s\u00fcresi: 8 saat<br \/>\n\u00c7elik ve al\u00fcminyumu yap\u0131\u015ft\u0131rmak i\u00e7in kullan\u0131lan iki bile\u015fenli \u00fcrethan. Birincil kullan\u0131m alan\u0131, \u00e7eyrek panelleri, \u00e7at\u0131lar, kutu yanlar\u0131, vanlar\u0131n yanlar\u0131, arazi arac\u0131 yanlar\u0131 ve kap\u0131 y\u00fczeylerini de\u011fi\u015ftirmektir.<\/p>\n<p><div class='w3eden'><!-- WPDM Link Template: Default Template -->\n\n<div class=\"link-template-default card mb-2\">\n    <div class=\"card-body\">\n        <div class=\"media\">\n            <div class=\"mr-3 img-48\"><img decoding=\"async\" class=\"wpdm_icon\" alt=\"Icon\" src=\"https:\/\/www.inchimica.net\/wp-content\/plugins\/download-manager\/assets\/file-type-icons\/pdf.svg\" \/><\/div>\n            <div class=\"media-body\">\n                <h3 class=\"package-title\"><a href='https:\/\/www.inchimica.net\/tr\/download\/folder-metal-bonding\/'>Folder Metal Bonding<\/a><\/h3>\n                <div class=\"text-muted text-small\"><i class=\"fas fa-copy\"><\/i> 1 file(s) <i class=\"fas fa-hdd ml-3\"><\/i> 1.38 MB<\/div>\n            <\/div>\n            <div class=\"ml-3\">\n                <a class='wpdm-download-link download-on-click btn btn-success btn-sm'  rel='nofollow' href='#' data-downloadurl=\"https:\/\/www.inchimica.net\/tr\/download\/folder-metal-bonding\/?wpdmdl=1332&refresh=69df3b09eaccd1776237321\">Download<\/a>\n            <\/div>\n        <\/div>\n    <\/div>\n<\/div>\n\n<\/div><div class='w3eden'><!-- WPDM Link Template: Default Template -->\n\n<div class=\"link-template-default card mb-2\">\n    <div class=\"card-body\">\n        <div class=\"media\">\n            <div class=\"mr-3 img-48\"><img decoding=\"async\" class=\"wpdm_icon\" alt=\"Icon\"   src=\"http:\/\/www.inchimica.net\/wp-content\/plugins\/download-manager\/assets\/file-type-icons\/download_box.png\" \/><\/div>\n            <div class=\"media-body\">\n                <h3 class=\"package-title\"><a href='https:\/\/www.inchimica.net\/tr\/download\/msds-metal-panel-bond-20\/'>MSDS Metal Panel Bond 20<\/a><\/h3>\n                <div class=\"text-muted text-small\"><i class=\"fas fa-copy\"><\/i> 16 file(s) <i class=\"fas fa-hdd ml-3\"><\/i> 0<\/div>\n            <\/div>\n            <div class=\"ml-3\">\n                <a class='wpdm-download-link download-on-click btn btn-success btn-sm'  rel='nofollow' href='#' data-downloadurl=\"https:\/\/www.inchimica.net\/tr\/download\/msds-metal-panel-bond-20\/?wpdmdl=1264&refresh=69df3b0a0574b1776237322\">Download<\/a>\n            <\/div>\n        <\/div>\n    <\/div>\n<\/div>\n\n<\/div><div class='w3eden'><!-- WPDM Link Template: Default Template -->\n\n<div class=\"link-template-default card mb-2\">\n    <div class=\"card-body\">\n        <div class=\"media\">\n            <div class=\"mr-3 img-48\"><img decoding=\"async\" class=\"wpdm_icon\" alt=\"Icon\"   src=\"http:\/\/www.inchimica.net\/wp-content\/plugins\/download-manager\/assets\/file-type-icons\/download_box.png\" \/><\/div>\n            <div class=\"media-body\">\n                <h3 class=\"package-title\"><a href='https:\/\/www.inchimica.net\/tr\/download\/tds-metal-panel-bond-20\/'>TDS Metal Panel Bond 20<\/a><\/h3>\n                <div class=\"text-muted text-small\"><i class=\"fas fa-copy\"><\/i> 7 file(s) <i class=\"fas fa-hdd ml-3\"><\/i> 0<\/div>\n            <\/div>\n            <div class=\"ml-3\">\n                <a class='wpdm-download-link download-on-click btn btn-success btn-sm'  rel='nofollow' href='#' data-downloadurl=\"https:\/\/www.inchimica.net\/tr\/download\/tds-metal-panel-bond-20\/?wpdmdl=1265&refresh=69df3b0a13d011776237322\">Download<\/a>\n            <\/div>\n        <\/div>\n    <\/div>\n<\/div>\n\n<\/div><\/p>\n","protected":false},"excerpt":{"rendered":"<p>PL. 6002.050<br \/>\nPL. 6002.200<br \/>\n6,76 fl oz 200ml<br \/>\nSiyah<br \/>\n\u00c7al\u0131\u015fma S\u00fcresi: 20 dakika<br \/>\nZ\u0131mparalama S\u00fcresi: 5 saat<br \/>\nUygulama s\u00fcresi: 8 saat<br \/>\n\u00c7elik ve al\u00fcminyumu yap\u0131\u015ft\u0131rmak i\u00e7in kullan\u0131lan iki bile\u015fenli \u00fcrethan. Birincil kullan\u0131m alan\u0131, \u00e7eyrek panelleri, \u00e7at\u0131lar, kutu yanlar\u0131, vanlar\u0131n yanlar\u0131, arazi arac\u0131 yanlar\u0131 ve kap\u0131 y\u00fczeylerini de\u011fi\u015ftirmektir.<\/p>\n","protected":false},"featured_media":817,"template":"","meta":{"_acf_changed":false,"inline_featured_image":false},"pwb-brand":[30],"product_brand":[],"product_cat":[85,82],"product_tag":[],"class_list":{"0":"post-1494","1":"product","2":"type-product","3":"status-publish","4":"has-post-thumbnail","6":"pwb-brand-polymix","7":"product_cat-metal-bond-tr","8":"product_cat-otomotiv","10":"first","11":"instock","12":"shipping-taxable","13":"product-type-simple"},"acf":[],"yoast_head":"<!-- This site is optimized with the Yoast SEO plugin v24.7 - https:\/\/yoast.com\/wordpress\/plugins\/seo\/ -->\n<title>POLYMIX Metal Panel Yap\u0131\u015ft\u0131r\u0131c\u0131 20 - INCHIMICA<\/title>\n<meta name=\"robots\" content=\"index, follow, max-snippet:-1, max-image-preview:large, max-video-preview:-1\" \/>\n<link rel=\"canonical\" href=\"https:\/\/www.inchimica.net\/tr\/urun\/polymix-metal-panel-yapistirici-20\/\" \/>\n<meta property=\"og:locale\" content=\"tr_TR\" \/>\n<meta property=\"og:type\" content=\"article\" \/>\n<meta property=\"og:title\" content=\"POLYMIX Metal Panel Yap\u0131\u015ft\u0131r\u0131c\u0131 20 - INCHIMICA\" \/>\n<meta property=\"og:description\" content=\"PL. 6002.050 PL. 6002.200 6,76 fl oz 200ml Siyah \u00c7al\u0131\u015fma S\u00fcresi: 20 dakika Z\u0131mparalama S\u00fcresi: 5 saat Uygulama s\u00fcresi: 8 saat \u00c7elik ve al\u00fcminyumu yap\u0131\u015ft\u0131rmak i\u00e7in kullan\u0131lan iki bile\u015fenli \u00fcrethan. Birincil kullan\u0131m alan\u0131, \u00e7eyrek panelleri, \u00e7at\u0131lar, kutu yanlar\u0131, vanlar\u0131n yanlar\u0131, arazi arac\u0131 yanlar\u0131 ve kap\u0131 y\u00fczeylerini de\u011fi\u015ftirmektir.\" \/>\n<meta property=\"og:url\" content=\"https:\/\/www.inchimica.net\/tr\/urun\/polymix-metal-panel-yapistirici-20\/\" \/>\n<meta property=\"og:site_name\" content=\"INCHIMICA\" \/>\n<meta property=\"og:image\" content=\"https:\/\/www.inchimica.net\/wp-content\/uploads\/PPL-inchimica.jpg\" \/>\n\t<meta property=\"og:image:width\" content=\"1200\" \/>\n\t<meta property=\"og:image:height\" content=\"628\" \/>\n\t<meta property=\"og:image:type\" content=\"image\/jpeg\" \/>\n<meta name=\"twitter:card\" content=\"summary_large_image\" \/>\n<script type=\"application\/ld+json\" class=\"yoast-schema-graph\">{\"@context\":\"https:\/\/schema.org\",\"@graph\":[{\"@type\":\"WebPage\",\"@id\":\"https:\/\/www.inchimica.net\/tr\/urun\/polymix-metal-panel-yapistirici-20\/\",\"url\":\"https:\/\/www.inchimica.net\/tr\/urun\/polymix-metal-panel-yapistirici-20\/\",\"name\":\"POLYMIX Metal Panel Yap\u0131\u015ft\u0131r\u0131c\u0131 20 - INCHIMICA\",\"isPartOf\":{\"@id\":\"https:\/\/www.inchimica.net\/tr\/#website\"},\"primaryImageOfPage\":{\"@id\":\"https:\/\/www.inchimica.net\/tr\/urun\/polymix-metal-panel-yapistirici-20\/#primaryimage\"},\"image\":{\"@id\":\"https:\/\/www.inchimica.net\/tr\/urun\/polymix-metal-panel-yapistirici-20\/#primaryimage\"},\"thumbnailUrl\":\"https:\/\/www.inchimica.net\/wp-content\/uploads\/Foto-cartuccia-Panel-Bond-20.jpg\",\"datePublished\":\"2025-03-25T10:53:37+00:00\",\"breadcrumb\":{\"@id\":\"https:\/\/www.inchimica.net\/tr\/urun\/polymix-metal-panel-yapistirici-20\/#breadcrumb\"},\"inLanguage\":\"tr\",\"potentialAction\":[{\"@type\":\"ReadAction\",\"target\":[\"https:\/\/www.inchimica.net\/tr\/urun\/polymix-metal-panel-yapistirici-20\/\"]}]},{\"@type\":\"ImageObject\",\"inLanguage\":\"tr\",\"@id\":\"https:\/\/www.inchimica.net\/tr\/urun\/polymix-metal-panel-yapistirici-20\/#primaryimage\",\"url\":\"https:\/\/www.inchimica.net\/wp-content\/uploads\/Foto-cartuccia-Panel-Bond-20.jpg\",\"contentUrl\":\"https:\/\/www.inchimica.net\/wp-content\/uploads\/Foto-cartuccia-Panel-Bond-20.jpg\",\"width\":1600,\"height\":1600},{\"@type\":\"BreadcrumbList\",\"@id\":\"https:\/\/www.inchimica.net\/tr\/urun\/polymix-metal-panel-yapistirici-20\/#breadcrumb\",\"itemListElement\":[{\"@type\":\"ListItem\",\"position\":1,\"name\":\"Home\",\"item\":\"https:\/\/www.inchimica.net\/tr\/home\/\"},{\"@type\":\"ListItem\",\"position\":2,\"name\":\"\u00dcr\u00fcnler\",\"item\":\"https:\/\/www.inchimica.net\/urunler\/\"},{\"@type\":\"ListItem\",\"position\":3,\"name\":\"POLYMIX Metal Panel Yap\u0131\u015ft\u0131r\u0131c\u0131 20\"}]},{\"@type\":\"WebSite\",\"@id\":\"https:\/\/www.inchimica.net\/tr\/#website\",\"url\":\"https:\/\/www.inchimica.net\/tr\/\",\"name\":\"INCHIMICA\",\"description\":\"Bonding and veterinary solutions\",\"publisher\":{\"@id\":\"https:\/\/www.inchimica.net\/tr\/#organization\"},\"potentialAction\":[{\"@type\":\"SearchAction\",\"target\":{\"@type\":\"EntryPoint\",\"urlTemplate\":\"https:\/\/www.inchimica.net\/tr\/?s={search_term_string}\"},\"query-input\":{\"@type\":\"PropertyValueSpecification\",\"valueRequired\":true,\"valueName\":\"search_term_string\"}}],\"inLanguage\":\"tr\"},{\"@type\":\"Organization\",\"@id\":\"https:\/\/www.inchimica.net\/tr\/#organization\",\"name\":\"INCHIMICA\",\"url\":\"https:\/\/www.inchimica.net\/tr\/\",\"logo\":{\"@type\":\"ImageObject\",\"inLanguage\":\"tr\",\"@id\":\"https:\/\/www.inchimica.net\/tr\/#\/schema\/logo\/image\/\",\"url\":\"https:\/\/www.inchimica.net\/wp-content\/uploads\/Raggruppa-287.svg\",\"contentUrl\":\"https:\/\/www.inchimica.net\/wp-content\/uploads\/Raggruppa-287.svg\",\"width\":1017,\"height\":257,\"caption\":\"INCHIMICA\"},\"image\":{\"@id\":\"https:\/\/www.inchimica.net\/tr\/#\/schema\/logo\/image\/\"}}]}<\/script>\n<!-- \/ Yoast SEO plugin. -->","yoast_head_json":{"title":"POLYMIX Metal Panel Yap\u0131\u015ft\u0131r\u0131c\u0131 20 - INCHIMICA","robots":{"index":"index","follow":"follow","max-snippet":"max-snippet:-1","max-image-preview":"max-image-preview:large","max-video-preview":"max-video-preview:-1"},"canonical":"https:\/\/www.inchimica.net\/tr\/urun\/polymix-metal-panel-yapistirici-20\/","og_locale":"tr_TR","og_type":"article","og_title":"POLYMIX Metal Panel Yap\u0131\u015ft\u0131r\u0131c\u0131 20 - INCHIMICA","og_description":"PL. 6002.050 PL. 6002.200 6,76 fl oz 200ml Siyah \u00c7al\u0131\u015fma S\u00fcresi: 20 dakika Z\u0131mparalama S\u00fcresi: 5 saat Uygulama s\u00fcresi: 8 saat \u00c7elik ve al\u00fcminyumu yap\u0131\u015ft\u0131rmak i\u00e7in kullan\u0131lan iki bile\u015fenli \u00fcrethan. Birincil kullan\u0131m alan\u0131, \u00e7eyrek panelleri, \u00e7at\u0131lar, kutu yanlar\u0131, vanlar\u0131n yanlar\u0131, arazi arac\u0131 yanlar\u0131 ve kap\u0131 y\u00fczeylerini de\u011fi\u015ftirmektir.","og_url":"https:\/\/www.inchimica.net\/tr\/urun\/polymix-metal-panel-yapistirici-20\/","og_site_name":"INCHIMICA","og_image":[{"width":1200,"height":628,"url":"https:\/\/www.inchimica.net\/wp-content\/uploads\/PPL-inchimica.jpg","type":"image\/jpeg"}],"twitter_card":"summary_large_image","schema":{"@context":"https:\/\/schema.org","@graph":[{"@type":"WebPage","@id":"https:\/\/www.inchimica.net\/tr\/urun\/polymix-metal-panel-yapistirici-20\/","url":"https:\/\/www.inchimica.net\/tr\/urun\/polymix-metal-panel-yapistirici-20\/","name":"POLYMIX Metal Panel Yap\u0131\u015ft\u0131r\u0131c\u0131 20 - INCHIMICA","isPartOf":{"@id":"https:\/\/www.inchimica.net\/tr\/#website"},"primaryImageOfPage":{"@id":"https:\/\/www.inchimica.net\/tr\/urun\/polymix-metal-panel-yapistirici-20\/#primaryimage"},"image":{"@id":"https:\/\/www.inchimica.net\/tr\/urun\/polymix-metal-panel-yapistirici-20\/#primaryimage"},"thumbnailUrl":"https:\/\/www.inchimica.net\/wp-content\/uploads\/Foto-cartuccia-Panel-Bond-20.jpg","datePublished":"2025-03-25T10:53:37+00:00","breadcrumb":{"@id":"https:\/\/www.inchimica.net\/tr\/urun\/polymix-metal-panel-yapistirici-20\/#breadcrumb"},"inLanguage":"tr","potentialAction":[{"@type":"ReadAction","target":["https:\/\/www.inchimica.net\/tr\/urun\/polymix-metal-panel-yapistirici-20\/"]}]},{"@type":"ImageObject","inLanguage":"tr","@id":"https:\/\/www.inchimica.net\/tr\/urun\/polymix-metal-panel-yapistirici-20\/#primaryimage","url":"https:\/\/www.inchimica.net\/wp-content\/uploads\/Foto-cartuccia-Panel-Bond-20.jpg","contentUrl":"https:\/\/www.inchimica.net\/wp-content\/uploads\/Foto-cartuccia-Panel-Bond-20.jpg","width":1600,"height":1600},{"@type":"BreadcrumbList","@id":"https:\/\/www.inchimica.net\/tr\/urun\/polymix-metal-panel-yapistirici-20\/#breadcrumb","itemListElement":[{"@type":"ListItem","position":1,"name":"Home","item":"https:\/\/www.inchimica.net\/tr\/home\/"},{"@type":"ListItem","position":2,"name":"\u00dcr\u00fcnler","item":"https:\/\/www.inchimica.net\/urunler\/"},{"@type":"ListItem","position":3,"name":"POLYMIX Metal Panel Yap\u0131\u015ft\u0131r\u0131c\u0131 20"}]},{"@type":"WebSite","@id":"https:\/\/www.inchimica.net\/tr\/#website","url":"https:\/\/www.inchimica.net\/tr\/","name":"INCHIMICA","description":"Bonding and veterinary solutions","publisher":{"@id":"https:\/\/www.inchimica.net\/tr\/#organization"},"potentialAction":[{"@type":"SearchAction","target":{"@type":"EntryPoint","urlTemplate":"https:\/\/www.inchimica.net\/tr\/?s={search_term_string}"},"query-input":{"@type":"PropertyValueSpecification","valueRequired":true,"valueName":"search_term_string"}}],"inLanguage":"tr"},{"@type":"Organization","@id":"https:\/\/www.inchimica.net\/tr\/#organization","name":"INCHIMICA","url":"https:\/\/www.inchimica.net\/tr\/","logo":{"@type":"ImageObject","inLanguage":"tr","@id":"https:\/\/www.inchimica.net\/tr\/#\/schema\/logo\/image\/","url":"https:\/\/www.inchimica.net\/wp-content\/uploads\/Raggruppa-287.svg","contentUrl":"https:\/\/www.inchimica.net\/wp-content\/uploads\/Raggruppa-287.svg","width":1017,"height":257,"caption":"INCHIMICA"},"image":{"@id":"https:\/\/www.inchimica.net\/tr\/#\/schema\/logo\/image\/"}}]}},"brands":[{"id":30,"name":"Polymix","slug":"polymix"}],"_links":{"self":[{"href":"https:\/\/www.inchimica.net\/tr\/wp-json\/wp\/v2\/product\/1494","targetHints":{"allow":["GET"]}}],"collection":[{"href":"https:\/\/www.inchimica.net\/tr\/wp-json\/wp\/v2\/product"}],"about":[{"href":"https:\/\/www.inchimica.net\/tr\/wp-json\/wp\/v2\/types\/product"}],"wp:featuredmedia":[{"embeddable":true,"href":"https:\/\/www.inchimica.net\/tr\/wp-json\/wp\/v2\/media\/817"}],"wp:attachment":[{"href":"https:\/\/www.inchimica.net\/tr\/wp-json\/wp\/v2\/media?parent=1494"}],"wp:term":[{"taxonomy":"pwb-brand","embeddable":true,"href":"https:\/\/www.inchimica.net\/tr\/wp-json\/wp\/v2\/pwb-brand?post=1494"},{"taxonomy":"product_brand","embeddable":true,"href":"https:\/\/www.inchimica.net\/tr\/wp-json\/wp\/v2\/product_brand?post=1494"},{"taxonomy":"product_cat","embeddable":true,"href":"https:\/\/www.inchimica.net\/tr\/wp-json\/wp\/v2\/product_cat?post=1494"},{"taxonomy":"product_tag","embeddable":true,"href":"https:\/\/www.inchimica.net\/tr\/wp-json\/wp\/v2\/product_tag?post=1494"}],"curies":[{"name":"wp","href":"https:\/\/api.w.org\/{rel}","templated":true}]}}