{"id":1618,"date":"2025-03-25T13:53:01","date_gmt":"2025-03-25T13:53:01","guid":{"rendered":"https:\/\/www.inchimica.net\/uygulamalar\/"},"modified":"2025-03-25T13:53:01","modified_gmt":"2025-03-25T13:53:01","slug":"uygulamalar","status":"publish","type":"page","link":"https:\/\/www.inchimica.net\/tr\/uygulamalar\/","title":{"rendered":"Uygulamalar"},"content":{"rendered":"<p>\u0130ndirilebilir bro\u015f\u00fcrler mevcuttur<\/p>\n<div class='w3eden'>\n    <div class=''>\n\n        \n        <div id=\"content_wpdm_package_1\">\n            <div class='row'><div class='col-lg-6 col-md-6 col-12'><!-- WPDM Link Template: Default Template -->\n\n<div class=\"link-template-default card mb-2\">\n    <div class=\"card-body\">\n        <div class=\"media\">\n            <div class=\"mr-3 img-48\"><img decoding=\"async\" class=\"wpdm_icon\" alt=\"Icon\" src=\"https:\/\/www.inchimica.net\/wp-content\/plugins\/download-manager\/assets\/file-type-icons\/pdf.svg\" \/><\/div>\n            <div class=\"media-body\">\n                <h3 class=\"package-title\"><a href='https:\/\/www.inchimica.net\/tr\/download\/casting-resins\/'>Casting Resins<\/a><\/h3>\n                <div class=\"text-muted text-small\"><i class=\"fas fa-copy\"><\/i> 1 file(s) <i class=\"fas fa-hdd ml-3\"><\/i> 6.56 MB<\/div>\n            <\/div>\n            <div class=\"ml-3\">\n                <a class='wpdm-download-link download-on-click btn btn-success btn-sm'  rel='nofollow' href='#' data-downloadurl=\"https:\/\/www.inchimica.net\/tr\/download\/casting-resins\/?wpdmdl=1359&refresh=69f0d08de2ca01777389709\">Download<\/a>\n            <\/div>\n        <\/div>\n    <\/div>\n<\/div>\n\n<\/div><div class='col-lg-6 col-md-6 col-12'><!-- WPDM Link Template: Default Template -->\n\n<div class=\"link-template-default card mb-2\">\n    <div class=\"card-body\">\n        <div class=\"media\">\n            <div class=\"mr-3 img-48\"><img decoding=\"async\" class=\"wpdm_icon\" alt=\"Icon\" src=\"https:\/\/www.inchimica.net\/wp-content\/plugins\/download-manager\/assets\/file-type-icons\/pdf.svg\" \/><\/div>\n            <div class=\"media-body\">\n                <h3 class=\"package-title\"><a href='https:\/\/www.inchimica.net\/tr\/download\/folder-superfast\/'>Folder Superfast<\/a><\/h3>\n                <div class=\"text-muted text-small\"><i class=\"fas fa-copy\"><\/i> 1 file(s) <i class=\"fas fa-hdd ml-3\"><\/i> 543.71 KB<\/div>\n            <\/div>\n            <div class=\"ml-3\">\n                <a class='wpdm-download-link download-on-click btn btn-success btn-sm'  rel='nofollow' href='#' data-downloadurl=\"https:\/\/www.inchimica.net\/tr\/download\/folder-superfast\/?wpdmdl=1333&refresh=69f0d08e008b41777389710\">Download<\/a>\n            <\/div>\n        <\/div>\n    <\/div>\n<\/div>\n\n<\/div><div class='col-lg-6 col-md-6 col-12'><!-- WPDM Link Template: Default Template -->\n\n<div class=\"link-template-default card mb-2\">\n    <div class=\"card-body\">\n        <div class=\"media\">\n            <div class=\"mr-3 img-48\"><img decoding=\"async\" class=\"wpdm_icon\" alt=\"Icon\" src=\"https:\/\/www.inchimica.net\/wp-content\/plugins\/download-manager\/assets\/file-type-icons\/pdf.svg\" \/><\/div>\n            <div class=\"media-body\">\n                <h3 class=\"package-title\"><a href='https:\/\/www.inchimica.net\/tr\/download\/folder-metal-bonding\/'>Folder Metal Bonding<\/a><\/h3>\n                <div class=\"text-muted text-small\"><i class=\"fas fa-copy\"><\/i> 1 file(s) <i class=\"fas fa-hdd ml-3\"><\/i> 1.38 MB<\/div>\n            <\/div>\n            <div class=\"ml-3\">\n                <a class='wpdm-download-link download-on-click btn btn-success btn-sm'  rel='nofollow' href='#' data-downloadurl=\"https:\/\/www.inchimica.net\/tr\/download\/folder-metal-bonding\/?wpdmdl=1332&refresh=69f0d08e135aa1777389710\">Download<\/a>\n            <\/div>\n        <\/div>\n    <\/div>\n<\/div>\n\n<\/div><div class='col-lg-6 col-md-6 col-12'><!-- WPDM Link Template: Default Template -->\n\n<div class=\"link-template-default card mb-2\">\n    <div class=\"card-body\">\n        <div class=\"media\">\n            <div class=\"mr-3 img-48\"><img decoding=\"async\" class=\"wpdm_icon\" alt=\"Icon\" src=\"https:\/\/www.inchimica.net\/wp-content\/plugins\/download-manager\/assets\/file-type-icons\/pdf.svg\" \/><\/div>\n            <div class=\"media-body\">\n                <h3 class=\"package-title\"><a href='https:\/\/www.inchimica.net\/tr\/download\/folder-foam\/'>Folder Foam<\/a><\/h3>\n                <div class=\"text-muted text-small\"><i class=\"fas fa-copy\"><\/i> 1 file(s) <i class=\"fas fa-hdd ml-3\"><\/i> 620.68 KB<\/div>\n            <\/div>\n            <div class=\"ml-3\">\n                <a class='wpdm-download-link download-on-click btn btn-success btn-sm'  rel='nofollow' href='#' data-downloadurl=\"https:\/\/www.inchimica.net\/tr\/download\/folder-foam\/?wpdmdl=1331&refresh=69f0d08e1fbf91777389710\">Download<\/a>\n            <\/div>\n        <\/div>\n    <\/div>\n<\/div>\n\n<\/div><div class='col-lg-6 col-md-6 col-12'><!-- WPDM Link Template: Default Template -->\n\n<div class=\"link-template-default card mb-2\">\n    <div class=\"card-body\">\n        <div class=\"media\">\n            <div class=\"mr-3 img-48\"><img decoding=\"async\" class=\"wpdm_icon\" alt=\"Icon\" src=\"https:\/\/www.inchimica.net\/wp-content\/plugins\/download-manager\/assets\/file-type-icons\/pdf.svg\" \/><\/div>\n            <div class=\"media-body\">\n                <h3 class=\"package-title\"><a href='https:\/\/www.inchimica.net\/tr\/download\/concrete-and-manteining\/'>Concrete and manteining<\/a><\/h3>\n                <div class=\"text-muted text-small\"><i class=\"fas fa-copy\"><\/i> 1 file(s) <i class=\"fas fa-hdd ml-3\"><\/i> 3.42 MB<\/div>\n            <\/div>\n            <div class=\"ml-3\">\n                <a class='wpdm-download-link download-on-click btn btn-success btn-sm'  rel='nofollow' href='#' data-downloadurl=\"https:\/\/www.inchimica.net\/tr\/download\/concrete-and-manteining\/?wpdmdl=1330&refresh=69f0d08e2e9de1777389710\">Download<\/a>\n            <\/div>\n        <\/div>\n    <\/div>\n<\/div>\n\n<\/div><\/div>            <div style='clear:both'><\/div><div class='text-center'><ul class='pagination wpdm-pagination pagination-centered text-center'><\/ul><\/div><div style='clear:both'><\/div>        <\/div>\n\n        <div style='clear:both'><\/div>\n    <\/div>\n<\/div>\n\n","protected":false},"excerpt":{"rendered":"<p>\u0130ndirilebilir bro\u015f\u00fcrler mevcuttur<\/p>\n","protected":false},"author":1,"featured_media":0,"parent":0,"menu_order":0,"comment_status":"closed","ping_status":"closed","template":"","meta":{"_acf_changed":false,"inline_featured_image":false,"footnotes":""},"class_list":["post-1618","page","type-page","status-publish"],"acf":[],"yoast_head":"<!-- This site is optimized with the Yoast SEO plugin v27.4 - https:\/\/yoast.com\/product\/yoast-seo-wordpress\/ -->\n<title>Uygulamalar - INCHIMICA<\/title>\n<meta name=\"robots\" content=\"index, follow, max-snippet:-1, max-image-preview:large, max-video-preview:-1\" \/>\n<link rel=\"canonical\" href=\"https:\/\/www.inchimica.net\/tr\/uygulamalar\/\" \/>\n<meta property=\"og:locale\" content=\"tr_TR\" \/>\n<meta property=\"og:type\" content=\"article\" \/>\n<meta property=\"og:title\" content=\"Uygulamalar - INCHIMICA\" \/>\n<meta property=\"og:description\" content=\"\u0130ndirilebilir bro\u015f\u00fcrler mevcuttur\" \/>\n<meta property=\"og:url\" content=\"https:\/\/www.inchimica.net\/tr\/uygulamalar\/\" \/>\n<meta property=\"og:site_name\" content=\"INCHIMICA\" \/>\n<meta property=\"og:image\" content=\"https:\/\/www.inchimica.net\/wp-content\/uploads\/PPL-inchimica.jpg\" \/>\n\t<meta property=\"og:image:width\" content=\"1200\" \/>\n\t<meta property=\"og:image:height\" content=\"628\" \/>\n\t<meta property=\"og:image:type\" content=\"image\/jpeg\" \/>\n<meta name=\"twitter:card\" content=\"summary_large_image\" \/>\n<script type=\"application\/ld+json\" class=\"yoast-schema-graph\">{\"@context\":\"https:\\\/\\\/schema.org\",\"@graph\":[{\"@type\":\"WebPage\",\"@id\":\"https:\\\/\\\/www.inchimica.net\\\/tr\\\/uygulamalar\\\/\",\"url\":\"https:\\\/\\\/www.inchimica.net\\\/tr\\\/uygulamalar\\\/\",\"name\":\"Uygulamalar - INCHIMICA\",\"isPartOf\":{\"@id\":\"https:\\\/\\\/www.inchimica.net\\\/tr\\\/#website\"},\"datePublished\":\"2025-03-25T13:53:01+00:00\",\"breadcrumb\":{\"@id\":\"https:\\\/\\\/www.inchimica.net\\\/tr\\\/uygulamalar\\\/#breadcrumb\"},\"inLanguage\":\"tr\",\"potentialAction\":[{\"@type\":\"ReadAction\",\"target\":[\"https:\\\/\\\/www.inchimica.net\\\/tr\\\/uygulamalar\\\/\"]}]},{\"@type\":\"BreadcrumbList\",\"@id\":\"https:\\\/\\\/www.inchimica.net\\\/tr\\\/uygulamalar\\\/#breadcrumb\",\"itemListElement\":[{\"@type\":\"ListItem\",\"position\":1,\"name\":\"Home\",\"item\":\"https:\\\/\\\/www.inchimica.net\\\/tr\\\/home\\\/\"},{\"@type\":\"ListItem\",\"position\":2,\"name\":\"Uygulamalar\"}]},{\"@type\":\"WebSite\",\"@id\":\"https:\\\/\\\/www.inchimica.net\\\/tr\\\/#website\",\"url\":\"https:\\\/\\\/www.inchimica.net\\\/tr\\\/\",\"name\":\"INCHIMICA\",\"description\":\"Bonding and veterinary solutions\",\"publisher\":{\"@id\":\"https:\\\/\\\/www.inchimica.net\\\/tr\\\/#organization\"},\"potentialAction\":[{\"@type\":\"SearchAction\",\"target\":{\"@type\":\"EntryPoint\",\"urlTemplate\":\"https:\\\/\\\/www.inchimica.net\\\/tr\\\/?s={search_term_string}\"},\"query-input\":{\"@type\":\"PropertyValueSpecification\",\"valueRequired\":true,\"valueName\":\"search_term_string\"}}],\"inLanguage\":\"tr\"},{\"@type\":\"Organization\",\"@id\":\"https:\\\/\\\/www.inchimica.net\\\/tr\\\/#organization\",\"name\":\"INCHIMICA\",\"url\":\"https:\\\/\\\/www.inchimica.net\\\/tr\\\/\",\"logo\":{\"@type\":\"ImageObject\",\"inLanguage\":\"tr\",\"@id\":\"https:\\\/\\\/www.inchimica.net\\\/tr\\\/#\\\/schema\\\/logo\\\/image\\\/\",\"url\":\"https:\\\/\\\/www.inchimica.net\\\/wp-content\\\/uploads\\\/Raggruppa-287.svg\",\"contentUrl\":\"https:\\\/\\\/www.inchimica.net\\\/wp-content\\\/uploads\\\/Raggruppa-287.svg\",\"width\":1017,\"height\":257,\"caption\":\"INCHIMICA\"},\"image\":{\"@id\":\"https:\\\/\\\/www.inchimica.net\\\/tr\\\/#\\\/schema\\\/logo\\\/image\\\/\"}}]}<\/script>\n<!-- \/ Yoast SEO plugin. -->","yoast_head_json":{"title":"Uygulamalar - INCHIMICA","robots":{"index":"index","follow":"follow","max-snippet":"max-snippet:-1","max-image-preview":"max-image-preview:large","max-video-preview":"max-video-preview:-1"},"canonical":"https:\/\/www.inchimica.net\/tr\/uygulamalar\/","og_locale":"tr_TR","og_type":"article","og_title":"Uygulamalar - INCHIMICA","og_description":"\u0130ndirilebilir bro\u015f\u00fcrler mevcuttur","og_url":"https:\/\/www.inchimica.net\/tr\/uygulamalar\/","og_site_name":"INCHIMICA","og_image":[{"width":1200,"height":628,"url":"https:\/\/www.inchimica.net\/wp-content\/uploads\/PPL-inchimica.jpg","type":"image\/jpeg"}],"twitter_card":"summary_large_image","schema":{"@context":"https:\/\/schema.org","@graph":[{"@type":"WebPage","@id":"https:\/\/www.inchimica.net\/tr\/uygulamalar\/","url":"https:\/\/www.inchimica.net\/tr\/uygulamalar\/","name":"Uygulamalar - INCHIMICA","isPartOf":{"@id":"https:\/\/www.inchimica.net\/tr\/#website"},"datePublished":"2025-03-25T13:53:01+00:00","breadcrumb":{"@id":"https:\/\/www.inchimica.net\/tr\/uygulamalar\/#breadcrumb"},"inLanguage":"tr","potentialAction":[{"@type":"ReadAction","target":["https:\/\/www.inchimica.net\/tr\/uygulamalar\/"]}]},{"@type":"BreadcrumbList","@id":"https:\/\/www.inchimica.net\/tr\/uygulamalar\/#breadcrumb","itemListElement":[{"@type":"ListItem","position":1,"name":"Home","item":"https:\/\/www.inchimica.net\/tr\/home\/"},{"@type":"ListItem","position":2,"name":"Uygulamalar"}]},{"@type":"WebSite","@id":"https:\/\/www.inchimica.net\/tr\/#website","url":"https:\/\/www.inchimica.net\/tr\/","name":"INCHIMICA","description":"Bonding and veterinary solutions","publisher":{"@id":"https:\/\/www.inchimica.net\/tr\/#organization"},"potentialAction":[{"@type":"SearchAction","target":{"@type":"EntryPoint","urlTemplate":"https:\/\/www.inchimica.net\/tr\/?s={search_term_string}"},"query-input":{"@type":"PropertyValueSpecification","valueRequired":true,"valueName":"search_term_string"}}],"inLanguage":"tr"},{"@type":"Organization","@id":"https:\/\/www.inchimica.net\/tr\/#organization","name":"INCHIMICA","url":"https:\/\/www.inchimica.net\/tr\/","logo":{"@type":"ImageObject","inLanguage":"tr","@id":"https:\/\/www.inchimica.net\/tr\/#\/schema\/logo\/image\/","url":"https:\/\/www.inchimica.net\/wp-content\/uploads\/Raggruppa-287.svg","contentUrl":"https:\/\/www.inchimica.net\/wp-content\/uploads\/Raggruppa-287.svg","width":1017,"height":257,"caption":"INCHIMICA"},"image":{"@id":"https:\/\/www.inchimica.net\/tr\/#\/schema\/logo\/image\/"}}]}},"_links":{"self":[{"href":"https:\/\/www.inchimica.net\/tr\/wp-json\/wp\/v2\/pages\/1618","targetHints":{"allow":["GET"]}}],"collection":[{"href":"https:\/\/www.inchimica.net\/tr\/wp-json\/wp\/v2\/pages"}],"about":[{"href":"https:\/\/www.inchimica.net\/tr\/wp-json\/wp\/v2\/types\/page"}],"author":[{"embeddable":true,"href":"https:\/\/www.inchimica.net\/tr\/wp-json\/wp\/v2\/users\/1"}],"replies":[{"embeddable":true,"href":"https:\/\/www.inchimica.net\/tr\/wp-json\/wp\/v2\/comments?post=1618"}],"version-history":[{"count":0,"href":"https:\/\/www.inchimica.net\/tr\/wp-json\/wp\/v2\/pages\/1618\/revisions"}],"wp:attachment":[{"href":"https:\/\/www.inchimica.net\/tr\/wp-json\/wp\/v2\/media?parent=1618"}],"curies":[{"name":"wp","href":"https:\/\/api.w.org\/{rel}","templated":true}]}}