{"id":1616,"date":"2025-03-25T13:51:57","date_gmt":"2025-03-25T13:51:57","guid":{"rendered":"https:\/\/www.inchimica.net\/hakkimizda\/"},"modified":"2025-03-25T13:51:57","modified_gmt":"2025-03-25T13:51:57","slug":"hakkimizda","status":"publish","type":"page","link":"https:\/\/www.inchimica.net\/tr\/hakkimizda\/","title":{"rendered":"Hakk\u0131m\u0131zda"},"content":{"rendered":"<div>\n<p><strong><img fetchpriority=\"high\" decoding=\"async\" class=\" wp-image-383 alignright\" src=\"https:\/\/www.inchimica.net\/wp-content\/uploads\/chi_siamo-1024x683-1.jpg\" alt=\"\" width=\"499\" height=\"333\" srcset=\"https:\/\/www.inchimica.net\/wp-content\/uploads\/chi_siamo-1024x683-1.jpg 1024w, https:\/\/www.inchimica.net\/wp-content\/uploads\/chi_siamo-1024x683-1-300x200.jpg 300w, https:\/\/www.inchimica.net\/wp-content\/uploads\/chi_siamo-1024x683-1-768x512.jpg 768w, https:\/\/www.inchimica.net\/wp-content\/uploads\/chi_siamo-1024x683-1-600x400.jpg 600w\" sizes=\"(max-width: 499px) 100vw, 499px\" \/>INCHIMICA\u00ae 2K \u00fcretan yap\u0131\u015ft\u0131r\u0131c\u0131lar\u0131 ve re\u00e7ineleri form\u00fcle etmek ve \u00fcretmek konusunda uzmanla\u015fm\u0131\u015ft\u0131r. 20 y\u0131ll\u0131k deneyime sahip Ar-Ge departman\u0131m\u0131z, belirli \u00e7\u00f6z\u00fcmler geli\u015ftirebilecek kapasiteye sahiptir ve bu \u00e7\u00f6z\u00fcmlerin temel odak noktas\u0131 \u015fudur: Uygulamalar\u0131 kolay, temiz ve g\u00fcvenilir hale getirmek.<\/strong><\/p>\n<\/div>\n<div>\n<p>INCHIMICA\u00ae&#8217;n\u0131n amac\u0131 sadece kaliteli yap\u0131\u015ft\u0131r\u0131c\u0131lar sa\u011flamak de\u011fil, ayn\u0131 zamanda m\u00fc\u015fterilerin m\u00fckemmel bir nihai sonuca ula\u015fabilmesi i\u00e7in komple sistemler ve e\u011fitimler sunmakt\u0131r.<\/p>\n<\/div>\n<div>\n<p>INCHIMICA\u00ae pazara sunulan t\u00fcm 2K Poli \u00dcreten form\u00fclasyonlar\u0131n\u0131 kendi b\u00fcnyesinde \u00fcretir ve sahiplenir.<br \/>\nAr-Ge departman\u0131m\u0131z, form\u00fclasyonlar\u0131m\u0131z\u0131 m\u00fc\u015fterilerin ihtiya\u00e7lar\u0131na g\u00f6re modifiye etmeye ve uyarlamaya olanak tan\u0131r.<\/p>\n<\/div>\n<div>\n<p>\u00dcr\u00fcnlerimizin %90&#8217;\u0131ndan fazlas\u0131 1:1 yan yana kartu\u015flarda sat\u0131ld\u0131\u011f\u0131ndan, her boyut yan yana kartu\u015fu i\u00e7eriye dolduracak \u015fekilde donan\u0131m\u0131m\u0131z mevcuttur.<\/p>\n<\/div>\n<div>\n<p>INCHIMICA\u00ae\u2019n\u0131n bilgisi yaln\u0131zca form\u00fclasyonla ilgili de\u011fil, ayn\u0131 zamanda komple kartu\u015f sistemiyle de ilgilidir.<\/p>\n<\/div>\n<div>\n<p>\u0130zlenebilirlik sistemimiz, her partiye ait her bir hammaddeyi \u00fcretim s\u00fcrecine kadar izlememize olanak sa\u011flar. Basit ve g\u00fcvenilir \u00fcretim s\u00fcrecimiz ve kendi imalat\u0131m\u0131z olan dolum tesislerimiz, bize b\u00fcy\u00fck esneklik sa\u011flar; t\u00fcm malzemeler m\u00fc\u015fteri sipari\u015fi \u00fczerine \u00fcretilir ve birka\u00e7 g\u00fcn i\u00e7inde kargolan\u0131r.<\/p>\n<p>&nbsp;<\/p>\n<\/div>\n","protected":false},"excerpt":{"rendered":"<p>INCHIMICA\u00ae 2K \u00fcretan yap\u0131\u015ft\u0131r\u0131c\u0131lar\u0131 ve re\u00e7ineleri form\u00fcle etmek ve \u00fcretmek konusunda uzmanla\u015fm\u0131\u015ft\u0131r. 20 y\u0131ll\u0131k deneyime sahip Ar-Ge departman\u0131m\u0131z, belirli \u00e7\u00f6z\u00fcmler geli\u015ftirebilecek kapasiteye sahiptir ve bu \u00e7\u00f6z\u00fcmlerin temel odak noktas\u0131 \u015fudur: Uygulamalar\u0131 kolay, temiz ve g\u00fcvenilir hale getirmek. INCHIMICA\u00ae&#8217;n\u0131n amac\u0131 sadece kaliteli yap\u0131\u015ft\u0131r\u0131c\u0131lar sa\u011flamak de\u011fil, ayn\u0131 zamanda m\u00fc\u015fterilerin m\u00fckemmel bir nihai sonuca ula\u015fabilmesi i\u00e7in komple sistemler &#8230; <a title=\"Hakk\u0131m\u0131zda\" class=\"read-more\" href=\"https:\/\/www.inchimica.net\/tr\/hakkimizda\/\" aria-label=\"Read more about Hakk\u0131m\u0131zda\">Devam\u0131n\u0131 oku<\/a><\/p>\n","protected":false},"author":1,"featured_media":0,"parent":0,"menu_order":0,"comment_status":"closed","ping_status":"closed","template":"","meta":{"_acf_changed":false,"inline_featured_image":false,"footnotes":""},"class_list":["post-1616","page","type-page","status-publish"],"acf":[],"yoast_head":"<!-- This site is optimized with the Yoast SEO plugin v24.7 - https:\/\/yoast.com\/wordpress\/plugins\/seo\/ -->\n<title>Hakk\u0131m\u0131zda - INCHIMICA<\/title>\n<meta name=\"robots\" content=\"index, follow, max-snippet:-1, max-image-preview:large, max-video-preview:-1\" \/>\n<link rel=\"canonical\" href=\"https:\/\/www.inchimica.net\/tr\/hakkimizda\/\" \/>\n<meta property=\"og:locale\" content=\"tr_TR\" \/>\n<meta property=\"og:type\" content=\"article\" \/>\n<meta property=\"og:title\" content=\"Hakk\u0131m\u0131zda - INCHIMICA\" \/>\n<meta property=\"og:description\" content=\"INCHIMICA\u00ae 2K \u00fcretan yap\u0131\u015ft\u0131r\u0131c\u0131lar\u0131 ve re\u00e7ineleri form\u00fcle etmek ve \u00fcretmek konusunda uzmanla\u015fm\u0131\u015ft\u0131r. 20 y\u0131ll\u0131k deneyime sahip Ar-Ge departman\u0131m\u0131z, belirli \u00e7\u00f6z\u00fcmler geli\u015ftirebilecek kapasiteye sahiptir ve bu \u00e7\u00f6z\u00fcmlerin temel odak noktas\u0131 \u015fudur: Uygulamalar\u0131 kolay, temiz ve g\u00fcvenilir hale getirmek. INCHIMICA\u00ae&#8217;n\u0131n amac\u0131 sadece kaliteli yap\u0131\u015ft\u0131r\u0131c\u0131lar sa\u011flamak de\u011fil, ayn\u0131 zamanda m\u00fc\u015fterilerin m\u00fckemmel bir nihai sonuca ula\u015fabilmesi i\u00e7in komple sistemler ... Devam\u0131n\u0131 oku\" \/>\n<meta property=\"og:url\" content=\"https:\/\/www.inchimica.net\/tr\/hakkimizda\/\" \/>\n<meta property=\"og:site_name\" content=\"INCHIMICA\" \/>\n<meta property=\"og:image\" content=\"https:\/\/www.inchimica.net\/wp-content\/uploads\/chi_siamo-1024x683-1.jpg\" \/>\n\t<meta property=\"og:image:width\" content=\"1024\" \/>\n\t<meta property=\"og:image:height\" content=\"683\" \/>\n\t<meta property=\"og:image:type\" content=\"image\/jpeg\" \/>\n<meta name=\"twitter:card\" content=\"summary_large_image\" \/>\n<meta name=\"twitter:label1\" content=\"Tahmini okuma s\u00fcresi\" \/>\n\t<meta name=\"twitter:data1\" content=\"1 dakika\" \/>\n<script type=\"application\/ld+json\" class=\"yoast-schema-graph\">{\"@context\":\"https:\/\/schema.org\",\"@graph\":[{\"@type\":\"WebPage\",\"@id\":\"https:\/\/www.inchimica.net\/tr\/hakkimizda\/\",\"url\":\"https:\/\/www.inchimica.net\/tr\/hakkimizda\/\",\"name\":\"Hakk\u0131m\u0131zda - INCHIMICA\",\"isPartOf\":{\"@id\":\"https:\/\/www.inchimica.net\/tr\/#website\"},\"primaryImageOfPage\":{\"@id\":\"https:\/\/www.inchimica.net\/tr\/hakkimizda\/#primaryimage\"},\"image\":{\"@id\":\"https:\/\/www.inchimica.net\/tr\/hakkimizda\/#primaryimage\"},\"thumbnailUrl\":\"https:\/\/www.inchimica.net\/wp-content\/uploads\/chi_siamo-1024x683-1.jpg\",\"datePublished\":\"2025-03-25T13:51:57+00:00\",\"breadcrumb\":{\"@id\":\"https:\/\/www.inchimica.net\/tr\/hakkimizda\/#breadcrumb\"},\"inLanguage\":\"tr\",\"potentialAction\":[{\"@type\":\"ReadAction\",\"target\":[\"https:\/\/www.inchimica.net\/tr\/hakkimizda\/\"]}]},{\"@type\":\"ImageObject\",\"inLanguage\":\"tr\",\"@id\":\"https:\/\/www.inchimica.net\/tr\/hakkimizda\/#primaryimage\",\"url\":\"https:\/\/www.inchimica.net\/wp-content\/uploads\/chi_siamo-1024x683-1.jpg\",\"contentUrl\":\"https:\/\/www.inchimica.net\/wp-content\/uploads\/chi_siamo-1024x683-1.jpg\"},{\"@type\":\"BreadcrumbList\",\"@id\":\"https:\/\/www.inchimica.net\/tr\/hakkimizda\/#breadcrumb\",\"itemListElement\":[{\"@type\":\"ListItem\",\"position\":1,\"name\":\"Home\",\"item\":\"https:\/\/www.inchimica.net\/tr\/home\/\"},{\"@type\":\"ListItem\",\"position\":2,\"name\":\"Hakk\u0131m\u0131zda\"}]},{\"@type\":\"WebSite\",\"@id\":\"https:\/\/www.inchimica.net\/tr\/#website\",\"url\":\"https:\/\/www.inchimica.net\/tr\/\",\"name\":\"INCHIMICA\",\"description\":\"Bonding and veterinary solutions\",\"publisher\":{\"@id\":\"https:\/\/www.inchimica.net\/tr\/#organization\"},\"potentialAction\":[{\"@type\":\"SearchAction\",\"target\":{\"@type\":\"EntryPoint\",\"urlTemplate\":\"https:\/\/www.inchimica.net\/tr\/?s={search_term_string}\"},\"query-input\":{\"@type\":\"PropertyValueSpecification\",\"valueRequired\":true,\"valueName\":\"search_term_string\"}}],\"inLanguage\":\"tr\"},{\"@type\":\"Organization\",\"@id\":\"https:\/\/www.inchimica.net\/tr\/#organization\",\"name\":\"INCHIMICA\",\"url\":\"https:\/\/www.inchimica.net\/tr\/\",\"logo\":{\"@type\":\"ImageObject\",\"inLanguage\":\"tr\",\"@id\":\"https:\/\/www.inchimica.net\/tr\/#\/schema\/logo\/image\/\",\"url\":\"https:\/\/www.inchimica.net\/wp-content\/uploads\/Raggruppa-287.svg\",\"contentUrl\":\"https:\/\/www.inchimica.net\/wp-content\/uploads\/Raggruppa-287.svg\",\"width\":1017,\"height\":257,\"caption\":\"INCHIMICA\"},\"image\":{\"@id\":\"https:\/\/www.inchimica.net\/tr\/#\/schema\/logo\/image\/\"}}]}<\/script>\n<!-- \/ Yoast SEO plugin. -->","yoast_head_json":{"title":"Hakk\u0131m\u0131zda - INCHIMICA","robots":{"index":"index","follow":"follow","max-snippet":"max-snippet:-1","max-image-preview":"max-image-preview:large","max-video-preview":"max-video-preview:-1"},"canonical":"https:\/\/www.inchimica.net\/tr\/hakkimizda\/","og_locale":"tr_TR","og_type":"article","og_title":"Hakk\u0131m\u0131zda - INCHIMICA","og_description":"INCHIMICA\u00ae 2K \u00fcretan yap\u0131\u015ft\u0131r\u0131c\u0131lar\u0131 ve re\u00e7ineleri form\u00fcle etmek ve \u00fcretmek konusunda uzmanla\u015fm\u0131\u015ft\u0131r. 20 y\u0131ll\u0131k deneyime sahip Ar-Ge departman\u0131m\u0131z, belirli \u00e7\u00f6z\u00fcmler geli\u015ftirebilecek kapasiteye sahiptir ve bu \u00e7\u00f6z\u00fcmlerin temel odak noktas\u0131 \u015fudur: Uygulamalar\u0131 kolay, temiz ve g\u00fcvenilir hale getirmek. INCHIMICA\u00ae&#8217;n\u0131n amac\u0131 sadece kaliteli yap\u0131\u015ft\u0131r\u0131c\u0131lar sa\u011flamak de\u011fil, ayn\u0131 zamanda m\u00fc\u015fterilerin m\u00fckemmel bir nihai sonuca ula\u015fabilmesi i\u00e7in komple sistemler ... Devam\u0131n\u0131 oku","og_url":"https:\/\/www.inchimica.net\/tr\/hakkimizda\/","og_site_name":"INCHIMICA","og_image":[{"width":1024,"height":683,"url":"https:\/\/www.inchimica.net\/wp-content\/uploads\/chi_siamo-1024x683-1.jpg","type":"image\/jpeg"}],"twitter_card":"summary_large_image","twitter_misc":{"Tahmini okuma s\u00fcresi":"1 dakika"},"schema":{"@context":"https:\/\/schema.org","@graph":[{"@type":"WebPage","@id":"https:\/\/www.inchimica.net\/tr\/hakkimizda\/","url":"https:\/\/www.inchimica.net\/tr\/hakkimizda\/","name":"Hakk\u0131m\u0131zda - INCHIMICA","isPartOf":{"@id":"https:\/\/www.inchimica.net\/tr\/#website"},"primaryImageOfPage":{"@id":"https:\/\/www.inchimica.net\/tr\/hakkimizda\/#primaryimage"},"image":{"@id":"https:\/\/www.inchimica.net\/tr\/hakkimizda\/#primaryimage"},"thumbnailUrl":"https:\/\/www.inchimica.net\/wp-content\/uploads\/chi_siamo-1024x683-1.jpg","datePublished":"2025-03-25T13:51:57+00:00","breadcrumb":{"@id":"https:\/\/www.inchimica.net\/tr\/hakkimizda\/#breadcrumb"},"inLanguage":"tr","potentialAction":[{"@type":"ReadAction","target":["https:\/\/www.inchimica.net\/tr\/hakkimizda\/"]}]},{"@type":"ImageObject","inLanguage":"tr","@id":"https:\/\/www.inchimica.net\/tr\/hakkimizda\/#primaryimage","url":"https:\/\/www.inchimica.net\/wp-content\/uploads\/chi_siamo-1024x683-1.jpg","contentUrl":"https:\/\/www.inchimica.net\/wp-content\/uploads\/chi_siamo-1024x683-1.jpg"},{"@type":"BreadcrumbList","@id":"https:\/\/www.inchimica.net\/tr\/hakkimizda\/#breadcrumb","itemListElement":[{"@type":"ListItem","position":1,"name":"Home","item":"https:\/\/www.inchimica.net\/tr\/home\/"},{"@type":"ListItem","position":2,"name":"Hakk\u0131m\u0131zda"}]},{"@type":"WebSite","@id":"https:\/\/www.inchimica.net\/tr\/#website","url":"https:\/\/www.inchimica.net\/tr\/","name":"INCHIMICA","description":"Bonding and veterinary solutions","publisher":{"@id":"https:\/\/www.inchimica.net\/tr\/#organization"},"potentialAction":[{"@type":"SearchAction","target":{"@type":"EntryPoint","urlTemplate":"https:\/\/www.inchimica.net\/tr\/?s={search_term_string}"},"query-input":{"@type":"PropertyValueSpecification","valueRequired":true,"valueName":"search_term_string"}}],"inLanguage":"tr"},{"@type":"Organization","@id":"https:\/\/www.inchimica.net\/tr\/#organization","name":"INCHIMICA","url":"https:\/\/www.inchimica.net\/tr\/","logo":{"@type":"ImageObject","inLanguage":"tr","@id":"https:\/\/www.inchimica.net\/tr\/#\/schema\/logo\/image\/","url":"https:\/\/www.inchimica.net\/wp-content\/uploads\/Raggruppa-287.svg","contentUrl":"https:\/\/www.inchimica.net\/wp-content\/uploads\/Raggruppa-287.svg","width":1017,"height":257,"caption":"INCHIMICA"},"image":{"@id":"https:\/\/www.inchimica.net\/tr\/#\/schema\/logo\/image\/"}}]}},"_links":{"self":[{"href":"https:\/\/www.inchimica.net\/tr\/wp-json\/wp\/v2\/pages\/1616","targetHints":{"allow":["GET"]}}],"collection":[{"href":"https:\/\/www.inchimica.net\/tr\/wp-json\/wp\/v2\/pages"}],"about":[{"href":"https:\/\/www.inchimica.net\/tr\/wp-json\/wp\/v2\/types\/page"}],"author":[{"embeddable":true,"href":"https:\/\/www.inchimica.net\/tr\/wp-json\/wp\/v2\/users\/1"}],"replies":[{"embeddable":true,"href":"https:\/\/www.inchimica.net\/tr\/wp-json\/wp\/v2\/comments?post=1616"}],"version-history":[{"count":0,"href":"https:\/\/www.inchimica.net\/tr\/wp-json\/wp\/v2\/pages\/1616\/revisions"}],"wp:attachment":[{"href":"https:\/\/www.inchimica.net\/tr\/wp-json\/wp\/v2\/media?parent=1616"}],"curies":[{"name":"wp","href":"https:\/\/api.w.org\/{rel}","templated":true}]}}