{"id":1613,"date":"2025-03-25T13:48:05","date_gmt":"2025-03-25T13:48:05","guid":{"rendered":"https:\/\/www.inchimica.net\/ozel-etiket\/"},"modified":"2025-03-25T13:48:05","modified_gmt":"2025-03-25T13:48:05","slug":"ozel-etiket","status":"publish","type":"page","link":"https:\/\/www.inchimica.net\/tr\/ozel-etiket\/","title":{"rendered":"\u00d6zel etiket"},"content":{"rendered":"<h2>Inchimica, \u00d6ZEL MARKALAR i\u00e7in 2 bile\u015fenli poli\u00fcretan yap\u0131\u015ft\u0131r\u0131c\u0131lar ve re\u00e7inelerin form\u00fclasyonu, \u00fcretimi ve dolumu \u00fczerine odaklanm\u0131\u015ft\u0131r.<\/h2>\n<p>\u00dcr\u00fcn sistemimizin a\u015f\u0131r\u0131 esnekli\u011fi, Inchimica&#8217;n\u0131n \u00f6zel form\u00fclasyondan \u00f6zelle\u015ftirilmi\u015f etiketlere ve ambalajlara kadar, k\u00fc\u00e7\u00fck batch&#8217;lerde ki\u015fiye \u00f6zel yap\u0131\u015ft\u0131r\u0131c\u0131lar ve re\u00e7ineler \u00fcretmesini sa\u011flar.<\/p>\n<p>Inchimica, piyasada bulunan t\u00fcm standart boyutlarda paketlenmi\u015f yap\u0131\u015ft\u0131r\u0131c\u0131lar ve re\u00e7inieler sunabilmektedir. D\u00fcnya genelinde y\u00fczlerce farkl\u0131 \u00f6zelle\u015ftirilmi\u015f etiket m\u00fc\u015fterisiyle \u00e7al\u0131\u015fan Inchimica, tedarik etti\u011fi \u00fcr\u00fcnlerde her zaman en y\u00fcksek koruma ve gizlili\u011fi garanti etmektedir.<\/p>\n<p>&nbsp;<\/p>\n<p><img fetchpriority=\"high\" decoding=\"async\" class=\"alignnone size-large wp-image-702\" src=\"http:\/\/www.inchimica.net\/wp-content\/uploads\/Inchimica-Foto-prodotti-Private-Label-copia-2048x847-1-1024x440.jpg\" alt=\"\" width=\"1024\" height=\"440\" srcset=\"https:\/\/www.inchimica.net\/wp-content\/uploads\/Inchimica-Foto-prodotti-Private-Label-copia-2048x847-1-1024x440.jpg 1024w, https:\/\/www.inchimica.net\/wp-content\/uploads\/Inchimica-Foto-prodotti-Private-Label-copia-2048x847-1-300x129.jpg 300w, https:\/\/www.inchimica.net\/wp-content\/uploads\/Inchimica-Foto-prodotti-Private-Label-copia-2048x847-1-768x330.jpg 768w, https:\/\/www.inchimica.net\/wp-content\/uploads\/Inchimica-Foto-prodotti-Private-Label-copia-2048x847-1-1536x660.jpg 1536w, https:\/\/www.inchimica.net\/wp-content\/uploads\/Inchimica-Foto-prodotti-Private-Label-copia-2048x847-1-600x258.jpg 600w, https:\/\/www.inchimica.net\/wp-content\/uploads\/Inchimica-Foto-prodotti-Private-Label-copia-2048x847-1.jpg 1600w\" sizes=\"(max-width: 1024px) 100vw, 1024px\" \/><\/p>\n<p>&nbsp;<\/p>\n","protected":false},"excerpt":{"rendered":"<p>Inchimica, \u00d6ZEL MARKALAR i\u00e7in 2 bile\u015fenli poli\u00fcretan yap\u0131\u015ft\u0131r\u0131c\u0131lar ve re\u00e7inelerin form\u00fclasyonu, \u00fcretimi ve dolumu \u00fczerine odaklanm\u0131\u015ft\u0131r. \u00dcr\u00fcn sistemimizin a\u015f\u0131r\u0131 esnekli\u011fi, Inchimica&#8217;n\u0131n \u00f6zel form\u00fclasyondan \u00f6zelle\u015ftirilmi\u015f etiketlere ve ambalajlara kadar, k\u00fc\u00e7\u00fck batch&#8217;lerde ki\u015fiye \u00f6zel yap\u0131\u015ft\u0131r\u0131c\u0131lar ve re\u00e7ineler \u00fcretmesini sa\u011flar. Inchimica, piyasada bulunan t\u00fcm standart boyutlarda paketlenmi\u015f yap\u0131\u015ft\u0131r\u0131c\u0131lar ve re\u00e7inieler sunabilmektedir. D\u00fcnya genelinde y\u00fczlerce farkl\u0131 \u00f6zelle\u015ftirilmi\u015f etiket m\u00fc\u015fterisiyle &#8230; <a title=\"\u00d6zel etiket\" class=\"read-more\" href=\"https:\/\/www.inchimica.net\/tr\/ozel-etiket\/\" aria-label=\"Read more about \u00d6zel etiket\">Devam\u0131n\u0131 oku<\/a><\/p>\n","protected":false},"author":1,"featured_media":0,"parent":0,"menu_order":0,"comment_status":"closed","ping_status":"closed","template":"","meta":{"_acf_changed":false,"inline_featured_image":false,"footnotes":""},"class_list":["post-1613","page","type-page","status-publish"],"acf":[],"yoast_head":"<!-- This site is optimized with the Yoast SEO plugin v27.4 - https:\/\/yoast.com\/product\/yoast-seo-wordpress\/ -->\n<title>\u00d6zel etiket - INCHIMICA<\/title>\n<meta name=\"robots\" content=\"index, follow, max-snippet:-1, max-image-preview:large, max-video-preview:-1\" \/>\n<link rel=\"canonical\" href=\"https:\/\/www.inchimica.net\/tr\/ozel-etiket\/\" \/>\n<meta property=\"og:locale\" content=\"tr_TR\" \/>\n<meta property=\"og:type\" content=\"article\" \/>\n<meta property=\"og:title\" content=\"\u00d6zel etiket - INCHIMICA\" \/>\n<meta property=\"og:description\" content=\"Inchimica, \u00d6ZEL MARKALAR i\u00e7in 2 bile\u015fenli poli\u00fcretan yap\u0131\u015ft\u0131r\u0131c\u0131lar ve re\u00e7inelerin form\u00fclasyonu, \u00fcretimi ve dolumu \u00fczerine odaklanm\u0131\u015ft\u0131r. \u00dcr\u00fcn sistemimizin a\u015f\u0131r\u0131 esnekli\u011fi, Inchimica&#8217;n\u0131n \u00f6zel form\u00fclasyondan \u00f6zelle\u015ftirilmi\u015f etiketlere ve ambalajlara kadar, k\u00fc\u00e7\u00fck batch&#8217;lerde ki\u015fiye \u00f6zel yap\u0131\u015ft\u0131r\u0131c\u0131lar ve re\u00e7ineler \u00fcretmesini sa\u011flar. Inchimica, piyasada bulunan t\u00fcm standart boyutlarda paketlenmi\u015f yap\u0131\u015ft\u0131r\u0131c\u0131lar ve re\u00e7inieler sunabilmektedir. D\u00fcnya genelinde y\u00fczlerce farkl\u0131 \u00f6zelle\u015ftirilmi\u015f etiket m\u00fc\u015fterisiyle ... Devam\u0131n\u0131 oku\" \/>\n<meta property=\"og:url\" content=\"https:\/\/www.inchimica.net\/tr\/ozel-etiket\/\" \/>\n<meta property=\"og:site_name\" content=\"INCHIMICA\" \/>\n<meta property=\"og:image\" content=\"https:\/\/www.inchimica.net\/wp-content\/uploads\/Inchimica-Foto-prodotti-Private-Label-copia-2048x847-1.jpg\" \/>\n\t<meta property=\"og:image:width\" content=\"1600\" \/>\n\t<meta property=\"og:image:height\" content=\"687\" \/>\n\t<meta property=\"og:image:type\" content=\"image\/jpeg\" \/>\n<meta name=\"twitter:card\" content=\"summary_large_image\" \/>\n<meta name=\"twitter:label1\" content=\"Tahmini okuma s\u00fcresi\" \/>\n\t<meta name=\"twitter:data1\" content=\"1 dakika\" \/>\n<script type=\"application\/ld+json\" class=\"yoast-schema-graph\">{\"@context\":\"https:\\\/\\\/schema.org\",\"@graph\":[{\"@type\":\"WebPage\",\"@id\":\"https:\\\/\\\/www.inchimica.net\\\/tr\\\/ozel-etiket\\\/\",\"url\":\"https:\\\/\\\/www.inchimica.net\\\/tr\\\/ozel-etiket\\\/\",\"name\":\"\u00d6zel etiket - INCHIMICA\",\"isPartOf\":{\"@id\":\"https:\\\/\\\/www.inchimica.net\\\/tr\\\/#website\"},\"primaryImageOfPage\":{\"@id\":\"https:\\\/\\\/www.inchimica.net\\\/tr\\\/ozel-etiket\\\/#primaryimage\"},\"image\":{\"@id\":\"https:\\\/\\\/www.inchimica.net\\\/tr\\\/ozel-etiket\\\/#primaryimage\"},\"thumbnailUrl\":\"http:\\\/\\\/www.inchimica.net\\\/wp-content\\\/uploads\\\/Inchimica-Foto-prodotti-Private-Label-copia-2048x847-1-1024x440.jpg\",\"datePublished\":\"2025-03-25T13:48:05+00:00\",\"breadcrumb\":{\"@id\":\"https:\\\/\\\/www.inchimica.net\\\/tr\\\/ozel-etiket\\\/#breadcrumb\"},\"inLanguage\":\"tr\",\"potentialAction\":[{\"@type\":\"ReadAction\",\"target\":[\"https:\\\/\\\/www.inchimica.net\\\/tr\\\/ozel-etiket\\\/\"]}]},{\"@type\":\"ImageObject\",\"inLanguage\":\"tr\",\"@id\":\"https:\\\/\\\/www.inchimica.net\\\/tr\\\/ozel-etiket\\\/#primaryimage\",\"url\":\"http:\\\/\\\/www.inchimica.net\\\/wp-content\\\/uploads\\\/Inchimica-Foto-prodotti-Private-Label-copia-2048x847-1-1024x440.jpg\",\"contentUrl\":\"http:\\\/\\\/www.inchimica.net\\\/wp-content\\\/uploads\\\/Inchimica-Foto-prodotti-Private-Label-copia-2048x847-1-1024x440.jpg\"},{\"@type\":\"BreadcrumbList\",\"@id\":\"https:\\\/\\\/www.inchimica.net\\\/tr\\\/ozel-etiket\\\/#breadcrumb\",\"itemListElement\":[{\"@type\":\"ListItem\",\"position\":1,\"name\":\"Home\",\"item\":\"https:\\\/\\\/www.inchimica.net\\\/tr\\\/home\\\/\"},{\"@type\":\"ListItem\",\"position\":2,\"name\":\"\u00d6zel etiket\"}]},{\"@type\":\"WebSite\",\"@id\":\"https:\\\/\\\/www.inchimica.net\\\/tr\\\/#website\",\"url\":\"https:\\\/\\\/www.inchimica.net\\\/tr\\\/\",\"name\":\"INCHIMICA\",\"description\":\"Bonding and veterinary solutions\",\"publisher\":{\"@id\":\"https:\\\/\\\/www.inchimica.net\\\/tr\\\/#organization\"},\"potentialAction\":[{\"@type\":\"SearchAction\",\"target\":{\"@type\":\"EntryPoint\",\"urlTemplate\":\"https:\\\/\\\/www.inchimica.net\\\/tr\\\/?s={search_term_string}\"},\"query-input\":{\"@type\":\"PropertyValueSpecification\",\"valueRequired\":true,\"valueName\":\"search_term_string\"}}],\"inLanguage\":\"tr\"},{\"@type\":\"Organization\",\"@id\":\"https:\\\/\\\/www.inchimica.net\\\/tr\\\/#organization\",\"name\":\"INCHIMICA\",\"url\":\"https:\\\/\\\/www.inchimica.net\\\/tr\\\/\",\"logo\":{\"@type\":\"ImageObject\",\"inLanguage\":\"tr\",\"@id\":\"https:\\\/\\\/www.inchimica.net\\\/tr\\\/#\\\/schema\\\/logo\\\/image\\\/\",\"url\":\"https:\\\/\\\/www.inchimica.net\\\/wp-content\\\/uploads\\\/Raggruppa-287.svg\",\"contentUrl\":\"https:\\\/\\\/www.inchimica.net\\\/wp-content\\\/uploads\\\/Raggruppa-287.svg\",\"width\":1017,\"height\":257,\"caption\":\"INCHIMICA\"},\"image\":{\"@id\":\"https:\\\/\\\/www.inchimica.net\\\/tr\\\/#\\\/schema\\\/logo\\\/image\\\/\"}}]}<\/script>\n<!-- \/ Yoast SEO plugin. -->","yoast_head_json":{"title":"\u00d6zel etiket - INCHIMICA","robots":{"index":"index","follow":"follow","max-snippet":"max-snippet:-1","max-image-preview":"max-image-preview:large","max-video-preview":"max-video-preview:-1"},"canonical":"https:\/\/www.inchimica.net\/tr\/ozel-etiket\/","og_locale":"tr_TR","og_type":"article","og_title":"\u00d6zel etiket - INCHIMICA","og_description":"Inchimica, \u00d6ZEL MARKALAR i\u00e7in 2 bile\u015fenli poli\u00fcretan yap\u0131\u015ft\u0131r\u0131c\u0131lar ve re\u00e7inelerin form\u00fclasyonu, \u00fcretimi ve dolumu \u00fczerine odaklanm\u0131\u015ft\u0131r. \u00dcr\u00fcn sistemimizin a\u015f\u0131r\u0131 esnekli\u011fi, Inchimica&#8217;n\u0131n \u00f6zel form\u00fclasyondan \u00f6zelle\u015ftirilmi\u015f etiketlere ve ambalajlara kadar, k\u00fc\u00e7\u00fck batch&#8217;lerde ki\u015fiye \u00f6zel yap\u0131\u015ft\u0131r\u0131c\u0131lar ve re\u00e7ineler \u00fcretmesini sa\u011flar. Inchimica, piyasada bulunan t\u00fcm standart boyutlarda paketlenmi\u015f yap\u0131\u015ft\u0131r\u0131c\u0131lar ve re\u00e7inieler sunabilmektedir. D\u00fcnya genelinde y\u00fczlerce farkl\u0131 \u00f6zelle\u015ftirilmi\u015f etiket m\u00fc\u015fterisiyle ... Devam\u0131n\u0131 oku","og_url":"https:\/\/www.inchimica.net\/tr\/ozel-etiket\/","og_site_name":"INCHIMICA","og_image":[{"width":1600,"height":687,"url":"https:\/\/www.inchimica.net\/wp-content\/uploads\/Inchimica-Foto-prodotti-Private-Label-copia-2048x847-1.jpg","type":"image\/jpeg"}],"twitter_card":"summary_large_image","twitter_misc":{"Tahmini okuma s\u00fcresi":"1 dakika"},"schema":{"@context":"https:\/\/schema.org","@graph":[{"@type":"WebPage","@id":"https:\/\/www.inchimica.net\/tr\/ozel-etiket\/","url":"https:\/\/www.inchimica.net\/tr\/ozel-etiket\/","name":"\u00d6zel etiket - INCHIMICA","isPartOf":{"@id":"https:\/\/www.inchimica.net\/tr\/#website"},"primaryImageOfPage":{"@id":"https:\/\/www.inchimica.net\/tr\/ozel-etiket\/#primaryimage"},"image":{"@id":"https:\/\/www.inchimica.net\/tr\/ozel-etiket\/#primaryimage"},"thumbnailUrl":"http:\/\/www.inchimica.net\/wp-content\/uploads\/Inchimica-Foto-prodotti-Private-Label-copia-2048x847-1-1024x440.jpg","datePublished":"2025-03-25T13:48:05+00:00","breadcrumb":{"@id":"https:\/\/www.inchimica.net\/tr\/ozel-etiket\/#breadcrumb"},"inLanguage":"tr","potentialAction":[{"@type":"ReadAction","target":["https:\/\/www.inchimica.net\/tr\/ozel-etiket\/"]}]},{"@type":"ImageObject","inLanguage":"tr","@id":"https:\/\/www.inchimica.net\/tr\/ozel-etiket\/#primaryimage","url":"http:\/\/www.inchimica.net\/wp-content\/uploads\/Inchimica-Foto-prodotti-Private-Label-copia-2048x847-1-1024x440.jpg","contentUrl":"http:\/\/www.inchimica.net\/wp-content\/uploads\/Inchimica-Foto-prodotti-Private-Label-copia-2048x847-1-1024x440.jpg"},{"@type":"BreadcrumbList","@id":"https:\/\/www.inchimica.net\/tr\/ozel-etiket\/#breadcrumb","itemListElement":[{"@type":"ListItem","position":1,"name":"Home","item":"https:\/\/www.inchimica.net\/tr\/home\/"},{"@type":"ListItem","position":2,"name":"\u00d6zel etiket"}]},{"@type":"WebSite","@id":"https:\/\/www.inchimica.net\/tr\/#website","url":"https:\/\/www.inchimica.net\/tr\/","name":"INCHIMICA","description":"Bonding and veterinary solutions","publisher":{"@id":"https:\/\/www.inchimica.net\/tr\/#organization"},"potentialAction":[{"@type":"SearchAction","target":{"@type":"EntryPoint","urlTemplate":"https:\/\/www.inchimica.net\/tr\/?s={search_term_string}"},"query-input":{"@type":"PropertyValueSpecification","valueRequired":true,"valueName":"search_term_string"}}],"inLanguage":"tr"},{"@type":"Organization","@id":"https:\/\/www.inchimica.net\/tr\/#organization","name":"INCHIMICA","url":"https:\/\/www.inchimica.net\/tr\/","logo":{"@type":"ImageObject","inLanguage":"tr","@id":"https:\/\/www.inchimica.net\/tr\/#\/schema\/logo\/image\/","url":"https:\/\/www.inchimica.net\/wp-content\/uploads\/Raggruppa-287.svg","contentUrl":"https:\/\/www.inchimica.net\/wp-content\/uploads\/Raggruppa-287.svg","width":1017,"height":257,"caption":"INCHIMICA"},"image":{"@id":"https:\/\/www.inchimica.net\/tr\/#\/schema\/logo\/image\/"}}]}},"_links":{"self":[{"href":"https:\/\/www.inchimica.net\/tr\/wp-json\/wp\/v2\/pages\/1613","targetHints":{"allow":["GET"]}}],"collection":[{"href":"https:\/\/www.inchimica.net\/tr\/wp-json\/wp\/v2\/pages"}],"about":[{"href":"https:\/\/www.inchimica.net\/tr\/wp-json\/wp\/v2\/types\/page"}],"author":[{"embeddable":true,"href":"https:\/\/www.inchimica.net\/tr\/wp-json\/wp\/v2\/users\/1"}],"replies":[{"embeddable":true,"href":"https:\/\/www.inchimica.net\/tr\/wp-json\/wp\/v2\/comments?post=1613"}],"version-history":[{"count":0,"href":"https:\/\/www.inchimica.net\/tr\/wp-json\/wp\/v2\/pages\/1613\/revisions"}],"wp:attachment":[{"href":"https:\/\/www.inchimica.net\/tr\/wp-json\/wp\/v2\/media?parent=1613"}],"curies":[{"name":"wp","href":"https:\/\/api.w.org\/{rel}","templated":true}]}}